{"id":112,"date":"2016-02-24T10:35:24","date_gmt":"2016-02-24T09:35:24","guid":{"rendered":"http:\/\/habitatconfortplus.com\/?page_id=112"},"modified":"2026-01-26T17:01:50","modified_gmt":"2026-01-26T16:01:50","slug":"cite","status":"publish","type":"page","link":"https:\/\/isolationthermiquedunord.com\/index.php\/financement\/cite\/","title":{"rendered":"Cr\u00e9dit d&rsquo;imp\u00f4ts"},"content":{"rendered":"<div id=\"pl-112\"  class=\"panel-layout\" ><div id=\"pg-112-0\"  class=\"panel-grid panel-has-style\" ><div class=\"siteorigin-panels-stretch panel-row-style panel-row-style-for-112-0\" data-stretch-type=\"full\" ><div id=\"pgc-112-0-0\"  class=\"panel-grid-cell\" ><div id=\"panel-112-0-0-0\" class=\"so-panel widget widget_sow-editor panel-first-child panel-last-child\" data-index=\"0\" ><div class=\"so-widget-sow-editor so-widget-sow-editor-base\">\n<div class=\"siteorigin-widget-tinymce textwidget\">\n\t<p><strong><a href=\"http:\/\/renovation-info-service.gouv.fr\/\"><img decoding=\"async\" loading=\"lazy\" class=\"alignleft size-medium wp-image-538\" src=\"http:\/\/habitatconfortplus.com\/wp-content\/uploads\/2016\/05\/logo-gouv-cite-300x63.png\" alt=\"logo transition \u00e9nerg\u00e9tique\" width=\"300\" height=\"63\" srcset=\"https:\/\/isolationthermiquedunord.com\/wp-content\/uploads\/2016\/05\/logo-gouv-cite-300x63.png 300w, https:\/\/isolationthermiquedunord.com\/wp-content\/uploads\/2016\/05\/logo-gouv-cite.png 380w\" sizes=\"(max-width: 300px) 100vw, 300px\" \/><\/a><a href=\"http:\/\/renovation-info-service.gouv.fr\/\">LE CITE<\/a><\/strong>\u00a0: En 2016, le Cr\u00e9dit d\u2019Imp\u00f4t pour la Transition \u00c9nerg\u00e9tique (CITE) vous permet d\u2019obtenir une r\u00e9duction d\u2019imp\u00f4ts de 30% sur les mat\u00e9riaux + main d\u2019\u0153uvre en ce qui concerne l\u2019isolation des parois donnant sur l\u2019ext\u00e9rieur. Pour b\u00e9n\u00e9ficier de cette r\u00e9duction, il faut respecter les <strong>r\u00e9sistances thermiques (R<\/strong>) suivantes. Vous pouvez b\u00e9n\u00e9ficier de cette r\u00e9duction m\u00eame si vous n\u2019\u00eates pas imposable ou si votre imp\u00f4t est inf\u00e9rieur au montant de la r\u00e9duction\u00a0; l\u2019Etat vous verse le montant qui vous est d\u00fb.<\/p>\n<h5>Conditions d'obtention<\/h5>\n<p>Afin que vous puissiez b\u00e9n\u00e9ficier du cr\u00e9dit d\u2019imp\u00f4ts, nous posons les \u00e9paisseurs correspondant \u00e0 la r\u00e9sistance thermique\u00a0 conseill\u00e9e par le code des imp\u00f4ts\u00a0:<\/p>\n<p><strong>P<\/strong><strong>our les<\/strong> <strong>murs donnant sur l'ext\u00e9rieur en fa\u00e7ade ou pignon<\/strong>, cette r\u00e9sistance thermique est de\u00a0<strong>R=3,7<\/strong>, ce qui correspond \u00e0 une \u00e9paisseur d'environ 14 centim\u00e8tres (selon le type d\u2019isolant).<\/p>\n<p><strong>Pour les planchers bas sur sous-sol, sur vide sanitaire ou sur passage ouvert<\/strong>, la r\u00e9sistance thermique est de\u00a0<strong>R=3<\/strong>, ce qui correspond \u00e0 une \u00e9paisseur d'environ 12 centim\u00e8tres\u00a0(selon le type d\u2019isolant).<\/p>\n<p><strong>Pour les combles perdus<\/strong>, cette r\u00e9sistance thermique est de <strong>R=7<\/strong> ce qui correspond \u00e0 une \u00e9paisseur d'environ 28 centim\u00e8tres\u00a0(selon le type d\u2019isolant).<\/p>\n<p><strong>Pour les rampants de toiture<\/strong>, cette r\u00e9sistance thermique est de <strong>R=6<\/strong> ce qui correspond \u00e0 une \u00e9paisseur d'environ 24 centim\u00e8tres\u00a0(selon le type d\u2019isolant).<\/p>\n<p><strong>Pour les toitures terrasse<\/strong>, cette r\u00e9sistance thermique est de <strong>R=4.5<\/strong> ce qui correspond \u00e0 une \u00e9paisseur d'environ 18 centim\u00e8tres\u00a0(selon le type d\u2019isolant).<\/p>\n<p>Le <span style=\"color: #99cc00;\"><strong>+ d'Isolation Thermique du Nord <\/strong><\/span>: Nous vous remettons d\u2019office l\u2019ensemble des \u00e9l\u00e9ments n\u00e9cessaires pour obtenir votre r\u00e9duction d\u2019imp\u00f4ts, les factures qui vous sont remises comportent l'ensemble des mentions requises.<\/p>\n<\/div>\n<\/div><\/div><\/div><div id=\"pgc-112-0-1\"  class=\"panel-grid-cell\" ><div id=\"panel-112-0-1-0\" class=\"so-panel widget widget_sow-button panel-first-child\" data-index=\"1\" ><div class=\"panel-widget-style panel-widget-style-for-112-0-1-0\" ><div class=\"so-widget-sow-button so-widget-sow-button-flat-81aad9103f71\"><div class=\"ow-button-base ow-button-align-center\">\n\t<a href=\"https:\/\/isolationthermiquedunord.com\/index.php\/contact\/\" class=\"ow-icon-placement-left\" target=\"_blank\" rel=\"noopener noreferrer\" \t\t>\n\t\t<span>\n\t\t\t\n\t\t\tDemander un devis\t\t<\/span>\n\t<\/a>\n<\/div>\n<\/div><\/div><\/div><div id=\"panel-112-0-1-1\" class=\"so-panel widget widget_sow-image\" data-index=\"2\" ><div class=\"so-widget-sow-image so-widget-sow-image-default-eef982a7180b\">\n\n<div class=\"sow-image-container\">\n<a href=\"http:\/\/www.performance-energetique.lebatiment.fr\/\" target=\"_blank\" rel=\"noopener noreferrer\" >\t<img src=\"https:\/\/isolationthermiquedunord.com\/wp-content\/uploads\/2016\/02\/RGE-e1456930050619.png\" width=\"95\" height=\"51\" sizes=\"(max-width: 95px) 100vw, 95px\" title=\"RGE\" alt=\"Tout savoir sur les Pros de la performance \u00e9nerg\u00e9tique\" \t\tclass=\"so-widget-image\"\/>\n<\/a><\/div>\n\n<\/div><\/div><div id=\"panel-112-0-1-2\" class=\"so-panel widget widget_sow-image panel-last-child\" data-index=\"3\" ><div class=\"so-widget-sow-image so-widget-sow-image-default-642c5433d908\">\n\n<div class=\"sow-image-container\">\n<a href=\"http:\/\/renovation-info-service.gouv.fr\/\" target=\"_blank\" rel=\"noopener noreferrer\" >\t<img src=\"https:\/\/isolationthermiquedunord.com\/wp-content\/uploads\/2016\/03\/Pros.png\" width=\"107\" height=\"70\" sizes=\"(max-width: 107px) 100vw, 107px\" alt=\"Acc\u00e8s au site Les Pros de la performance \u00e9nerg\u00e9tique\" \t\tclass=\"so-widget-image\"\/>\n<\/a><\/div>\n\n<\/div><\/div><\/div><\/div><\/div><\/div>","protected":false},"excerpt":{"rendered":"<p>LE CITE\u00a0: En 2016, le Cr\u00e9dit d\u2019Imp\u00f4t pour la Transition \u00c9nerg\u00e9tique (CITE) vous permet d\u2019obtenir une r\u00e9duction d\u2019imp\u00f4ts de 30% sur les mat\u00e9riaux + main d\u2019\u0153uvre en ce qui concerne l\u2019isolation des parois donnant sur l\u2019ext\u00e9rieur. Pour b\u00e9n\u00e9ficier de cette r\u00e9duction, il faut respecter les r\u00e9sistances thermiques (R) suivantes. Vous pouvez b\u00e9n\u00e9ficier de cette r\u00e9duction [&hellip;]<\/p>\n","protected":false},"author":1,"featured_media":0,"parent":110,"menu_order":1,"comment_status":"closed","ping_status":"closed","template":"page-templates\/full-width.php","meta":[],"_links":{"self":[{"href":"https:\/\/isolationthermiquedunord.com\/index.php\/wp-json\/wp\/v2\/pages\/112"}],"collection":[{"href":"https:\/\/isolationthermiquedunord.com\/index.php\/wp-json\/wp\/v2\/pages"}],"about":[{"href":"https:\/\/isolationthermiquedunord.com\/index.php\/wp-json\/wp\/v2\/types\/page"}],"author":[{"embeddable":true,"href":"https:\/\/isolationthermiquedunord.com\/index.php\/wp-json\/wp\/v2\/users\/1"}],"replies":[{"embeddable":true,"href":"https:\/\/isolationthermiquedunord.com\/index.php\/wp-json\/wp\/v2\/comments?post=112"}],"version-history":[{"count":14,"href":"https:\/\/isolationthermiquedunord.com\/index.php\/wp-json\/wp\/v2\/pages\/112\/revisions"}],"predecessor-version":[{"id":1015,"href":"https:\/\/isolationthermiquedunord.com\/index.php\/wp-json\/wp\/v2\/pages\/112\/revisions\/1015"}],"up":[{"embeddable":true,"href":"https:\/\/isolationthermiquedunord.com\/index.php\/wp-json\/wp\/v2\/pages\/110"}],"wp:attachment":[{"href":"https:\/\/isolationthermiquedunord.com\/index.php\/wp-json\/wp\/v2\/media?parent=112"}],"curies":[{"name":"wp","href":"https:\/\/api.w.org\/{rel}","templated":true}]}}