{"id":114,"date":"2016-02-24T10:37:23","date_gmt":"2016-02-24T09:37:23","guid":{"rendered":"http:\/\/habitatconfortplus.com\/?page_id=114"},"modified":"2018-02-16T18:16:32","modified_gmt":"2018-02-16T17:16:32","slug":"cee","status":"publish","type":"page","link":"https:\/\/isolationthermiquedunord.com\/index.php\/financement\/cee\/","title":{"rendered":"Primes \u00e9nergie &#8211; CEE"},"content":{"rendered":"<div id=\"pl-114\"  class=\"panel-layout\" ><div id=\"pg-114-0\"  class=\"panel-grid panel-has-style\" ><div class=\"siteorigin-panels-stretch panel-row-style panel-row-style-for-114-0\" data-stretch-type=\"full\" ><div id=\"pgc-114-0-0\"  class=\"panel-grid-cell\" ><div id=\"panel-114-0-0-0\" class=\"so-panel widget widget_sow-editor panel-first-child panel-last-child\" data-index=\"0\" ><div class=\"so-widget-sow-editor so-widget-sow-editor-base\">\n<div class=\"siteorigin-widget-tinymce textwidget\">\n\t<h4>LES CERTIFICATS D\u2019ECONOMIES D\u2019ENERGIE\u00a0:<\/h4>\n<p><strong>Le principe de la loi POPE<\/strong><\/p>\n<p>Le dispositif des Certificats d'Economies d'Energie (CEE), cr\u00e9\u00e9 par les articles 14 \u00e0 17 de la loi n\u00b0 2005-781 du 13 juillet 2005 de programme fixant les orientations de la politique \u00e9nerg\u00e9tique (loi POPE), constitue l'un des instruments phare de la politique de ma\u00eetrise de la demande \u00e9nerg\u00e9tique.<\/p>\n<p>Ce dispositif repose sur une obligation de r\u00e9alisation d\u2019\u00e9conomies d\u2019\u00e9nergie, impos\u00e9e par les pouvoirs publics, aux vendeurs d\u2019\u00e9nergie appel\u00e9s les \u00ab\u00a0oblig\u00e9s\u00a0\u00bb (\u00e9lectricit\u00e9, gaz, chaleur, froid, fioul domestique et nouvellement les carburants pour automobiles). Ceux-ci sont ainsi incit\u00e9s \u00e0 promouvoir activement l\u2019efficacit\u00e9 \u00e9nerg\u00e9tique aupr\u00e8s de leurs clients\u00a0: m\u00e9nages, collectivit\u00e9s territoriales ou professionnels.<\/p>\n<p><strong>Concr\u00e8tement pour vous...<\/strong><\/p>\n<p>La r\u00e9alisation de travaux d'\u00e9conomies d'\u00e9nergie vous permet d'obtenir le versement d'une somme directement de la part de notre partenaire. Cette somme d\u00e9pend uniquement du type de travaux r\u00e9alis\u00e9s, de l'\u00e9nergie principale qui sert au chauffage de votre logement ; elle est conditionn\u00e9e au respect de normes d'isolation d\u00e9finies et est cumulable avec toutes les autres aides (sauf ANAH).<\/p>\n<p>Le <strong><span style=\"color: #99cc00;\">+ d'Isolation Thermique du Nord<\/span> <\/strong>: Nous avons s\u00e9lectionn\u00e9 un partenaire qui vous garanti une prime cons\u00e9quente. Nous nous chargeons de l\u2019ensemble des d\u00e9marches administratives vous permettant de recevoir votre prime.<\/p>\n<\/div>\n<\/div><\/div><\/div><div id=\"pgc-114-0-1\"  class=\"panel-grid-cell\" ><div id=\"panel-114-0-1-0\" class=\"so-panel widget widget_sow-button panel-first-child\" data-index=\"1\" ><div class=\"panel-widget-style panel-widget-style-for-114-0-1-0\" ><div class=\"so-widget-sow-button so-widget-sow-button-flat-81aad9103f71\"><div class=\"ow-button-base ow-button-align-center\">\n\t<a href=\"https:\/\/isolationthermiquedunord.com\/index.php\/contact\/\" class=\"ow-icon-placement-left\" target=\"_blank\" rel=\"noopener noreferrer\" \t\t>\n\t\t<span>\n\t\t\t\n\t\t\tDemander un devis\t\t<\/span>\n\t<\/a>\n<\/div>\n<\/div><\/div><\/div><div id=\"panel-114-0-1-1\" class=\"so-panel widget widget_sow-image\" data-index=\"2\" ><div class=\"so-widget-sow-image so-widget-sow-image-default-eef982a7180b\">\n\n<div class=\"sow-image-container\">\n<a href=\"http:\/\/www.performance-energetique.lebatiment.fr\/\" target=\"_blank\" rel=\"noopener noreferrer\" >\t<img src=\"https:\/\/isolationthermiquedunord.com\/wp-content\/uploads\/2016\/02\/RGE-e1456930050619.png\" width=\"95\" height=\"51\" sizes=\"(max-width: 95px) 100vw, 95px\" title=\"RGE\" alt=\"Tout savoir sur les Pros de la performance \u00e9nerg\u00e9tique\" \t\tclass=\"so-widget-image\"\/>\n<\/a><\/div>\n\n<\/div><\/div><div id=\"panel-114-0-1-2\" class=\"so-panel widget widget_sow-image panel-last-child\" data-index=\"3\" ><div class=\"so-widget-sow-image so-widget-sow-image-default-642c5433d908\">\n\n<div class=\"sow-image-container\">\n<a href=\"http:\/\/renovation-info-service.gouv.fr\/\" target=\"_blank\" rel=\"noopener noreferrer\" >\t<img src=\"https:\/\/isolationthermiquedunord.com\/wp-content\/uploads\/2016\/03\/Pros.png\" width=\"107\" height=\"70\" sizes=\"(max-width: 107px) 100vw, 107px\" alt=\"Acc\u00e8s au site Les Pros de la performance \u00e9nerg\u00e9tique\" \t\tclass=\"so-widget-image\"\/>\n<\/a><\/div>\n\n<\/div><\/div><\/div><\/div><\/div><\/div>","protected":false},"excerpt":{"rendered":"<p>LES CERTIFICATS D\u2019ECONOMIES D\u2019ENERGIE\u00a0: Le principe de la loi POPE Le dispositif des Certificats d&rsquo;Economies d&rsquo;Energie (CEE), cr\u00e9\u00e9 par les articles 14 \u00e0 17 de la loi n\u00b0 2005-781 du 13 juillet 2005 de programme fixant les orientations de la politique \u00e9nerg\u00e9tique (loi POPE), constitue l&rsquo;un des instruments phare de la politique de ma\u00eetrise de [&hellip;]<\/p>\n","protected":false},"author":1,"featured_media":0,"parent":110,"menu_order":2,"comment_status":"closed","ping_status":"closed","template":"page-templates\/full-width.php","meta":[],"_links":{"self":[{"href":"https:\/\/isolationthermiquedunord.com\/index.php\/wp-json\/wp\/v2\/pages\/114"}],"collection":[{"href":"https:\/\/isolationthermiquedunord.com\/index.php\/wp-json\/wp\/v2\/pages"}],"about":[{"href":"https:\/\/isolationthermiquedunord.com\/index.php\/wp-json\/wp\/v2\/types\/page"}],"author":[{"embeddable":true,"href":"https:\/\/isolationthermiquedunord.com\/index.php\/wp-json\/wp\/v2\/users\/1"}],"replies":[{"embeddable":true,"href":"https:\/\/isolationthermiquedunord.com\/index.php\/wp-json\/wp\/v2\/comments?post=114"}],"version-history":[{"count":12,"href":"https:\/\/isolationthermiquedunord.com\/index.php\/wp-json\/wp\/v2\/pages\/114\/revisions"}],"predecessor-version":[{"id":928,"href":"https:\/\/isolationthermiquedunord.com\/index.php\/wp-json\/wp\/v2\/pages\/114\/revisions\/928"}],"up":[{"embeddable":true,"href":"https:\/\/isolationthermiquedunord.com\/index.php\/wp-json\/wp\/v2\/pages\/110"}],"wp:attachment":[{"href":"https:\/\/isolationthermiquedunord.com\/index.php\/wp-json\/wp\/v2\/media?parent=114"}],"curies":[{"name":"wp","href":"https:\/\/api.w.org\/{rel}","templated":true}]}}