{"id":117,"date":"2016-02-24T10:39:31","date_gmt":"2016-02-24T09:39:31","guid":{"rendered":"http:\/\/habitatconfortplus.com\/?page_id=117"},"modified":"2016-05-24T08:57:46","modified_gmt":"2016-05-24T07:57:46","slug":"tva-a-taux-reduit","status":"publish","type":"page","link":"https:\/\/isolationthermiquedunord.com\/index.php\/financement\/tva-a-taux-reduit\/","title":{"rendered":"La TVA \u00e0 taux r\u00e9duit"},"content":{"rendered":"<div id=\"pl-117\"  class=\"panel-layout\" ><div id=\"pg-117-0\"  class=\"panel-grid panel-has-style\" ><div class=\"siteorigin-panels-stretch panel-row-style panel-row-style-for-117-0\" data-stretch-type=\"full\" ><div id=\"pgc-117-0-0\"  class=\"panel-grid-cell\" ><div id=\"panel-117-0-0-0\" class=\"so-panel widget widget_sow-editor panel-first-child panel-last-child\" data-index=\"0\" ><div class=\"so-widget-sow-editor so-widget-sow-editor-base\">\n<div class=\"siteorigin-widget-tinymce textwidget\">\n\t<p>Si votre logement est achev\u00e9 depuis plus de 2 ans et que vous respectez les <a href=\"http:\/\/habitatconfortplus.com\/index.php\/financement\/cite\/\" target=\"_blank\">r\u00e9sistances thermiques<\/a> recommand\u00e9es par le code des imp\u00f4ts alors vos travaux de r\u00e9novation \u00e9nerg\u00e9tique b\u00e9n\u00e9ficieront d\u2019un taux r\u00e9duit de TVA \u00e0 5.5%. Les autres travaux li\u00e9s \u00e0 la r\u00e9novation \u00e9nerg\u00e9tiques b\u00e9n\u00e9ficient de la TVA \u00e0 10%.<\/p>\n<\/div>\n<\/div><\/div><\/div><div id=\"pgc-117-0-1\"  class=\"panel-grid-cell\" ><div id=\"panel-117-0-1-0\" class=\"so-panel widget widget_sow-button panel-first-child\" data-index=\"1\" ><div class=\"panel-widget-style panel-widget-style-for-117-0-1-0\" ><div class=\"so-widget-sow-button so-widget-sow-button-flat-81aad9103f71\"><div class=\"ow-button-base ow-button-align-center\">\n\t<a href=\"https:\/\/isolationthermiquedunord.com\/index.php\/contact\/\" class=\"ow-icon-placement-left ow-button-hover\" target=\"_blank\" rel=\"noopener noreferrer\" title=\"Demande de devis\" \t\t>\n\t\t<span>\n\t\t\t\n\t\t\tDemander un devis\t\t<\/span>\n\t<\/a>\n<\/div>\n<\/div><\/div><\/div><div id=\"panel-117-0-1-1\" class=\"so-panel widget widget_sow-image\" data-index=\"2\" ><div class=\"so-widget-sow-image so-widget-sow-image-default-eef982a7180b\">\n\n<div class=\"sow-image-container\">\n<a href=\"http:\/\/www.performance-energetique.lebatiment.fr\/\" target=\"_blank\" rel=\"noopener noreferrer\" >\t<img src=\"https:\/\/isolationthermiquedunord.com\/wp-content\/uploads\/2016\/02\/RGE-e1456930050619.png\" width=\"95\" height=\"51\" sizes=\"(max-width: 95px) 100vw, 95px\" title=\"RGE\" alt=\"Tout savoir sur les Pros de la performance \u00e9nerg\u00e9tique\" \t\tclass=\"so-widget-image\"\/>\n<\/a><\/div>\n\n<\/div><\/div><div id=\"panel-117-0-1-2\" class=\"so-panel widget widget_sow-image panel-last-child\" data-index=\"3\" ><div class=\"so-widget-sow-image so-widget-sow-image-default-642c5433d908\">\n\n<div class=\"sow-image-container\">\n<a href=\"http:\/\/renovation-info-service.gouv.fr\/\" target=\"_blank\" rel=\"noopener noreferrer\" >\t<img src=\"https:\/\/isolationthermiquedunord.com\/wp-content\/uploads\/2016\/03\/Pros.png\" width=\"107\" height=\"70\" sizes=\"(max-width: 107px) 100vw, 107px\" alt=\"Acc\u00e8s au site Les Pros de la performance \u00e9nerg\u00e9tique\" \t\tclass=\"so-widget-image\"\/>\n<\/a><\/div>\n\n<\/div><\/div><\/div><\/div><\/div><\/div>","protected":false},"excerpt":{"rendered":"<p>Si votre logement est achev\u00e9 depuis plus de 2 ans et que vous respectez les r\u00e9sistances thermiques recommand\u00e9es par le code des imp\u00f4ts alors vos travaux de r\u00e9novation \u00e9nerg\u00e9tique b\u00e9n\u00e9ficieront d\u2019un taux r\u00e9duit de TVA \u00e0 5.5%. Les autres travaux li\u00e9s \u00e0 la r\u00e9novation \u00e9nerg\u00e9tiques b\u00e9n\u00e9ficient de la TVA \u00e0 10%. Demander un devis<\/p>\n","protected":false},"author":1,"featured_media":0,"parent":110,"menu_order":3,"comment_status":"closed","ping_status":"closed","template":"page-templates\/full-width.php","meta":[],"_links":{"self":[{"href":"https:\/\/isolationthermiquedunord.com\/index.php\/wp-json\/wp\/v2\/pages\/117"}],"collection":[{"href":"https:\/\/isolationthermiquedunord.com\/index.php\/wp-json\/wp\/v2\/pages"}],"about":[{"href":"https:\/\/isolationthermiquedunord.com\/index.php\/wp-json\/wp\/v2\/types\/page"}],"author":[{"embeddable":true,"href":"https:\/\/isolationthermiquedunord.com\/index.php\/wp-json\/wp\/v2\/users\/1"}],"replies":[{"embeddable":true,"href":"https:\/\/isolationthermiquedunord.com\/index.php\/wp-json\/wp\/v2\/comments?post=117"}],"version-history":[{"count":11,"href":"https:\/\/isolationthermiquedunord.com\/index.php\/wp-json\/wp\/v2\/pages\/117\/revisions"}],"predecessor-version":[{"id":256,"href":"https:\/\/isolationthermiquedunord.com\/index.php\/wp-json\/wp\/v2\/pages\/117\/revisions\/256"}],"up":[{"embeddable":true,"href":"https:\/\/isolationthermiquedunord.com\/index.php\/wp-json\/wp\/v2\/pages\/110"}],"wp:attachment":[{"href":"https:\/\/isolationthermiquedunord.com\/index.php\/wp-json\/wp\/v2\/media?parent=117"}],"curies":[{"name":"wp","href":"https:\/\/api.w.org\/{rel}","templated":true}]}}