{"id":12,"date":"2016-02-07T19:25:04","date_gmt":"2016-02-07T18:25:04","guid":{"rendered":"http:\/\/habitatconfortplus.com\/?page_id=12"},"modified":"2018-02-18T17:42:54","modified_gmt":"2018-02-18T16:42:54","slug":"les-deperditions","status":"publish","type":"page","link":"https:\/\/isolationthermiquedunord.com\/index.php\/page-dacceuil\/comprendre\/les-deperditions\/","title":{"rendered":"Les d\u00e9perditions"},"content":{"rendered":"<div id=\"pl-12\"  class=\"panel-layout\" ><div id=\"pg-12-0\"  class=\"panel-grid panel-no-style\" ><div id=\"pgc-12-0-0\"  class=\"panel-grid-cell\" ><div id=\"panel-12-0-0-0\" class=\"so-panel widget widget_sow-editor panel-first-child panel-last-child\" data-index=\"0\" ><div class=\"so-widget-sow-editor so-widget-sow-editor-base\">\n<div class=\"siteorigin-widget-tinymce textwidget\">\n\t<p>Les parois d\u2019un b<img decoding=\"async\" loading=\"lazy\" class=\"size-full wp-image-56 alignleft\" src=\"http:\/\/habitatconfortplus.com\/wp-content\/uploads\/2016\/02\/Image-d\u00e9perditions.png\" alt=\"Image d\u00e9perditions\" width=\"295\" height=\"264\" \/>\u00e2timent sont une interface entre un climat ext\u00e9rieur, fluctuant selon la saison et l\u2019heure de la journ\u00e9e et une ambiance int\u00e9rieure que l\u2019on souhaite \u00e0 chaque instant la plus proche possible des conditions de confort.<\/p>\n<p>Le r\u00f4le de l\u2019isolation thermique est de s\u2019opposer au passage des flux de chaleur qui tendent \u00e0 traverser la paroi, de l\u2019ambiance la plus chaude vers la plus froide. En hiver, ce mouvement va de l\u2019int\u00e9rieur vers l\u2019ext\u00e9rieur et en \u00e9t\u00e9, c\u2019est la chaleur ext\u00e9rieure qui essaie de rentrer dans le logement. En r\u00e9sum\u00e9, l\u2019isolation sert aussi bien en hiver qu\u2019en \u00e9t\u00e9. Tous ces transferts de chaleur sont appel\u00e9s \u00ab\u00a0d\u00e9perditions thermiques\u00a0\u00bb et sont de trois ordres\u00a0:<\/p>\n<h5>Les d\u00e9perditions surfaciques\u00a0:<\/h5>\n<p>Ce sont les d\u00e9perditions \u00e0 travers les parois\u00a0: murs, vitrage et toiture\u00a0; elles repr\u00e9sentent entre 30 et 80% des d\u00e9perditions.<\/p>\n<h5>Les d\u00e9perditions par les ponts thermiques\u00a0:<\/h5>\n<p>Ce sont les points faibles de la construction, tels que les jonctions entre murs et planchers ou les rails m\u00e9talliques d\u2019un doublage d\u2019isolant. Ces fuites peuvent repr\u00e9senter entre 5 et 10% des d\u00e9perditions.<\/p>\n<h5>Les d\u00e9perditions par renouvellement d\u2019air\u00a0:<\/h5>\n<p>Il s\u2019agit des infiltrations non contr\u00f4l\u00e9es (mauvaise \u00e9tanch\u00e9it\u00e9 des menuiseries, discontinuit\u00e9 des membranes frein-vapeur et pare-vapeur) et des fuites par les syst\u00e8mes de ventilation. Ces fuites peuvent repr\u00e9senter entre 20 \u00e0 25% des d\u00e9perditions.<\/p>\n<p><strong><a href=\"http:\/\/isolationthermiquedunord.com\/index.php\/page-dacceuil\/ou-isoler\/\">Lire la suite : O\u00f9 isoler ?<\/a><\/strong><\/p>\n<\/div>\n<\/div><\/div><\/div><div id=\"pgc-12-0-1\"  class=\"panel-grid-cell\" ><div id=\"panel-12-0-1-0\" class=\"so-panel widget widget_sow-button panel-first-child\" data-index=\"1\" ><div class=\"so-widget-sow-button so-widget-sow-button-flat-a45a00366b10\"><div class=\"ow-button-base ow-button-align-center\">\n\t<a href=\"#\" class=\"ow-icon-placement-left\" target=\"_blank\" rel=\"noopener noreferrer\" \t\t>\n\t\t<span>\n\t\t\t\n\t\t\tDemander un devis\t\t<\/span>\n\t<\/a>\n<\/div>\n<\/div><\/div><div id=\"panel-12-0-1-1\" class=\"so-panel widget widget_sow-image\" data-index=\"2\" ><div class=\"so-widget-sow-image so-widget-sow-image-default-eef982a7180b\">\n\n<div class=\"sow-image-container\">\n\t<img src=\"https:\/\/isolationthermiquedunord.com\/wp-content\/uploads\/2016\/02\/RGE-e1456930050619.png\" width=\"95\" height=\"51\" sizes=\"(max-width: 95px) 100vw, 95px\" title=\"RGE\" alt=\"Tout savoir sur la qualification RGE\" \t\tclass=\"so-widget-image\"\/>\n<\/div>\n\n<\/div><\/div><div id=\"panel-12-0-1-2\" class=\"so-panel widget widget_sow-image\" data-index=\"3\" ><div class=\"so-widget-sow-image so-widget-sow-image-default-eef982a7180b\">\n\n<div class=\"sow-image-container\">\n\t<img src=\"https:\/\/isolationthermiquedunord.com\/wp-content\/uploads\/2016\/03\/Pros.png\" width=\"107\" height=\"70\" sizes=\"(max-width: 107px) 100vw, 107px\" \t\tclass=\"so-widget-image\"\/>\n<\/div>\n\n<\/div><\/div><div id=\"panel-12-0-1-3\" class=\"so-panel widget widget_sow-image panel-last-child\" data-index=\"4\" ><div class=\"so-widget-sow-image so-widget-sow-image-default-642c5433d908\">\n\n<div class=\"sow-image-container\">\n<a href=\"http:\/\/www.qualibat.com\/\" target=\"_blank\" rel=\"noopener noreferrer\" >\t<img src=\"https:\/\/isolationthermiquedunord.com\/wp-content\/uploads\/2016\/06\/qualibat-rge3.png\" width=\"90\" height=\"109\" sizes=\"(max-width: 90px) 100vw, 90px\" alt=\"Acc\u00e8s au site Qualibat\" \t\tclass=\"so-widget-image\"\/>\n<\/a><\/div>\n\n<\/div><\/div><\/div><\/div><\/div>","protected":false},"excerpt":{"rendered":"<p>Les parois d\u2019un b\u00e2timent sont une interface entre un climat ext\u00e9rieur, fluctuant selon la saison et l\u2019heure de la journ\u00e9e et une ambiance int\u00e9rieure que l\u2019on souhaite \u00e0 chaque instant la plus proche possible des conditions de confort. Le r\u00f4le de l\u2019isolation thermique est de s\u2019opposer au passage des flux de chaleur qui tendent \u00e0 [&hellip;]<\/p>\n","protected":false},"author":1,"featured_media":0,"parent":699,"menu_order":2,"comment_status":"closed","ping_status":"closed","template":"page-templates\/full-width.php","meta":[],"_links":{"self":[{"href":"https:\/\/isolationthermiquedunord.com\/index.php\/wp-json\/wp\/v2\/pages\/12"}],"collection":[{"href":"https:\/\/isolationthermiquedunord.com\/index.php\/wp-json\/wp\/v2\/pages"}],"about":[{"href":"https:\/\/isolationthermiquedunord.com\/index.php\/wp-json\/wp\/v2\/types\/page"}],"author":[{"embeddable":true,"href":"https:\/\/isolationthermiquedunord.com\/index.php\/wp-json\/wp\/v2\/users\/1"}],"replies":[{"embeddable":true,"href":"https:\/\/isolationthermiquedunord.com\/index.php\/wp-json\/wp\/v2\/comments?post=12"}],"version-history":[{"count":20,"href":"https:\/\/isolationthermiquedunord.com\/index.php\/wp-json\/wp\/v2\/pages\/12\/revisions"}],"predecessor-version":[{"id":940,"href":"https:\/\/isolationthermiquedunord.com\/index.php\/wp-json\/wp\/v2\/pages\/12\/revisions\/940"}],"up":[{"embeddable":true,"href":"https:\/\/isolationthermiquedunord.com\/index.php\/wp-json\/wp\/v2\/pages\/699"}],"wp:attachment":[{"href":"https:\/\/isolationthermiquedunord.com\/index.php\/wp-json\/wp\/v2\/media?parent=12"}],"curies":[{"name":"wp","href":"https:\/\/api.w.org\/{rel}","templated":true}]}}