{"id":124,"date":"2016-03-02T15:08:59","date_gmt":"2016-03-02T14:08:59","guid":{"rendered":"http:\/\/habitatconfortplus.com\/?page_id=124"},"modified":"2018-02-16T18:18:44","modified_gmt":"2018-02-16T17:18:44","slug":"contact","status":"publish","type":"page","link":"https:\/\/isolationthermiquedunord.com\/index.php\/contact\/","title":{"rendered":"CONTACT"},"content":{"rendered":"<div id=\"pl-124\"  class=\"panel-layout\" ><div id=\"pg-124-0\"  class=\"panel-grid panel-no-style\" ><div id=\"pgc-124-0-0\"  class=\"panel-grid-cell\" ><div id=\"panel-124-0-0-0\" class=\"so-panel widget widget_sow-contact-form panel-first-child panel-last-child\" data-index=\"0\" ><div class=\"so-widget-sow-contact-form so-widget-sow-contact-form-default-d2de702578a5\">\t<form action=\"\/index.php\/wp-json\/wp\/v2\/pages\/124#contact-form-b709\"\r\n          method=\"POST\" class=\"sow-contact-form\" id=\"contact-form-b709\">\r\n\r\n\t\t\r\n\t\t            <div class=\"sow-form-field sow-form-field-name\"><label class=\"sow-form-field-label-above\" for=\"sow-contact-form-field-votre-nom-56d708500fb44\"><strong>Votre nom<\/strong><\/label>\r\n\t\t\t<span class=\"sow-field-container\">\t\t<input type=\"text\" name=\"votre-nom-56d708500fb44\" id=\"sow-contact-form-field-votre-nom-56d708500fb44\" value=\"\" class=\"sow-text-field\"\/>\n\t\t<\/span><\/div>            <div class=\"sow-form-field sow-form-field-email\"><label class=\"sow-form-field-label-above\" for=\"sow-contact-form-field-votre-adresse-email-56d708500fb44\"><strong>Votre adresse email<\/strong><\/label>\r\n\t\t\t<span class=\"sow-field-container\">\t\t<input type=\"email\" name=\"votre-adresse-email-56d708500fb44\" id=\"sow-contact-form-field-votre-adresse-email-56d708500fb44\" value=\"\" class=\"sow-text-field\"\/>\n\t\t<\/span><\/div>            <div class=\"sow-form-field sow-form-field-text\"><label class=\"sow-form-field-label-above\" for=\"sow-contact-form-field-votre-numro-de-tlphone-56d708500fb44\"><strong>Votre num\u00e9ro de t\u00e9l\u00e9phone<\/strong><\/label>\r\n\t\t\t<span class=\"sow-field-container\">\t\t<input type=\"text\" name=\"votre-numro-de-tlphone-56d708500fb44\" id=\"sow-contact-form-field-votre-numro-de-tlphone-56d708500fb44\" value=\"\" class=\"sow-text-field\"\/>\n\t\t<\/span><\/div>            <div class=\"sow-form-field sow-form-field-subject\"><label class=\"sow-form-field-label-above\" for=\"sow-contact-form-field-sujet-56d708500fb44\"><strong>Sujet<\/strong><\/label>\r\n\t\t\t<span class=\"sow-field-container\">\t\t<input type=\"text\" name=\"sujet-56d708500fb44\" id=\"sow-contact-form-field-sujet-56d708500fb44\" value=\"\" class=\"sow-text-field\"\/>\n\t\t<\/span><\/div>            <div class=\"sow-form-field sow-form-field-textarea\"><label class=\"sow-form-field-label-above\" for=\"sow-contact-form-field-votre-message-56d708500fb44\"><strong>Votre message<\/strong><\/label>\r\n\t\t\t<span class=\"sow-field-container\">\t\t<textarea name=\"votre-message-56d708500fb44\" id=\"sow-contact-form-field-votre-message-56d708500fb44\" rows=\"10\"><\/textarea>\n\t\t<\/span><\/div>\t\t<input type=\"hidden\" name=\"instance_hash\" value=\"b7097b7eb99180d0c770a2fb4405e61f\" \/>\r\n\t\t<input type=\"hidden\" id=\"_wpnonce\" name=\"_wpnonce\" value=\"b9d2b3ba9c\" \/><input type=\"hidden\" name=\"_wp_http_referer\" value=\"\/index.php\/wp-json\/wp\/v2\/pages\/124\" \/><input type=\"hidden\" id=\"_wpnonce\" name=\"_wpnonce\" value=\"b9d2b3ba9c\" \/><input type=\"hidden\" name=\"_wp_http_referer\" value=\"\/index.php\/wp-json\/wp\/v2\/pages\/124\" \/>\r\n\t\t\r\n\t\t<div class=\"sow-submit-wrapper sow-submit-styled\">\r\n\t\t\t<input type=\"submit\" value=\"Envoyer\" class=\"sow-submit\"\r\n\t\t\t\t   \t\t\t>\r\n\t\t<\/div>\r\n\t<\/form>\r\n\t<\/div><\/div><\/div><\/div><\/div>","protected":false},"excerpt":{"rendered":"<p>Votre nom Votre adresse email Votre num\u00e9ro de t\u00e9l\u00e9phone Sujet Votre message<\/p>\n","protected":false},"author":1,"featured_media":0,"parent":0,"menu_order":5,"comment_status":"closed","ping_status":"closed","template":"page-templates\/full-width.php","meta":[],"_links":{"self":[{"href":"https:\/\/isolationthermiquedunord.com\/index.php\/wp-json\/wp\/v2\/pages\/124"}],"collection":[{"href":"https:\/\/isolationthermiquedunord.com\/index.php\/wp-json\/wp\/v2\/pages"}],"about":[{"href":"https:\/\/isolationthermiquedunord.com\/index.php\/wp-json\/wp\/v2\/types\/page"}],"author":[{"embeddable":true,"href":"https:\/\/isolationthermiquedunord.com\/index.php\/wp-json\/wp\/v2\/users\/1"}],"replies":[{"embeddable":true,"href":"https:\/\/isolationthermiquedunord.com\/index.php\/wp-json\/wp\/v2\/comments?post=124"}],"version-history":[{"count":14,"href":"https:\/\/isolationthermiquedunord.com\/index.php\/wp-json\/wp\/v2\/pages\/124\/revisions"}],"predecessor-version":[{"id":930,"href":"https:\/\/isolationthermiquedunord.com\/index.php\/wp-json\/wp\/v2\/pages\/124\/revisions\/930"}],"wp:attachment":[{"href":"https:\/\/isolationthermiquedunord.com\/index.php\/wp-json\/wp\/v2\/media?parent=124"}],"curies":[{"name":"wp","href":"https:\/\/api.w.org\/{rel}","templated":true}]}}