{"id":222,"date":"2016-03-07T21:28:35","date_gmt":"2016-03-07T20:28:35","guid":{"rendered":"http:\/\/habitatconfortplus.com\/?page_id=222"},"modified":"2018-02-16T18:29:17","modified_gmt":"2018-02-16T17:29:17","slug":"une-question","status":"publish","type":"page","link":"https:\/\/isolationthermiquedunord.com\/index.php\/contact\/une-question\/","title":{"rendered":"Une question"},"content":{"rendered":"<div id=\"pl-222\"  class=\"panel-layout\" ><div id=\"pg-222-0\"  class=\"panel-grid panel-no-style\" ><div id=\"pgc-222-0-0\"  class=\"panel-grid-cell\" ><div id=\"panel-222-0-0-0\" class=\"so-panel widget widget_sow-editor panel-first-child panel-last-child\" data-index=\"0\" ><div class=\"so-widget-sow-editor so-widget-sow-editor-base\"><h3 class=\"widget-title\">Nous contacter<\/h3>\n<div class=\"siteorigin-widget-tinymce textwidget\">\n\t<p style=\"text-align: center;\"><span style=\"color: #000000;\">Pour toute question ou information, n'h\u00e9sitez pas \u00e0 nous contacter.<\/span><\/p>\n<p style=\"text-align: center;\"><span style=\"color: #000000;\">R\u00e9ponse rapide !<\/span><\/p>\n<\/div>\n<\/div><\/div><\/div><\/div><div id=\"pg-222-1\"  class=\"panel-grid panel-no-style\" ><div id=\"pgc-222-1-0\"  class=\"panel-grid-cell panel-grid-cell-empty\" ><\/div><div id=\"pgc-222-1-1\"  class=\"panel-grid-cell\" ><div id=\"panel-222-1-1-0\" class=\"so-panel widget widget_sow-editor panel-first-child\" data-index=\"1\" ><div class=\"so-widget-sow-editor so-widget-sow-editor-base\">\n<div class=\"siteorigin-widget-tinymce textwidget\">\n\t<p><img decoding=\"async\" loading=\"lazy\" class=\"alignleft size-full wp-image-225\" src=\"http:\/\/habitatconfortplus.com\/wp-content\/uploads\/2016\/03\/Logo-tel-e1457383307588.png\" alt=\"Logo tel\" width=\"30\" height=\"30\" \/><span style=\"color: #000000;\">06 38 64 82 21<\/span><\/p>\n<\/div>\n<\/div><\/div><div id=\"panel-222-1-1-1\" class=\"so-panel widget widget_sow-editor panel-last-child\" data-index=\"2\" ><div class=\"so-widget-sow-editor so-widget-sow-editor-base\">\n<div class=\"siteorigin-widget-tinymce textwidget\">\n\t<p style=\"text-align: justify;\"><img decoding=\"async\" loading=\"lazy\" class=\"alignleft size-full wp-image-224\" src=\"http:\/\/habitatconfortplus.com\/wp-content\/uploads\/2016\/03\/logo-email-e1457383346811.png\" alt=\"logo email\" width=\"30\" height=\"30\" \/><span style=\"color: #000000;\">contact@isolationthermiquedunord.com <\/span><\/p>\n<\/div>\n<\/div><\/div><\/div><\/div><\/div>","protected":false},"excerpt":{"rendered":"<p>Nous contacter Pour toute question ou information, n&rsquo;h\u00e9sitez pas \u00e0 nous contacter. R\u00e9ponse rapide ! 06 38 64 82 21 contact@isolationthermiquedunord.com<\/p>\n","protected":false},"author":1,"featured_media":0,"parent":124,"menu_order":0,"comment_status":"closed","ping_status":"closed","template":"home-panels.php","meta":[],"_links":{"self":[{"href":"https:\/\/isolationthermiquedunord.com\/index.php\/wp-json\/wp\/v2\/pages\/222"}],"collection":[{"href":"https:\/\/isolationthermiquedunord.com\/index.php\/wp-json\/wp\/v2\/pages"}],"about":[{"href":"https:\/\/isolationthermiquedunord.com\/index.php\/wp-json\/wp\/v2\/types\/page"}],"author":[{"embeddable":true,"href":"https:\/\/isolationthermiquedunord.com\/index.php\/wp-json\/wp\/v2\/users\/1"}],"replies":[{"embeddable":true,"href":"https:\/\/isolationthermiquedunord.com\/index.php\/wp-json\/wp\/v2\/comments?post=222"}],"version-history":[{"count":21,"href":"https:\/\/isolationthermiquedunord.com\/index.php\/wp-json\/wp\/v2\/pages\/222\/revisions"}],"predecessor-version":[{"id":933,"href":"https:\/\/isolationthermiquedunord.com\/index.php\/wp-json\/wp\/v2\/pages\/222\/revisions\/933"}],"up":[{"embeddable":true,"href":"https:\/\/isolationthermiquedunord.com\/index.php\/wp-json\/wp\/v2\/pages\/124"}],"wp:attachment":[{"href":"https:\/\/isolationthermiquedunord.com\/index.php\/wp-json\/wp\/v2\/media?parent=222"}],"curies":[{"name":"wp","href":"https:\/\/api.w.org\/{rel}","templated":true}]}}