{"id":365,"date":"2016-03-09T15:29:38","date_gmt":"2016-03-09T14:29:38","guid":{"rendered":"http:\/\/habitatconfortplus.com\/?page_id=365"},"modified":"2018-02-18T17:58:08","modified_gmt":"2018-02-18T16:58:08","slug":"ouate-de-cellulose-2","status":"publish","type":"page","link":"https:\/\/isolationthermiquedunord.com\/index.php\/les-isolants\/ouate-de-cellulose-2\/","title":{"rendered":"Ouate de cellulose"},"content":{"rendered":"<div id=\"pl-365\"  class=\"panel-layout\" ><div id=\"pg-365-0\"  class=\"panel-grid panel-has-style\" ><div class=\"panel-row-style panel-row-style-for-365-0\" ><div id=\"pgc-365-0-0\"  class=\"panel-grid-cell\" ><div id=\"panel-365-0-0-0\" class=\"so-panel widget widget_sow-editor panel-first-child panel-last-child\" data-index=\"0\" ><div class=\"so-widget-sow-editor so-widget-sow-editor-base\"><h3 class=\"widget-title\">Descriptif de la ouate de cellulose<\/h3>\n<div class=\"siteorigin-widget-tinymce textwidget\">\n\t<table style=\"height: 96px;\" width=\"300\">\n<tbody>\n<tr>\n<td style=\"text-align: center;\" width=\"90\">lambda<br \/>\nW\/m.K<\/td>\n<td style=\"text-align: center;\" width=\"90\">Densit\u00e9<br \/>\nkg\/m3<\/td>\n<td style=\"text-align: center;\" width=\"90\">D\u00e9phasage<br \/>\nHeures<\/td>\n<td style=\"text-align: center;\" width=\"90\">\u00c9nergie grise<br \/>\nkWh\/kg<\/td>\n<\/tr>\n<tr>\n<td style=\"text-align: center;\">0,040<\/td>\n<td style=\"text-align: center;\">23<\/td>\n<td style=\"text-align: center;\">12 - 14<\/td>\n<td style=\"text-align: center;\">1,95<\/td>\n<\/tr>\n<\/tbody>\n<\/table>\n<h6><span style=\"color: #2eac66;\">Composition : <\/span><\/h6>\n<p>La ouate est issue du recyclage du papier de journaux neufs<\/p>\n<h6><span style=\"color: #2eac66;\">Type de mat\u00e9riaux : <\/span><\/h6>\n<p>Eco-mat\u00e9riaux, issu du recyclage et recyclable en fin de vie<\/p>\n<h6><span style=\"color: #2eac66;\">Utilisation :<\/span><\/h6>\n<p>Soufflage au sol dans les combles perdus, isolation des murs (par l'int\u00e9rieur ou par l'ext\u00e9rieur) et des toitures en insufflation dans des caissons<\/p>\n<h6><span style=\"color: #2eac66;\">Les avantages :<\/span><\/h6>\n<p>Le soufflage de la ouate dans les combles perdus assure une r\u00e9partition homog\u00e8ne de l'isolant et \u00e9vite ainsi tous les ponts thermiques.<\/p>\n<p>Le confort d'\u00e9t\u00e9 est excellent, d\u00e9phasage de 12 \u00e0 14h (c'est le temps qu'il faut \u00e0 la chaleur pour traverser l'isolant), la maison est agr\u00e9able \u00e0 vivre.<\/p>\n<p>La ouate apporte en m\u00eame temps une isolation phonique tr\u00e8s performante ; la maison est moins bruyante.<\/p>\n<p>C'est l'isolant le plus performant avec l'\u00e9nergie grise, li\u00e9e \u00e0 sa production, la plus faible.<\/p>\n<\/div>\n<\/div><\/div><\/div><div id=\"pgc-365-0-1\"  class=\"panel-grid-cell\" ><div id=\"panel-365-0-1-0\" class=\"so-panel widget widget_sow-editor panel-first-child\" data-index=\"1\" ><div class=\"so-widget-sow-editor so-widget-sow-editor-base\">\n<div class=\"siteorigin-widget-tinymce textwidget\">\n\t<h4><strong>Laine de bois<\/strong><\/h4>\n<p style=\"text-align: left;\"><a href=\"http:\/\/isolationthermiquedunord.com\/index.php\/les-isolants\/laine-de-bois\/\"><img decoding=\"async\" loading=\"lazy\" class=\"alignleft size-full wp-image-352\" src=\"http:\/\/habitatconfortplus.com\/wp-content\/uploads\/2016\/03\/laine-de-bois-1.jpg\" alt=\"laine de bois\" width=\"130\" height=\"130\" \/><\/a>Id\u00e9ale pour l'isolation des combles, des toitures et des murs. Prot\u00e8ge des chaleurs d'\u00e9t\u00e9.<\/p>\n<p style=\"text-align: left;\"><span style=\"color: #36a9e0;\"><em><strong> <a href=\"http:\/\/isolationthermiquedunord.com\/index.php\/les-isolants\/laine-de-bois\/\">En savoir plus ...<\/a><br \/>\n<\/strong><\/em><\/span><\/p>\n<\/div>\n<\/div><\/div><div id=\"panel-365-0-1-1\" class=\"so-panel widget widget_sow-editor\" data-index=\"2\" ><div class=\"so-widget-sow-editor so-widget-sow-editor-base\">\n<div class=\"siteorigin-widget-tinymce textwidget\">\n\t<h4><strong> Laine de chanvre<\/strong><\/h4>\n<p style=\"text-align: left;\"><a href=\"http:\/\/isolationthermiquedunord.com\/index.php\/les-isolants\/laine-de-chanvre\/\"><img decoding=\"async\" loading=\"lazy\" class=\"alignleft size-full wp-image-355\" src=\"http:\/\/habitatconfortplus.com\/wp-content\/uploads\/2016\/03\/Chanvre.jpg\" alt=\"Chanvre\" width=\"130\" height=\"130\" \/><\/a>A privil\u00e9gier lorsque les parois \u00e0 isoler sont soumises \u00e0 des risques d'humidit\u00e9.<\/p>\n<p style=\"text-align: left;\"><span style=\"color: #36a9e0;\"><em><strong><a href=\"http:\/\/isolationthermiquedunord.com\/index.php\/les-isolants\/laine-de-chanvre\/\">En savoir plus ...<\/a><br \/>\n<\/strong><\/em><\/span><\/p>\n<\/div>\n<\/div><\/div><div id=\"panel-365-0-1-2\" class=\"so-panel widget widget_sow-editor panel-last-child\" data-index=\"3\" ><div class=\"so-widget-sow-editor so-widget-sow-editor-base\">\n<div class=\"siteorigin-widget-tinymce textwidget\">\n\t<h4><strong> Polyur\u00e9thane<\/strong><\/h4>\n<p style=\"text-align: left;\"><a href=\"http:\/\/isolationthermiquedunord.com\/index.php\/les-isolants\/polyurethane-2\/\"><img decoding=\"async\" loading=\"lazy\" class=\"alignleft size-full wp-image-363\" src=\"http:\/\/habitatconfortplus.com\/wp-content\/uploads\/2016\/03\/Polyur\u00e9thane.jpg\" alt=\"Polyur\u00e9thane\" width=\"130\" height=\"130\" \/><\/a>Pour l'isolation des dalles, planchers bas, endroits et pi\u00e8ces exigus.<\/p>\n<p style=\"text-align: left;\"><span style=\"color: #36a9e0;\"><em><strong><a href=\"http:\/\/isolationthermiquedunord.com\/index.php\/les-isolants\/polyurethane-2\/\">En savoir plus ...<\/a><br \/>\n<\/strong><\/em><\/span><\/p>\n<\/div>\n<\/div><\/div><\/div><\/div><\/div><\/div>","protected":false},"excerpt":{"rendered":"<p>Descriptif de la ouate de cellulose lambda W\/m.K Densit\u00e9 kg\/m3 D\u00e9phasage Heures \u00c9nergie grise kWh\/kg 0,040 23 12 &#8211; 14 1,95 Composition : La ouate est issue du recyclage du papier de journaux neufs Type de mat\u00e9riaux : Eco-mat\u00e9riaux, issu du recyclage et recyclable en fin de vie Utilisation : Soufflage au sol dans les [&hellip;]<\/p>\n","protected":false},"author":1,"featured_media":0,"parent":68,"menu_order":0,"comment_status":"closed","ping_status":"closed","template":"page-templates\/full-width.php","meta":[],"_links":{"self":[{"href":"https:\/\/isolationthermiquedunord.com\/index.php\/wp-json\/wp\/v2\/pages\/365"}],"collection":[{"href":"https:\/\/isolationthermiquedunord.com\/index.php\/wp-json\/wp\/v2\/pages"}],"about":[{"href":"https:\/\/isolationthermiquedunord.com\/index.php\/wp-json\/wp\/v2\/types\/page"}],"author":[{"embeddable":true,"href":"https:\/\/isolationthermiquedunord.com\/index.php\/wp-json\/wp\/v2\/users\/1"}],"replies":[{"embeddable":true,"href":"https:\/\/isolationthermiquedunord.com\/index.php\/wp-json\/wp\/v2\/comments?post=365"}],"version-history":[{"count":35,"href":"https:\/\/isolationthermiquedunord.com\/index.php\/wp-json\/wp\/v2\/pages\/365\/revisions"}],"predecessor-version":[{"id":949,"href":"https:\/\/isolationthermiquedunord.com\/index.php\/wp-json\/wp\/v2\/pages\/365\/revisions\/949"}],"up":[{"embeddable":true,"href":"https:\/\/isolationthermiquedunord.com\/index.php\/wp-json\/wp\/v2\/pages\/68"}],"wp:attachment":[{"href":"https:\/\/isolationthermiquedunord.com\/index.php\/wp-json\/wp\/v2\/media?parent=365"}],"curies":[{"name":"wp","href":"https:\/\/api.w.org\/{rel}","templated":true}]}}