{"id":386,"date":"2016-03-10T11:09:34","date_gmt":"2016-03-10T10:09:34","guid":{"rendered":"http:\/\/habitatconfortplus.com\/?page_id=386"},"modified":"2018-02-18T18:56:59","modified_gmt":"2018-02-18T17:56:59","slug":"laine-de-bois","status":"publish","type":"page","link":"https:\/\/isolationthermiquedunord.com\/index.php\/les-isolants\/laine-de-bois\/","title":{"rendered":"Laine de bois"},"content":{"rendered":"<div id=\"pl-386\"  class=\"panel-layout\" ><div id=\"pg-386-0\"  class=\"panel-grid panel-has-style\" ><div class=\"panel-row-style panel-row-style-for-386-0\" ><div id=\"pgc-386-0-0\"  class=\"panel-grid-cell\" ><div id=\"panel-386-0-0-0\" class=\"so-panel widget widget_sow-editor panel-first-child panel-last-child\" data-index=\"0\" ><div class=\"so-widget-sow-editor so-widget-sow-editor-base\">\n<div class=\"siteorigin-widget-tinymce textwidget\">\n\t<table style=\"height: 96px;\" width=\"659\">\n<tbody>\n<tr>\n<td style=\"text-align: center;\" width=\"141\">lambda en W\/m.K<\/td>\n<td style=\"text-align: center;\" width=\"141\">Densit\u00e9 kg\/m3<\/td>\n<td style=\"text-align: center;\" width=\"141\">D\u00e9phasage en H<\/td>\n<td style=\"text-align: center;\" width=\"141\">\u00c9nergie grise kWh\/kg<\/td>\n<\/tr>\n<tr>\n<td style=\"text-align: center;\">0,040<\/td>\n<td style=\"text-align: center;\">50<\/td>\n<td style=\"text-align: center;\">10 - 12<\/td>\n<td style=\"text-align: center;\">3.81<\/td>\n<\/tr>\n<\/tbody>\n<\/table>\n<h6><span style=\"color: #2eac66;\">Composition : <\/span><\/h6>\n<p>La laine de bois est issue de chutes ou de plaquettes de r\u00e9sineux (produit non allerg\u00e8ne).<\/p>\n<h6><span style=\"color: #2eac66;\">Type de mat\u00e9riaux : <\/span><\/h6>\n<p>Eco-mat\u00e9riaux, issu de bois non valoris\u00e9 et recyclable en fin de vie.<\/p>\n<h6><span style=\"color: #2eac66;\">Utilisation :<\/span><\/h6>\n<p>Soufflage au sol dans les combles perdus, isolation des murs (par l'int\u00e9rieur ou par l'ext\u00e9rieur) et des toitures (par l'int\u00e9rieur ou par l'ext\u00e9rieur : sarking).<\/p>\n<h6><span style=\"color: #2eac66;\">Les avantages :<\/span><\/h6>\n<p>Tr\u00e8s bonne tenue dans le temps gr\u00e2ce \u00e0 sa grande densit\u00e9.<\/p>\n<p>Le confort d'\u00e9t\u00e9 est excellent, d\u00e9phasage de 10 \u00e0 12h (c'est le temps qu'il faut \u00e0 la chaleur pour traverser l'isolant), la maison est agr\u00e9able \u00e0 vivre.<\/p>\n<p>Tr\u00e8s bonne gestion de la vapeur d'eau et de l'humidit\u00e9.<\/p>\n<p>Faible \u00e9nergie grise.<\/p>\n<\/div>\n<\/div><\/div><\/div><div id=\"pgc-386-0-1\"  class=\"panel-grid-cell\" ><div id=\"panel-386-0-1-0\" class=\"so-panel widget widget_sow-editor panel-first-child\" data-index=\"1\" ><div class=\"so-widget-sow-editor so-widget-sow-editor-base\">\n<div class=\"siteorigin-widget-tinymce textwidget\">\n\t<h4><strong> Ouate de cellulose<\/strong><\/h4>\n<p style=\"text-align: left;\"><a href=\"http:\/\/isolationthermiquedunord.com\/index.php\/les-isolants\/ouate-de-cellulose-2\/\"><img decoding=\"async\" loading=\"lazy\" class=\"alignleft wp-image-279 \" src=\"http:\/\/habitatconfortplus.com\/wp-content\/uploads\/2016\/02\/ouate-200x200.jpg\" alt=\"Ouate de cellulose\" width=\"130\" height=\"130\" \/><\/a>L'alli\u00e9e de vos combles perdus : garde la chaleur dans le logement, prot\u00e8ge des chaleurs d'\u00e9t\u00e9 et isole phoniquement.<\/p>\n<p style=\"text-align: left;\"><span style=\"color: #36a9e0;\"><em><strong><a href=\"http:\/\/isolationthermiquedunord.com\/index.php\/les-isolants\/ouate-de-cellulose-2\/\">En savoir plus ...<\/a><\/strong><\/em><\/span><\/p>\n<\/div>\n<\/div><\/div><div id=\"panel-386-0-1-1\" class=\"so-panel widget widget_sow-editor\" data-index=\"2\" ><div class=\"so-widget-sow-editor so-widget-sow-editor-base\">\n<div class=\"siteorigin-widget-tinymce textwidget\">\n\t<h4><strong> Laine de chanvre<\/strong><\/h4>\n<p style=\"text-align: left;\"><a href=\"http:\/\/isolationthermiquedunord.com\/index.php\/les-isolants\/laine-de-chanvre\/\"><img decoding=\"async\" loading=\"lazy\" class=\"alignleft size-full wp-image-355\" src=\"http:\/\/habitatconfortplus.com\/wp-content\/uploads\/2016\/03\/Chanvre.jpg\" alt=\"Chanvre\" width=\"130\" height=\"130\" \/><\/a>A privil\u00e9gier lorsque les parois \u00e0 isoler sont soumises \u00e0 des risques d'humidit\u00e9.<\/p>\n<p style=\"text-align: left;\"><span style=\"color: #36a9e0;\"><em><strong><a href=\"http:\/\/isolationthermiquedunord.com\/index.php\/les-isolants\/laine-de-chanvre\/\">En savoir plus ...<\/a><br \/>\n<\/strong><\/em><\/span><\/p>\n<\/div>\n<\/div><\/div><div id=\"panel-386-0-1-2\" class=\"so-panel widget widget_sow-editor panel-last-child\" data-index=\"3\" ><div class=\"so-widget-sow-editor so-widget-sow-editor-base\">\n<div class=\"siteorigin-widget-tinymce textwidget\">\n\t<h4><strong> Polyur\u00e9thane<\/strong><\/h4>\n<p style=\"text-align: left;\"><a href=\"http:\/\/isolationthermiquedunord.com\/index.php\/les-isolants\/polyurethane-2\/\"><img decoding=\"async\" loading=\"lazy\" class=\"alignleft size-full wp-image-363\" src=\"http:\/\/habitatconfortplus.com\/wp-content\/uploads\/2016\/03\/Polyur\u00e9thane.jpg\" alt=\"Polyur\u00e9thane\" width=\"130\" height=\"130\" \/><\/a>Pour l'isolation des dalles, planchers bas, endroits et pi\u00e8ces exigus.<\/p>\n<p style=\"text-align: left;\"><span style=\"color: #36a9e0;\"><em><strong><a href=\"http:\/\/isolationthermiquedunord.com\/index.php\/les-isolants\/polyurethane-2\/\">En savoir plus ...<\/a><br \/>\n<\/strong><\/em><\/span><\/p>\n<\/div>\n<\/div><\/div><\/div><\/div><\/div><\/div>","protected":false},"excerpt":{"rendered":"<p>lambda en W\/m.K Densit\u00e9 kg\/m3 D\u00e9phasage en H \u00c9nergie grise kWh\/kg 0,040 50 10 &#8211; 12 3.81 Composition : La laine de bois est issue de chutes ou de plaquettes de r\u00e9sineux (produit non allerg\u00e8ne). Type de mat\u00e9riaux : Eco-mat\u00e9riaux, issu de bois non valoris\u00e9 et recyclable en fin de vie. Utilisation : Soufflage au [&hellip;]<\/p>\n","protected":false},"author":1,"featured_media":0,"parent":68,"menu_order":2,"comment_status":"closed","ping_status":"closed","template":"page-templates\/full-width.php","meta":[],"_links":{"self":[{"href":"https:\/\/isolationthermiquedunord.com\/index.php\/wp-json\/wp\/v2\/pages\/386"}],"collection":[{"href":"https:\/\/isolationthermiquedunord.com\/index.php\/wp-json\/wp\/v2\/pages"}],"about":[{"href":"https:\/\/isolationthermiquedunord.com\/index.php\/wp-json\/wp\/v2\/types\/page"}],"author":[{"embeddable":true,"href":"https:\/\/isolationthermiquedunord.com\/index.php\/wp-json\/wp\/v2\/users\/1"}],"replies":[{"embeddable":true,"href":"https:\/\/isolationthermiquedunord.com\/index.php\/wp-json\/wp\/v2\/comments?post=386"}],"version-history":[{"count":14,"href":"https:\/\/isolationthermiquedunord.com\/index.php\/wp-json\/wp\/v2\/pages\/386\/revisions"}],"predecessor-version":[{"id":968,"href":"https:\/\/isolationthermiquedunord.com\/index.php\/wp-json\/wp\/v2\/pages\/386\/revisions\/968"}],"up":[{"embeddable":true,"href":"https:\/\/isolationthermiquedunord.com\/index.php\/wp-json\/wp\/v2\/pages\/68"}],"wp:attachment":[{"href":"https:\/\/isolationthermiquedunord.com\/index.php\/wp-json\/wp\/v2\/media?parent=386"}],"curies":[{"name":"wp","href":"https:\/\/api.w.org\/{rel}","templated":true}]}}