{"id":403,"date":"2016-03-14T09:48:55","date_gmt":"2016-03-14T08:48:55","guid":{"rendered":"http:\/\/habitatconfortplus.com\/?page_id=403"},"modified":"2018-02-18T19:00:52","modified_gmt":"2018-02-18T18:00:52","slug":"polyurethane-2","status":"publish","type":"page","link":"https:\/\/isolationthermiquedunord.com\/index.php\/les-isolants\/polyurethane-2\/","title":{"rendered":"Polyur\u00e9thane"},"content":{"rendered":"<div id=\"pl-403\"  class=\"panel-layout\" ><div id=\"pg-403-0\"  class=\"panel-grid panel-has-style\" ><div class=\"panel-row-style panel-row-style-for-403-0\" ><div id=\"pgc-403-0-0\"  class=\"panel-grid-cell\" ><div id=\"panel-403-0-0-0\" class=\"so-panel widget widget_sow-editor panel-first-child panel-last-child\" data-index=\"0\" ><div class=\"so-widget-sow-editor so-widget-sow-editor-base\">\n<div class=\"siteorigin-widget-tinymce textwidget\">\n\t<table style=\"height: 96px;\" width=\"659\">\n<tbody>\n<tr>\n<td style=\"text-align: center;\" width=\"141\">lambda en W\/m.K<\/td>\n<td style=\"text-align: center;\" width=\"141\">Densit\u00e9 kg\/m3<\/td>\n<td style=\"text-align: center;\" width=\"141\">D\u00e9phasage en H<\/td>\n<td style=\"text-align: center;\" width=\"141\">\u00c9nergie grise kWh\/kg<\/td>\n<\/tr>\n<tr>\n<td style=\"text-align: center;\">0,022<\/td>\n<td style=\"text-align: center;\">25<\/td>\n<td style=\"text-align: center;\">5 - 6<\/td>\n<td style=\"text-align: center;\">28.33<\/td>\n<\/tr>\n<\/tbody>\n<\/table>\n<h6><span style=\"color: #2eac66;\">Composition : <\/span><\/h6>\n<p><span class=\"st\">Produit issu de l'industrie chimique : polym\u00e8re d'ur\u00e9thane<\/span><\/p>\n<h6><span style=\"color: #2eac66;\">Type de mat\u00e9riaux : <\/span><\/h6>\n<p>Produit en panneaux rigides ou sous forme de mousse.<\/p>\n<h6><span style=\"color: #2eac66;\">Utilisation :<\/span><\/h6>\n<p>Isolation des dalles et espace exigus.<\/p>\n<h6><span style=\"color: #2eac66;\">Les avantages :<br \/>\n<\/span><\/h6>\n<p>Sa rigidit\u00e9 en utilisation en dalle.<\/p>\n<p>Lorsque la petitesse de l'espace \u00e0 isoler ne permet pas une isolation classique (attention \u00e0 la migration de la vapeur d'eau)<\/p>\n<p>\u00a0<\/p>\n<\/div>\n<\/div><\/div><\/div><div id=\"pgc-403-0-1\"  class=\"panel-grid-cell\" ><div id=\"panel-403-0-1-0\" class=\"so-panel widget widget_sow-editor panel-first-child\" data-index=\"1\" ><div class=\"so-widget-sow-editor so-widget-sow-editor-base\">\n<div class=\"siteorigin-widget-tinymce textwidget\">\n\t<h4><strong> Ouate de cellulose<\/strong><\/h4>\n<p style=\"text-align: left;\"><a href=\"http:\/\/isolationthermiquedunord.com\/index.php\/les-isolants\/ouate-de-cellulose-2\/\"><img decoding=\"async\" loading=\"lazy\" class=\"alignleft wp-image-279 \" src=\"http:\/\/habitatconfortplus.com\/wp-content\/uploads\/2016\/02\/ouate-200x200.jpg\" alt=\"Ouate de cellulose\" width=\"130\" height=\"130\" \/><\/a>L'alli\u00e9e de vos combles perdus : garde la chaleur dans le logement, prot\u00e8ge des chaleurs d'\u00e9t\u00e9 et isole phoniquement.<span style=\"color: #36a9e0;\"><em><strong> <a href=\"http:\/\/isolationthermiquedunord.com\/index.php\/les-isolants\/ouate-de-cellulose-2\/\">En savoir plus ...<\/a><\/strong><\/em><\/span><\/p>\n<\/div>\n<\/div><\/div><div id=\"panel-403-0-1-1\" class=\"so-panel widget widget_sow-editor\" data-index=\"2\" ><div class=\"so-widget-sow-editor so-widget-sow-editor-base\">\n<div class=\"siteorigin-widget-tinymce textwidget\">\n\t<h4><strong>Laine de bois<\/strong><\/h4>\n<p style=\"text-align: left;\"><a href=\"http:\/\/isolationthermiquedunord.com\/index.php\/les-isolants\/laine-de-bois\/\"><img decoding=\"async\" loading=\"lazy\" class=\"alignleft size-full wp-image-352\" src=\"http:\/\/habitatconfortplus.com\/wp-content\/uploads\/2016\/03\/laine-de-bois-1.jpg\" alt=\"laine de bois\" width=\"130\" height=\"130\" \/><\/a>Id\u00e9ale pour l'isolation des combles, des toitures et des murs. Prot\u00e8ge des chaleurs d'\u00e9t\u00e9.<\/p>\n<p style=\"text-align: left;\"><span style=\"color: #36a9e0;\"><em><strong> <a href=\"http:\/\/isolationthermiquedunord.com\/index.php\/les-isolants\/laine-de-bois\/\">En savoir plus ...<\/a><br \/>\n<\/strong><\/em><\/span><\/p>\n<\/div>\n<\/div><\/div><div id=\"panel-403-0-1-2\" class=\"so-panel widget widget_sow-editor panel-last-child\" data-index=\"3\" ><div class=\"so-widget-sow-editor so-widget-sow-editor-base\">\n<div class=\"siteorigin-widget-tinymce textwidget\">\n\t<h4><strong> Laine de chanvre<\/strong><\/h4>\n<p style=\"text-align: left;\"><a href=\"http:\/\/isolationthermiquedunord.com\/index.php\/les-isolants\/laine-de-chanvre\/\"><img decoding=\"async\" loading=\"lazy\" class=\"alignleft size-full wp-image-355\" src=\"http:\/\/habitatconfortplus.com\/wp-content\/uploads\/2016\/03\/Chanvre.jpg\" alt=\"Chanvre\" width=\"130\" height=\"130\" \/><\/a>A privil\u00e9gier lorsque les parois \u00e0 isoler sont soumises \u00e0 des risques d'humidit\u00e9. <span style=\"color: #36a9e0;\"><em><strong><a href=\"http:\/\/isolationthermiquedunord.com\/index.php\/les-isolants\/laine-de-chanvre\/\">En savoir plus ...<\/a><\/strong><\/em><\/span><\/p>\n<\/div>\n<\/div><\/div><\/div><\/div><\/div><\/div>","protected":false},"excerpt":{"rendered":"<p>lambda en W\/m.K Densit\u00e9 kg\/m3 D\u00e9phasage en H \u00c9nergie grise kWh\/kg 0,022 25 5 &#8211; 6 28.33 Composition : Produit issu de l&rsquo;industrie chimique : polym\u00e8re d&rsquo;ur\u00e9thane Type de mat\u00e9riaux : Produit en panneaux rigides ou sous forme de mousse. Utilisation : Isolation des dalles et espace exigus. Les avantages : Sa rigidit\u00e9 en utilisation [&hellip;]<\/p>\n","protected":false},"author":1,"featured_media":0,"parent":68,"menu_order":4,"comment_status":"closed","ping_status":"closed","template":"page-templates\/full-width.php","meta":[],"_links":{"self":[{"href":"https:\/\/isolationthermiquedunord.com\/index.php\/wp-json\/wp\/v2\/pages\/403"}],"collection":[{"href":"https:\/\/isolationthermiquedunord.com\/index.php\/wp-json\/wp\/v2\/pages"}],"about":[{"href":"https:\/\/isolationthermiquedunord.com\/index.php\/wp-json\/wp\/v2\/types\/page"}],"author":[{"embeddable":true,"href":"https:\/\/isolationthermiquedunord.com\/index.php\/wp-json\/wp\/v2\/users\/1"}],"replies":[{"embeddable":true,"href":"https:\/\/isolationthermiquedunord.com\/index.php\/wp-json\/wp\/v2\/comments?post=403"}],"version-history":[{"count":9,"href":"https:\/\/isolationthermiquedunord.com\/index.php\/wp-json\/wp\/v2\/pages\/403\/revisions"}],"predecessor-version":[{"id":972,"href":"https:\/\/isolationthermiquedunord.com\/index.php\/wp-json\/wp\/v2\/pages\/403\/revisions\/972"}],"up":[{"embeddable":true,"href":"https:\/\/isolationthermiquedunord.com\/index.php\/wp-json\/wp\/v2\/pages\/68"}],"wp:attachment":[{"href":"https:\/\/isolationthermiquedunord.com\/index.php\/wp-json\/wp\/v2\/media?parent=403"}],"curies":[{"name":"wp","href":"https:\/\/api.w.org\/{rel}","templated":true}]}}