{"id":415,"date":"2016-03-14T11:16:19","date_gmt":"2016-03-14T10:16:19","guid":{"rendered":"http:\/\/habitatconfortplus.com\/?page_id=415"},"modified":"2018-02-18T19:04:27","modified_gmt":"2018-02-18T18:04:27","slug":"membrane-detancheite-a-lair","status":"publish","type":"page","link":"https:\/\/isolationthermiquedunord.com\/index.php\/les-isolants\/membrane-detancheite-a-lair\/","title":{"rendered":"Membrane d&rsquo;\u00e9tanch\u00e9it\u00e9 \u00e0 l&rsquo;air"},"content":{"rendered":"<div id=\"pl-415\"  class=\"panel-layout\" ><div id=\"pg-415-0\"  class=\"panel-grid panel-has-style\" ><div class=\"panel-row-style panel-row-style-for-415-0\" ><div id=\"pgc-415-0-0\"  class=\"panel-grid-cell\" ><div id=\"panel-415-0-0-0\" class=\"so-panel widget widget_sow-editor panel-first-child panel-last-child\" data-index=\"0\" ><div class=\"so-widget-sow-editor so-widget-sow-editor-base\">\n<div class=\"siteorigin-widget-tinymce textwidget\">\n\t<p>C'est l'\u00e9l\u00e9ment cl\u00e9 d'une isolation performante, la membrane emp\u00eache la ventilation de l'isolant et permet le contr\u00f4le de la migration de la vapeur d'eau. Il faut savoir qu'un isolant ventil\u00e9 et\/ou humidifi\u00e9 perd plus de 50% de sa valeur isolante.<\/p>\n<p>La membrane doit \u00eatre pos\u00e9e en continu : liaison entre les l\u00e9s et les \u00e9l\u00e9ments p\u00e9riph\u00e9riques de la parois \u00e0 isoler (murs lat\u00e9raux, plancher, plafond et baies vitr\u00e9es). Cette liaison est assur\u00e9e soit par des adh\u00e9sifs sp\u00e9cifiques \u00e0 chaque support soit par des produits en cartouche.<\/p>\n<p>Nous travaillons avec les meilleurs fabricants de produits d'\u00e9tanch\u00e9it\u00e9 et produits de collage.<\/p>\n<\/div>\n<\/div><\/div><\/div><div id=\"pgc-415-0-1\"  class=\"panel-grid-cell\" ><div id=\"panel-415-0-1-0\" class=\"so-panel widget widget_sow-editor panel-first-child\" data-index=\"1\" ><div class=\"so-widget-sow-editor so-widget-sow-editor-base\">\n<div class=\"siteorigin-widget-tinymce textwidget\">\n\t<h4><strong> Ouate de cellulose<\/strong><\/h4>\n<p style=\"text-align: left;\"><a href=\"http:\/\/isolationthermiquedunord.com\/index.php\/les-isolants\/ouate-de-cellulose-2\/\"><img decoding=\"async\" loading=\"lazy\" class=\"alignleft wp-image-279 \" src=\"http:\/\/habitatconfortplus.com\/wp-content\/uploads\/2016\/02\/ouate-200x200.jpg\" alt=\"Ouate de cellulose\" width=\"130\" height=\"130\" \/><\/a>L'alli\u00e9e de vos combles perdus : garde la chaleur dans le logement, prot\u00e8ge des chaleurs d'\u00e9t\u00e9 et isole phoniquement.<span style=\"color: #36a9e0;\"><em><strong> <a href=\"http:\/\/isolationthermiquedunord.com\/index.php\/les-isolants\/ouate-de-cellulose-2\/\">En savoir plus ...<\/a><\/strong><\/em><\/span><\/p>\n<\/div>\n<\/div><\/div><div id=\"panel-415-0-1-1\" class=\"so-panel widget widget_sow-editor\" data-index=\"2\" ><div class=\"so-widget-sow-editor so-widget-sow-editor-base\">\n<div class=\"siteorigin-widget-tinymce textwidget\">\n\t<h4><strong>Laine de bois<\/strong><\/h4>\n<p style=\"text-align: left;\"><a href=\"http:\/\/isolationthermiquedunord.com\/index.php\/les-isolants\/laine-de-bois\/\"><img decoding=\"async\" loading=\"lazy\" class=\"alignleft size-full wp-image-352\" src=\"http:\/\/habitatconfortplus.com\/wp-content\/uploads\/2016\/03\/laine-de-bois-1.jpg\" alt=\"laine de bois\" width=\"130\" height=\"130\" \/><\/a>Id\u00e9ale pour l'isolation des combles, des toitures et des murs. Prot\u00e8ge des chaleurs d'\u00e9t\u00e9.<\/p>\n<p style=\"text-align: left;\"><span style=\"color: #36a9e0;\"><em><strong> <a href=\"http:\/\/isolationthermiquedunord.com\/index.php\/les-isolants\/laine-de-bois\/\">En savoir plus ...<\/a><br \/>\n<\/strong><\/em><\/span><\/p>\n<\/div>\n<\/div><\/div><div id=\"panel-415-0-1-2\" class=\"so-panel widget widget_sow-editor panel-last-child\" data-index=\"3\" ><div class=\"so-widget-sow-editor so-widget-sow-editor-base\">\n<div class=\"siteorigin-widget-tinymce textwidget\">\n\t<h4><strong> Laine de chanvre<\/strong><\/h4>\n<p style=\"text-align: left;\"><a href=\"http:\/\/isolationthermiquedunord.com\/index.php\/les-isolants\/laine-de-chanvre\/\"><img decoding=\"async\" loading=\"lazy\" class=\"alignleft size-full wp-image-355\" src=\"http:\/\/habitatconfortplus.com\/wp-content\/uploads\/2016\/03\/Chanvre.jpg\" alt=\"Chanvre\" width=\"130\" height=\"130\" \/><\/a>A privil\u00e9gier lorsque les parois \u00e0 isoler sont soumises \u00e0 des risques d'humidit\u00e9. <span style=\"color: #36a9e0;\"><em><strong><a href=\"http:\/\/isolationthermiquedunord.com\/index.php\/les-isolants\/laine-de-chanvre\/\">En savoir plus ...<\/a><\/strong><\/em><\/span><\/p>\n<\/div>\n<\/div><\/div><\/div><\/div><\/div><\/div>","protected":false},"excerpt":{"rendered":"<p>C&rsquo;est l&rsquo;\u00e9l\u00e9ment cl\u00e9 d&rsquo;une isolation performante, la membrane emp\u00eache la ventilation de l&rsquo;isolant et permet le contr\u00f4le de la migration de la vapeur d&rsquo;eau. Il faut savoir qu&rsquo;un isolant ventil\u00e9 et\/ou humidifi\u00e9 perd plus de 50% de sa valeur isolante. La membrane doit \u00eatre pos\u00e9e en continu : liaison entre les l\u00e9s et les \u00e9l\u00e9ments [&hellip;]<\/p>\n","protected":false},"author":1,"featured_media":0,"parent":68,"menu_order":7,"comment_status":"closed","ping_status":"closed","template":"page-templates\/full-width.php","meta":[],"_links":{"self":[{"href":"https:\/\/isolationthermiquedunord.com\/index.php\/wp-json\/wp\/v2\/pages\/415"}],"collection":[{"href":"https:\/\/isolationthermiquedunord.com\/index.php\/wp-json\/wp\/v2\/pages"}],"about":[{"href":"https:\/\/isolationthermiquedunord.com\/index.php\/wp-json\/wp\/v2\/types\/page"}],"author":[{"embeddable":true,"href":"https:\/\/isolationthermiquedunord.com\/index.php\/wp-json\/wp\/v2\/users\/1"}],"replies":[{"embeddable":true,"href":"https:\/\/isolationthermiquedunord.com\/index.php\/wp-json\/wp\/v2\/comments?post=415"}],"version-history":[{"count":9,"href":"https:\/\/isolationthermiquedunord.com\/index.php\/wp-json\/wp\/v2\/pages\/415\/revisions"}],"predecessor-version":[{"id":977,"href":"https:\/\/isolationthermiquedunord.com\/index.php\/wp-json\/wp\/v2\/pages\/415\/revisions\/977"}],"up":[{"embeddable":true,"href":"https:\/\/isolationthermiquedunord.com\/index.php\/wp-json\/wp\/v2\/pages\/68"}],"wp:attachment":[{"href":"https:\/\/isolationthermiquedunord.com\/index.php\/wp-json\/wp\/v2\/media?parent=415"}],"curies":[{"name":"wp","href":"https:\/\/api.w.org\/{rel}","templated":true}]}}