{"id":54,"date":"2016-02-23T12:20:55","date_gmt":"2016-02-23T11:20:55","guid":{"rendered":"http:\/\/habitatconfortplus.com\/?page_id=54"},"modified":"2018-02-18T17:44:44","modified_gmt":"2018-02-18T16:44:44","slug":"ou-isoler","status":"publish","type":"page","link":"https:\/\/isolationthermiquedunord.com\/index.php\/page-dacceuil\/comprendre\/ou-isoler\/","title":{"rendered":"O\u00f9 isoler ?"},"content":{"rendered":"<div id=\"pl-54\"  class=\"panel-layout\" ><div id=\"pg-54-0\"  class=\"panel-grid panel-no-style\" ><div id=\"pgc-54-0-0\"  class=\"panel-grid-cell\" ><div id=\"panel-54-0-0-0\" class=\"so-panel widget widget_sow-editor panel-first-child panel-last-child\" data-index=\"0\" ><div class=\"so-widget-sow-editor so-widget-sow-editor-base\">\n<div class=\"siteorigin-widget-tinymce textwidget\">\n\t<p><strong>- La toiture\u00a0: 25 \u00e0 30% des d\u00e9perditions<\/strong><\/p>\n<p>La chaleur monte et c\u2019est donc par la toiture qu\u2019elle s\u2019\u00e9chappe en premier. Que les combles soient perdus o\u00f9 am\u00e9nageables, l\u2019isolation de la toiture est la plus rentable et la plus facile \u00e0 r\u00e9aliser.<\/p>\n<p><strong>- Les murs\u00a0: 20 \u00e0 25% des d\u00e9perditions<\/strong><\/p>\n<p>L\u2019isolation des murs peut se faire par l\u2019int\u00e9rieur ou par l\u2019ext\u00e9rieur.<br \/>\nL\u2019isolation des murs par l\u2019int\u00e9rieur se justifie par des probl\u00e8mes d\u2019alignement ou si vous souhaitez pr\u00e9server l\u2019architecture de votre fa\u00e7ade. Cependant, elle ne permet pas de traiter tous les ponts thermiques de mani\u00e8re parfaite et elle r\u00e9duit la surface habitable.<\/p>\n<p>L\u2019isolation des murs par l\u2019ext\u00e9rieur est la solution id\u00e9ale. Elle permet de r\u00e9duire la majorit\u00e9 des ponts thermiques, apporte de l\u2019inertie au b\u00e2timent et ne r\u00e9duit pas la surface habitable. Cependant, son co\u00fbt est plus \u00e9lev\u00e9.<\/p>\n<p><strong>- Les planchers bas\u00a0: 7 \u00e0 10% des d\u00e9perditions<\/strong><\/p>\n<p>Les planchers bas se trouvant au dessus d\u2019un local non chauff\u00e9 ou sur vide sanitaire peuvent \u00eatre isol\u00e9s en sous face.<\/p>\n<p><strong><a href=\"http:\/\/isolationthermiquedunord.com\/index.php\/page-dacceuil\/par-linterieur-par-lexterieur\/\">Lire la suite : Par l'ext\u00e9rieur, par l'int\u00e9rieur ?<\/a><\/strong><\/p>\n<\/div>\n<\/div><\/div><\/div><div id=\"pgc-54-0-1\"  class=\"panel-grid-cell\" ><div id=\"panel-54-0-1-0\" class=\"so-panel widget widget_sow-button panel-first-child\" data-index=\"1\" ><div class=\"so-widget-sow-button so-widget-sow-button-flat-81aad9103f71\"><div class=\"ow-button-base ow-button-align-center\">\n\t<a href=\"#\" class=\"ow-icon-placement-left\" target=\"_blank\" rel=\"noopener noreferrer\" \t\t>\n\t\t<span>\n\t\t\t\n\t\t\tDemander un devis\t\t<\/span>\n\t<\/a>\n<\/div>\n<\/div><\/div><div id=\"panel-54-0-1-1\" class=\"so-panel widget widget_sow-image\" data-index=\"2\" ><div class=\"so-widget-sow-image so-widget-sow-image-default-eef982a7180b\">\n\n<div class=\"sow-image-container\">\n\t<img src=\"https:\/\/isolationthermiquedunord.com\/wp-content\/uploads\/2016\/02\/RGE-e1456930050619.png\" width=\"95\" height=\"51\" sizes=\"(max-width: 95px) 100vw, 95px\" title=\"RGE\" alt=\"Tout savoir sur la qualification RGE\" \t\tclass=\"so-widget-image\"\/>\n<\/div>\n\n<\/div><\/div><div id=\"panel-54-0-1-2\" class=\"so-panel widget widget_sow-image\" data-index=\"3\" ><div class=\"so-widget-sow-image so-widget-sow-image-default-eef982a7180b\">\n\n<div class=\"sow-image-container\">\n\t<img src=\"https:\/\/isolationthermiquedunord.com\/wp-content\/uploads\/2016\/03\/Pros.png\" width=\"107\" height=\"70\" sizes=\"(max-width: 107px) 100vw, 107px\" \t\tclass=\"so-widget-image\"\/>\n<\/div>\n\n<\/div><\/div><div id=\"panel-54-0-1-3\" class=\"so-panel widget widget_sow-image panel-last-child\" data-index=\"4\" ><div class=\"so-widget-sow-image so-widget-sow-image-default-642c5433d908\">\n\n<div class=\"sow-image-container\">\n<a href=\"http:\/\/www.qualibat.com\/\" target=\"_blank\" rel=\"noopener noreferrer\" >\t<img src=\"https:\/\/isolationthermiquedunord.com\/wp-content\/uploads\/2016\/06\/qualibat-rge3.png\" width=\"90\" height=\"109\" sizes=\"(max-width: 90px) 100vw, 90px\" alt=\"Acc\u00e8s au site Qualibat\" \t\tclass=\"so-widget-image\"\/>\n<\/a><\/div>\n\n<\/div><\/div><\/div><\/div><\/div>","protected":false},"excerpt":{"rendered":"<p>&#8211; La toiture\u00a0: 25 \u00e0 30% des d\u00e9perditions La chaleur monte et c\u2019est donc par la toiture qu\u2019elle s\u2019\u00e9chappe en premier. Que les combles soient perdus o\u00f9 am\u00e9nageables, l\u2019isolation de la toiture est la plus rentable et la plus facile \u00e0 r\u00e9aliser. &#8211; Les murs\u00a0: 20 \u00e0 25% des d\u00e9perditions L\u2019isolation des murs peut se [&hellip;]<\/p>\n","protected":false},"author":1,"featured_media":0,"parent":699,"menu_order":3,"comment_status":"closed","ping_status":"closed","template":"page-templates\/full-width.php","meta":[],"_links":{"self":[{"href":"https:\/\/isolationthermiquedunord.com\/index.php\/wp-json\/wp\/v2\/pages\/54"}],"collection":[{"href":"https:\/\/isolationthermiquedunord.com\/index.php\/wp-json\/wp\/v2\/pages"}],"about":[{"href":"https:\/\/isolationthermiquedunord.com\/index.php\/wp-json\/wp\/v2\/types\/page"}],"author":[{"embeddable":true,"href":"https:\/\/isolationthermiquedunord.com\/index.php\/wp-json\/wp\/v2\/users\/1"}],"replies":[{"embeddable":true,"href":"https:\/\/isolationthermiquedunord.com\/index.php\/wp-json\/wp\/v2\/comments?post=54"}],"version-history":[{"count":12,"href":"https:\/\/isolationthermiquedunord.com\/index.php\/wp-json\/wp\/v2\/pages\/54\/revisions"}],"predecessor-version":[{"id":942,"href":"https:\/\/isolationthermiquedunord.com\/index.php\/wp-json\/wp\/v2\/pages\/54\/revisions\/942"}],"up":[{"embeddable":true,"href":"https:\/\/isolationthermiquedunord.com\/index.php\/wp-json\/wp\/v2\/pages\/699"}],"wp:attachment":[{"href":"https:\/\/isolationthermiquedunord.com\/index.php\/wp-json\/wp\/v2\/media?parent=54"}],"curies":[{"name":"wp","href":"https:\/\/api.w.org\/{rel}","templated":true}]}}