{"id":569,"date":"2016-05-25T11:31:08","date_gmt":"2016-05-25T10:31:08","guid":{"rendered":"http:\/\/habitatconfortplus.com\/?page_id=569"},"modified":"2016-05-25T11:34:57","modified_gmt":"2016-05-25T10:34:57","slug":"leco-pret-a-taux-zero","status":"publish","type":"page","link":"https:\/\/isolationthermiquedunord.com\/index.php\/financement\/leco-pret-a-taux-zero\/","title":{"rendered":"L&rsquo;\u00e9co-pr\u00eat \u00e0 taux z\u00e9ro"},"content":{"rendered":"<div id=\"pl-569\"  class=\"panel-layout\" ><div id=\"pg-569-0\"  class=\"panel-grid panel-has-style\" ><div class=\"siteorigin-panels-stretch panel-row-style panel-row-style-for-569-0\" data-stretch-type=\"full\" ><div id=\"pgc-569-0-0\"  class=\"panel-grid-cell\" ><div id=\"panel-569-0-0-0\" class=\"so-panel widget widget_sow-editor panel-first-child panel-last-child\" data-index=\"0\" ><div class=\"so-widget-sow-editor so-widget-sow-editor-base\">\n<div class=\"siteorigin-widget-tinymce textwidget\">\n\t<p><a href=\"http:\/\/www.developpement-durable.gouv.fr\/Tout-sur-l-eco-pret-a-taux-zero,28949.html\" target=\"_blank\"><img decoding=\"async\" loading=\"lazy\" class=\"alignleft size-medium wp-image-555\" src=\"http:\/\/habitatconfortplus.com\/wp-content\/uploads\/2016\/05\/eco-pret-0-300x300.jpg\" alt=\"eco-pret-0%\" width=\"230\" height=\"230\" srcset=\"https:\/\/isolationthermiquedunord.com\/wp-content\/uploads\/2016\/05\/eco-pret-0-300x300.jpg 300w, https:\/\/isolationthermiquedunord.com\/wp-content\/uploads\/2016\/05\/eco-pret-0-200x200.jpg 200w, https:\/\/isolationthermiquedunord.com\/wp-content\/uploads\/2016\/05\/eco-pret-0.jpg 535w\" sizes=\"(max-width: 230px) 100vw, 230px\" \/><\/a><br \/>\n <a href=\"http:\/\/www.developpement-durable.gouv.fr\/Tout-sur-l-eco-pret-a-taux-zero,28949.html\" target=\"_blank\">L'\u00e9co-pr\u00eat \u00e0 taux z\u00e9ro<\/a> est un pr\u00eat \u00e0 taux d'int\u00e9r\u00eat nul qui permet de financer des travaux d\u2019am\u00e9lioration de l\u2019efficacit\u00e9 \u00e9nerg\u00e9tique d\u2019une habitation, y compris les travaux qu\u2019ils vont entra\u00eener (peinture et \u00e9lectricit\u00e9, notamment) et les frais d\u2019\u00e9tude.<\/p>\n<p>Son montant est de 20 000 \u20ac maximum remboursables sur 10 ans (pour un bouquet de 2 travaux), ou de 30 000 \u20ac maximum remboursables sur 15 ans (pour un bouquet de 3 travaux ou une r\u00e9novation globale).<br \/>\n Attention, un seul \u00e9co-pr\u00eat peut \u00eatre attribu\u00e9 par logement.<\/p>\n<\/div>\n<\/div><\/div><\/div><div id=\"pgc-569-0-1\"  class=\"panel-grid-cell\" ><div id=\"panel-569-0-1-0\" class=\"so-panel widget widget_sow-button panel-first-child\" data-index=\"1\" ><div class=\"panel-widget-style panel-widget-style-for-569-0-1-0\" ><div class=\"so-widget-sow-button so-widget-sow-button-flat-81aad9103f71\"><div class=\"ow-button-base ow-button-align-center\">\n\t<a href=\"https:\/\/isolationthermiquedunord.com\/index.php\/contact\/\" class=\"ow-icon-placement-left ow-button-hover\" target=\"_blank\" rel=\"noopener noreferrer\" title=\"Demande de devis\" \t\t>\n\t\t<span>\n\t\t\t\n\t\t\tDemander un devis\t\t<\/span>\n\t<\/a>\n<\/div>\n<\/div><\/div><\/div><div id=\"panel-569-0-1-1\" class=\"so-panel widget widget_sow-image\" data-index=\"2\" ><div class=\"so-widget-sow-image so-widget-sow-image-default-eef982a7180b\">\n\n<div class=\"sow-image-container\">\n<a href=\"http:\/\/www.performance-energetique.lebatiment.fr\/\" target=\"_blank\" rel=\"noopener noreferrer\" >\t<img src=\"https:\/\/isolationthermiquedunord.com\/wp-content\/uploads\/2016\/02\/RGE-e1456930050619.png\" width=\"95\" height=\"51\" sizes=\"(max-width: 95px) 100vw, 95px\" title=\"RGE\" alt=\"Tout savoir sur les Pros de la performance \u00e9nerg\u00e9tique\" \t\tclass=\"so-widget-image\"\/>\n<\/a><\/div>\n\n<\/div><\/div><div id=\"panel-569-0-1-2\" class=\"so-panel widget widget_sow-image panel-last-child\" data-index=\"3\" ><div class=\"so-widget-sow-image so-widget-sow-image-default-642c5433d908\">\n\n<div class=\"sow-image-container\">\n<a href=\"http:\/\/renovation-info-service.gouv.fr\/\" target=\"_blank\" rel=\"noopener noreferrer\" >\t<img src=\"https:\/\/isolationthermiquedunord.com\/wp-content\/uploads\/2016\/03\/Pros.png\" width=\"107\" height=\"70\" sizes=\"(max-width: 107px) 100vw, 107px\" alt=\"Acc\u00e8s au site Les Pros de la performance \u00e9nerg\u00e9tique\" \t\tclass=\"so-widget-image\"\/>\n<\/a><\/div>\n\n<\/div><\/div><\/div><\/div><\/div><\/div>","protected":false},"excerpt":{"rendered":"<p>L&rsquo;\u00e9co-pr\u00eat \u00e0 taux z\u00e9ro est un pr\u00eat \u00e0 taux d&rsquo;int\u00e9r\u00eat nul qui permet de financer des travaux d\u2019am\u00e9lioration de l\u2019efficacit\u00e9 \u00e9nerg\u00e9tique d\u2019une habitation, y compris les travaux qu\u2019ils vont entra\u00eener (peinture et \u00e9lectricit\u00e9, notamment) et les frais d\u2019\u00e9tude. Son montant est de 20 000 \u20ac maximum remboursables sur 10 ans (pour un bouquet de 2 [&hellip;]<\/p>\n","protected":false},"author":1,"featured_media":0,"parent":110,"menu_order":4,"comment_status":"closed","ping_status":"closed","template":"page-templates\/full-width.php","meta":[],"_links":{"self":[{"href":"https:\/\/isolationthermiquedunord.com\/index.php\/wp-json\/wp\/v2\/pages\/569"}],"collection":[{"href":"https:\/\/isolationthermiquedunord.com\/index.php\/wp-json\/wp\/v2\/pages"}],"about":[{"href":"https:\/\/isolationthermiquedunord.com\/index.php\/wp-json\/wp\/v2\/types\/page"}],"author":[{"embeddable":true,"href":"https:\/\/isolationthermiquedunord.com\/index.php\/wp-json\/wp\/v2\/users\/1"}],"replies":[{"embeddable":true,"href":"https:\/\/isolationthermiquedunord.com\/index.php\/wp-json\/wp\/v2\/comments?post=569"}],"version-history":[{"count":5,"href":"https:\/\/isolationthermiquedunord.com\/index.php\/wp-json\/wp\/v2\/pages\/569\/revisions"}],"predecessor-version":[{"id":574,"href":"https:\/\/isolationthermiquedunord.com\/index.php\/wp-json\/wp\/v2\/pages\/569\/revisions\/574"}],"up":[{"embeddable":true,"href":"https:\/\/isolationthermiquedunord.com\/index.php\/wp-json\/wp\/v2\/pages\/110"}],"wp:attachment":[{"href":"https:\/\/isolationthermiquedunord.com\/index.php\/wp-json\/wp\/v2\/media?parent=569"}],"curies":[{"name":"wp","href":"https:\/\/api.w.org\/{rel}","templated":true}]}}