{"id":575,"date":"2016-05-25T11:46:38","date_gmt":"2016-05-25T10:46:38","guid":{"rendered":"http:\/\/habitatconfortplus.com\/?page_id=575"},"modified":"2016-05-25T15:39:54","modified_gmt":"2016-05-25T14:39:54","slug":"les-aides-de-lanah","status":"publish","type":"page","link":"https:\/\/isolationthermiquedunord.com\/index.php\/financement\/les-aides-de-lanah\/","title":{"rendered":"Les aides de l&rsquo;ANAH"},"content":{"rendered":"<div id=\"pl-575\"  class=\"panel-layout\" ><div id=\"pg-575-0\"  class=\"panel-grid panel-has-style\" ><div class=\"siteorigin-panels-stretch panel-row-style panel-row-style-for-575-0\" data-stretch-type=\"full\" ><div id=\"pgc-575-0-0\"  class=\"panel-grid-cell\" ><div id=\"panel-575-0-0-0\" class=\"so-panel widget widget_sow-editor panel-first-child panel-last-child\" data-index=\"0\" ><div class=\"so-widget-sow-editor so-widget-sow-editor-base\">\n<div class=\"siteorigin-widget-tinymce textwidget\">\n\t<p><a href=\"http:\/\/www.anah.fr\/proprietaires\/proprietaires-occupants\/\" target=\"_blank\"><img decoding=\"async\" loading=\"lazy\" class=\"alignleft size-medium wp-image-556\" src=\"http:\/\/habitatconfortplus.com\/wp-content\/uploads\/2016\/05\/logo-anah-300x259.gif\" alt=\"logo-anah\" width=\"100\" height=\"59\" \/><\/a>En fonction de vos revenus, vous pouvez b\u00e9n\u00e9ficier d'une <a href=\"http:\/\/www.anah.fr\/proprietaires\/proprietaires-occupants\/\" target=\"_blank\">aide de l'Anah<\/a> correspondant \u00e0 35 % ou 50 % du montant des travaux et d'une aide du programme Habiter Mieux de 1 600 ou 2 000 \u20ac (montant variable en fonction de vos revenus) si le gain \u00e9nerg\u00e9tique r\u00e9alis\u00e9 apr\u00e8s travaux est de 25 % au moins. L'aide peut \u00eatre major\u00e9e jusqu'\u00e0 500 \u20ac en cas de participation d'une collectivit\u00e9 locale.<\/p>\n<p><a href=\"http:\/\/www.anah.fr\/fileadmin\/anah\/Mediatheque\/Publications\/Les_aides\/Anah_Les_aides_en_pratique.pdf\" target=\"_blank\">Pour t\u00e9l\u00e9charger le guide des aides.<\/a><\/p>\n<p>\u00a0<\/p>\n<\/div>\n<\/div><\/div><\/div><div id=\"pgc-575-0-1\"  class=\"panel-grid-cell\" ><div id=\"panel-575-0-1-0\" class=\"so-panel widget widget_sow-button panel-first-child\" data-index=\"1\" ><div class=\"panel-widget-style panel-widget-style-for-575-0-1-0\" ><div class=\"so-widget-sow-button so-widget-sow-button-flat-81aad9103f71\"><div class=\"ow-button-base ow-button-align-center\">\n\t<a href=\"https:\/\/isolationthermiquedunord.com\/index.php\/contact\/\" class=\"ow-icon-placement-left ow-button-hover\" target=\"_blank\" rel=\"noopener noreferrer\" title=\"Demande de devis\" \t\t>\n\t\t<span>\n\t\t\t\n\t\t\tDemander un devis\t\t<\/span>\n\t<\/a>\n<\/div>\n<\/div><\/div><\/div><div id=\"panel-575-0-1-1\" class=\"so-panel widget widget_sow-image\" data-index=\"2\" ><div class=\"so-widget-sow-image so-widget-sow-image-default-eef982a7180b\">\n\n<div class=\"sow-image-container\">\n<a href=\"http:\/\/www.performance-energetique.lebatiment.fr\/\" target=\"_blank\" rel=\"noopener noreferrer\" >\t<img src=\"https:\/\/isolationthermiquedunord.com\/wp-content\/uploads\/2016\/02\/RGE-e1456930050619.png\" width=\"95\" height=\"51\" sizes=\"(max-width: 95px) 100vw, 95px\" title=\"RGE\" alt=\"Tout savoir sur les Pros de la performance \u00e9nerg\u00e9tique\" \t\tclass=\"so-widget-image\"\/>\n<\/a><\/div>\n\n<\/div><\/div><div id=\"panel-575-0-1-2\" class=\"so-panel widget widget_sow-image panel-last-child\" data-index=\"3\" ><div class=\"so-widget-sow-image so-widget-sow-image-default-642c5433d908\">\n\n<div class=\"sow-image-container\">\n<a href=\"http:\/\/renovation-info-service.gouv.fr\/\" target=\"_blank\" rel=\"noopener noreferrer\" >\t<img src=\"https:\/\/isolationthermiquedunord.com\/wp-content\/uploads\/2016\/03\/Pros.png\" width=\"107\" height=\"70\" sizes=\"(max-width: 107px) 100vw, 107px\" alt=\"Acc\u00e8s au site Les Pros de la performance \u00e9nerg\u00e9tique\" \t\tclass=\"so-widget-image\"\/>\n<\/a><\/div>\n\n<\/div><\/div><\/div><\/div><\/div><\/div>","protected":false},"excerpt":{"rendered":"<p>En fonction de vos revenus, vous pouvez b\u00e9n\u00e9ficier d&rsquo;une aide de l&rsquo;Anah correspondant \u00e0 35 % ou 50 % du montant des travaux et d&rsquo;une aide du programme Habiter Mieux de 1 600 ou 2 000 \u20ac (montant variable en fonction de vos revenus) si le gain \u00e9nerg\u00e9tique r\u00e9alis\u00e9 apr\u00e8s travaux est de 25 % [&hellip;]<\/p>\n","protected":false},"author":1,"featured_media":0,"parent":110,"menu_order":5,"comment_status":"closed","ping_status":"closed","template":"page-templates\/full-width.php","meta":[],"_links":{"self":[{"href":"https:\/\/isolationthermiquedunord.com\/index.php\/wp-json\/wp\/v2\/pages\/575"}],"collection":[{"href":"https:\/\/isolationthermiquedunord.com\/index.php\/wp-json\/wp\/v2\/pages"}],"about":[{"href":"https:\/\/isolationthermiquedunord.com\/index.php\/wp-json\/wp\/v2\/types\/page"}],"author":[{"embeddable":true,"href":"https:\/\/isolationthermiquedunord.com\/index.php\/wp-json\/wp\/v2\/users\/1"}],"replies":[{"embeddable":true,"href":"https:\/\/isolationthermiquedunord.com\/index.php\/wp-json\/wp\/v2\/comments?post=575"}],"version-history":[{"count":3,"href":"https:\/\/isolationthermiquedunord.com\/index.php\/wp-json\/wp\/v2\/pages\/575\/revisions"}],"predecessor-version":[{"id":578,"href":"https:\/\/isolationthermiquedunord.com\/index.php\/wp-json\/wp\/v2\/pages\/575\/revisions\/578"}],"up":[{"embeddable":true,"href":"https:\/\/isolationthermiquedunord.com\/index.php\/wp-json\/wp\/v2\/pages\/110"}],"wp:attachment":[{"href":"https:\/\/isolationthermiquedunord.com\/index.php\/wp-json\/wp\/v2\/media?parent=575"}],"curies":[{"name":"wp","href":"https:\/\/api.w.org\/{rel}","templated":true}]}}