{"id":60,"date":"2016-02-23T12:52:02","date_gmt":"2016-02-23T11:52:02","guid":{"rendered":"http:\/\/habitatconfortplus.com\/?page_id=60"},"modified":"2018-02-18T17:46:08","modified_gmt":"2018-02-18T16:46:08","slug":"par-linterieur-par-lexterieur","status":"publish","type":"page","link":"https:\/\/isolationthermiquedunord.com\/index.php\/page-dacceuil\/comprendre\/par-linterieur-par-lexterieur\/","title":{"rendered":"Par l&rsquo;ext\u00e9rieur, par l&rsquo;int\u00e9rieur ?"},"content":{"rendered":"<div id=\"pl-60\"  class=\"panel-layout\" ><div id=\"pg-60-0\"  class=\"panel-grid panel-no-style\" ><div id=\"pgc-60-0-0\"  class=\"panel-grid-cell\" ><div id=\"panel-60-0-0-0\" class=\"so-panel widget widget_sow-editor panel-first-child panel-last-child\" data-index=\"0\" ><div class=\"so-widget-sow-editor so-widget-sow-editor-base\">\n<div class=\"siteorigin-widget-tinymce textwidget\">\n\t<p><strong>Quels sont les crit\u00e8res pour choisir\u00a0?<\/strong><\/p>\n<p>Dans un b\u00e2timent, le mur est la paroi qui pr\u00e9sente le plus de contacts avec l\u2019ext\u00e9rieur, donc le plus d\u2019\u00e9changes thermiques.<\/p>\n<h4><strong>L\u2019isolation thermique par l\u2019ext\u00e9rieur\u00a0(ITE) :<\/strong><\/h4>\n<p>L\u2019isolation des murs par l\u2019ext\u00e9rieur consiste \u00e0 installer la couche isolante sur la face externe de la paroi.<\/p>\n<h5>Les avantages de l\u2019isolation par l\u2019ext\u00e9rieur dans le neuf et en r\u00e9novation\u00a0:<\/h5>\n<p>- B\u00e9n\u00e9fice de l\u2019inertie apport\u00e9e par la masse des murs (confort d\u2019\u00e9t\u00e9),<br \/>\n- R\u00e9duction tr\u00e8s forte des ponts thermiques\u00a0: liaison mur\/plancher et mur\/mur int\u00e9rieur (mur de refend),<br \/>\n- Forte r\u00e9duction des risques de condensation,<br \/>\n- Pas de perte de surface habitable,<br \/>\n- Pas de travaux int\u00e9rieurs\u00a0: d\u00e9coration, modification \u00e9lectricit\u00e9 et chauffage, etc.<br \/>\n- Peut remplacer un ravalement de fa\u00e7ade tout en isolant.<\/p>\n<h5>Les limites de l\u2019isolation par l\u2019ext\u00e9rieur\u00a0:<\/h5>\n<p>En r\u00e9habilitation, tous les b\u00e2timents ne se pr\u00eatent pas forc\u00e9ment facilement \u00e0 une isolation par l\u2019ext\u00e9rieur\u00a0pour diverses raisons :<\/p>\n<p>- Esth\u00e9tiques (fa\u00e7ade ancienne ou de caract\u00e8re),<br \/>\n- R\u00e9glementaires (alignement sur rue, r\u00e8glement de copropri\u00e9t\u00e9, proximit\u00e9 de b\u00e2timent class\u00e9)<br \/>\n- Techniques (d\u00e9bord de toit, pr\u00e9sence de bow window, paroi tr\u00e8s vitr\u00e9e)<\/p>\n<h4><strong>L\u2019isolation thermique par l\u2019int\u00e9rieur (ITI)\u00a0:<\/strong><\/h4>\n<p>L\u2019isolation des murs par l\u2019int\u00e9rieur consiste \u00e0 installer la couche isolante sur la face interne de la paroi. Il est indispensable d\u2019installer un syst\u00e8me de ventilation performant.<\/p>\n<h5>Les avantages de l\u2019isolation par l\u2019int\u00e9rieur en r\u00e9novation\u00a0:<\/h5>\n<p>- Facilite l\u2019isolation d\u2019un b\u00e2timent par \u00e9tapes (pi\u00e8ce par pi\u00e8ce)<br \/>\n- Permet une am\u00e9lioration thermique des murs sans modification des fa\u00e7ades<\/p>\n<h5>Les limites et inconv\u00e9nients de l\u2019isolation par l\u2019int\u00e9rieur\u00a0:<\/h5>\n<p>- Perte de l\u2019inertie apport\u00e9e par les murs p\u00e9riph\u00e9riques (source d\u2019inconfort en \u00e9t\u00e9 et de moins bon rendement thermique en hiver),<br \/>\n- Risque de condensation au niveau des ponts thermiques,<br \/>\n- Risque de condensation dans l\u2019isolant et \u00e0 l\u2019interface mur\/isolant.<a href=\"http:\/\/habitatconfortplus.com\/index.php\/page-dacceuil\/letancheite-a-lair\/\"> L\u2019\u00e9tanch\u00e9it\u00e9 \u00e0 l\u2019air<\/a> doit \u00eatre particuli\u00e8rement soign\u00e9e pour limiter les risques<br \/>\nde condensation,<br \/>\n- Perte de surface dans l\u2019espace int\u00e9rieur,<br \/>\n- Entra\u00eene la r\u00e9fection des parements et de tout ou partie des r\u00e9seaux (\u00e9lectricit\u00e9 et chauffage).<\/p>\n<p><strong><a href=\"http:\/\/isolationthermiquedunord.com\/index.php\/page-dacceuil\/letancheite-a-lair\/\">Lire la suite : L'\u00e9tanch\u00e9it\u00e9 \u00e0 l'air<\/a><\/strong><\/p>\n<\/div>\n<\/div><\/div><\/div><div id=\"pgc-60-0-1\"  class=\"panel-grid-cell\" ><div id=\"panel-60-0-1-0\" class=\"so-panel widget widget_sow-button panel-first-child\" data-index=\"1\" ><div class=\"so-widget-sow-button so-widget-sow-button-flat-81aad9103f71\"><div class=\"ow-button-base ow-button-align-center\">\n\t<a href=\"#\" class=\"ow-icon-placement-left\" target=\"_blank\" rel=\"noopener noreferrer\" \t\t>\n\t\t<span>\n\t\t\t\n\t\t\tDemander un devis\t\t<\/span>\n\t<\/a>\n<\/div>\n<\/div><\/div><div id=\"panel-60-0-1-1\" class=\"so-panel widget widget_sow-image\" data-index=\"2\" ><div class=\"so-widget-sow-image so-widget-sow-image-default-eef982a7180b\">\n\n<div class=\"sow-image-container\">\n\t<img src=\"https:\/\/isolationthermiquedunord.com\/wp-content\/uploads\/2016\/02\/RGE-e1456930050619.png\" width=\"95\" height=\"51\" sizes=\"(max-width: 95px) 100vw, 95px\" title=\"RGE\" alt=\"Tout savoir sur la qualification RGE\" \t\tclass=\"so-widget-image\"\/>\n<\/div>\n\n<\/div><\/div><div id=\"panel-60-0-1-2\" class=\"so-panel widget widget_sow-image\" data-index=\"3\" ><div class=\"so-widget-sow-image so-widget-sow-image-default-eef982a7180b\">\n\n<div class=\"sow-image-container\">\n\t<img src=\"https:\/\/isolationthermiquedunord.com\/wp-content\/uploads\/2016\/03\/Pros.png\" width=\"107\" height=\"70\" sizes=\"(max-width: 107px) 100vw, 107px\" \t\tclass=\"so-widget-image\"\/>\n<\/div>\n\n<\/div><\/div><div id=\"panel-60-0-1-3\" class=\"so-panel widget widget_sow-image panel-last-child\" data-index=\"4\" ><div class=\"so-widget-sow-image so-widget-sow-image-default-642c5433d908\">\n\n<div class=\"sow-image-container\">\n<a href=\"http:\/\/www.qualibat.com\/\" target=\"_blank\" rel=\"noopener noreferrer\" >\t<img src=\"https:\/\/isolationthermiquedunord.com\/wp-content\/uploads\/2016\/06\/qualibat-rge3.png\" width=\"90\" height=\"109\" sizes=\"(max-width: 90px) 100vw, 90px\" alt=\"Acc\u00e8s au site Qualibat\" \t\tclass=\"so-widget-image\"\/>\n<\/a><\/div>\n\n<\/div><\/div><\/div><\/div><\/div>","protected":false},"excerpt":{"rendered":"<p>Quels sont les crit\u00e8res pour choisir\u00a0? Dans un b\u00e2timent, le mur est la paroi qui pr\u00e9sente le plus de contacts avec l\u2019ext\u00e9rieur, donc le plus d\u2019\u00e9changes thermiques. L\u2019isolation thermique par l\u2019ext\u00e9rieur\u00a0(ITE) : L\u2019isolation des murs par l\u2019ext\u00e9rieur consiste \u00e0 installer la couche isolante sur la face externe de la paroi. Les avantages de l\u2019isolation par [&hellip;]<\/p>\n","protected":false},"author":1,"featured_media":0,"parent":699,"menu_order":4,"comment_status":"closed","ping_status":"closed","template":"page-templates\/full-width.php","meta":[],"_links":{"self":[{"href":"https:\/\/isolationthermiquedunord.com\/index.php\/wp-json\/wp\/v2\/pages\/60"}],"collection":[{"href":"https:\/\/isolationthermiquedunord.com\/index.php\/wp-json\/wp\/v2\/pages"}],"about":[{"href":"https:\/\/isolationthermiquedunord.com\/index.php\/wp-json\/wp\/v2\/types\/page"}],"author":[{"embeddable":true,"href":"https:\/\/isolationthermiquedunord.com\/index.php\/wp-json\/wp\/v2\/users\/1"}],"replies":[{"embeddable":true,"href":"https:\/\/isolationthermiquedunord.com\/index.php\/wp-json\/wp\/v2\/comments?post=60"}],"version-history":[{"count":23,"href":"https:\/\/isolationthermiquedunord.com\/index.php\/wp-json\/wp\/v2\/pages\/60\/revisions"}],"predecessor-version":[{"id":944,"href":"https:\/\/isolationthermiquedunord.com\/index.php\/wp-json\/wp\/v2\/pages\/60\/revisions\/944"}],"up":[{"embeddable":true,"href":"https:\/\/isolationthermiquedunord.com\/index.php\/wp-json\/wp\/v2\/pages\/699"}],"wp:attachment":[{"href":"https:\/\/isolationthermiquedunord.com\/index.php\/wp-json\/wp\/v2\/media?parent=60"}],"curies":[{"name":"wp","href":"https:\/\/api.w.org\/{rel}","templated":true}]}}