{"id":68,"date":"2016-02-23T14:53:05","date_gmt":"2016-02-23T13:53:05","guid":{"rendered":"http:\/\/habitatconfortplus.com\/?page_id=68"},"modified":"2018-02-18T17:53:48","modified_gmt":"2018-02-18T16:53:48","slug":"les-isolants","status":"publish","type":"page","link":"https:\/\/isolationthermiquedunord.com\/index.php\/les-isolants\/","title":{"rendered":"LES ISOLANTS"},"content":{"rendered":"<div id=\"pl-68\"  class=\"panel-layout\" ><div id=\"pg-68-0\"  class=\"panel-grid panel-no-style\" ><div id=\"pgc-68-0-0\"  class=\"panel-grid-cell\" ><div id=\"panel-68-0-0-0\" class=\"so-panel widget widget_sow-editor panel-first-child panel-last-child\" data-index=\"0\" ><div class=\"so-widget-sow-editor so-widget-sow-editor-base\">\n<div class=\"siteorigin-widget-tinymce textwidget\">\n\t<h2 style=\"text-align: left;\"><strong>Les isolants propos\u00e9s par <span style=\"color: #99cc00;\">Isolation Thermique du Nord<\/span><\/strong><\/h2>\n<h4 style=\"text-align: left;\">Nous avons s\u00e9lectionn\u00e9, pour vous, les meilleurs isolants disponibles.<\/h4>\n<h4 style=\"text-align: left;\">Sans compromis sur la performance thermique, les \u00e9co mat\u00e9riaux, respectueux de l'environnement, vous apportent l'efficacit\u00e9 que vous attendez sans menacer votre sant\u00e9.<\/h4>\n<\/div>\n<\/div><\/div><\/div><\/div><div id=\"pg-68-1\"  class=\"panel-grid panel-has-style\" ><div class=\"panel-row-style panel-row-style-for-68-1\" ><div id=\"pgc-68-1-0\"  class=\"panel-grid-cell\" ><div id=\"panel-68-1-0-0\" class=\"so-panel widget widget_sow-editor panel-first-child\" data-index=\"1\" ><div class=\"so-widget-sow-editor so-widget-sow-editor-base\">\n<div class=\"siteorigin-widget-tinymce textwidget\">\n\t<h1><strong> Ouate de cellulose<\/strong><\/h1>\n<p style=\"text-align: left;\"><a href=\"http:\/\/isolationthermiquedunord.com\/index.php\/les-isolants\/ouate-de-cellulose-2\/\"><img decoding=\"async\" loading=\"lazy\" class=\"alignleft wp-image-279 \" src=\"http:\/\/habitatconfortplus.com\/wp-content\/uploads\/2016\/02\/ouate-200x200.jpg\" alt=\"Ouate de cellulose\" width=\"130\" height=\"130\" \/><\/a>L'alli\u00e9e de vos combles perdus : prot\u00e8ge des chaleurs d'\u00e9t\u00e9 et isole phoniquement.<\/p>\n<p style=\"text-align: left;\"><span style=\"color: #36a9e0;\"><em><strong> <a href=\"http:\/\/isolationthermiquedunord.com\/index.php\/les-isolants\/ouate-de-cellulose-2\/\">En savoir plus ...<\/a><br \/>\n<\/strong><\/em><\/span><\/p>\n<\/div>\n<\/div><\/div><div id=\"panel-68-1-0-1\" class=\"so-panel widget widget_sow-editor\" data-index=\"2\" ><div class=\"so-widget-sow-editor so-widget-sow-editor-base\">\n<div class=\"siteorigin-widget-tinymce textwidget\">\n\t<h1><strong> Membrane d'\u00e9tanch\u00e9it\u00e9<\/strong><\/h1>\n<p style=\"text-align: left;\"><a href=\"http:\/\/isolationthermiquedunord.com\/index.php\/les-isolants\/membrane-detancheite-a-lair\/\"><img decoding=\"async\" loading=\"lazy\" class=\"alignleft size-full wp-image-359\" src=\"http:\/\/habitatconfortplus.com\/wp-content\/uploads\/2016\/03\/Membrane.jpg\" alt=\"Membrane\" width=\"130\" height=\"130\" \/><\/a>Permet de contr\u00f4ler la migration de la vapeur d'eau et optimise les performances de l'isolant.<\/p>\n<p style=\"text-align: left;\"><span style=\"color: #36a9e0;\"><em><strong><a href=\"http:\/\/isolationthermiquedunord.com\/index.php\/les-isolants\/membrane-detancheite-a-lair\/\">En savoir plus ...<\/a><br \/>\n<\/strong><\/em><\/span><\/p>\n<\/div>\n<\/div><\/div><div id=\"panel-68-1-0-2\" class=\"so-panel widget widget_sow-editor panel-last-child\" data-index=\"3\" ><div class=\"so-widget-sow-editor so-widget-sow-editor-base\">\n<div class=\"siteorigin-widget-tinymce textwidget\">\n\t<h1><strong> Polyur\u00e9thane<\/strong><\/h1>\n<p style=\"text-align: left;\"><a href=\"http:\/\/isolationthermiquedunord.com\/index.php\/les-isolants\/polyurethane-2\/\"><img decoding=\"async\" loading=\"lazy\" class=\"alignleft size-full wp-image-363\" src=\"http:\/\/habitatconfortplus.com\/wp-content\/uploads\/2016\/03\/Polyur\u00e9thane.jpg\" alt=\"Polyur\u00e9thane\" width=\"130\" height=\"130\" \/><\/a>Pour l'isolation des dalles, planchers bas et endroits et pi\u00e8ces exigus.<\/p>\n<p style=\"text-align: left;\"><span style=\"color: #36a9e0;\"><em><strong><a href=\"http:\/\/isolationthermiquedunord.com\/index.php\/les-isolants\/polyurethane-2\/\">En savoir plus ...<\/a><br \/>\n<\/strong><\/em><\/span><\/p>\n<\/div>\n<\/div><\/div><\/div><div id=\"pgc-68-1-1\"  class=\"panel-grid-cell\" ><div id=\"panel-68-1-1-0\" class=\"so-panel widget widget_sow-editor panel-first-child\" data-index=\"4\" ><div class=\"so-widget-sow-editor so-widget-sow-editor-base\">\n<div class=\"siteorigin-widget-tinymce textwidget\">\n\t<h1><strong>Laine de bois<\/strong><\/h1>\n<p style=\"text-align: left;\"><a href=\"http:\/\/isolationthermiquedunord.com\/index.php\/les-isolants\/laine-de-bois\/\"><img decoding=\"async\" loading=\"lazy\" class=\"alignleft size-full wp-image-352\" src=\"http:\/\/habitatconfortplus.com\/wp-content\/uploads\/2016\/03\/laine-de-bois-1.jpg\" alt=\"Laine de bois\" width=\"130\" height=\"130\" \/><\/a>Id\u00e9ale pour l'isolation des combles, toitures et murs. Prot\u00e8ge des chaleurs d'\u00e9t\u00e9.<\/p>\n<p style=\"text-align: left;\"><span style=\"color: #36a9e0;\"><em><strong><a href=\"http:\/\/isolationthermiquedunord.com\/index.php\/les-isolants\/laine-de-bois\/\">En savoir plus ...<\/a><br \/>\n<\/strong><\/em><\/span><\/p>\n<\/div>\n<\/div><\/div><div id=\"panel-68-1-1-1\" class=\"so-panel widget widget_sow-editor panel-last-child\" data-index=\"5\" ><div class=\"so-widget-sow-editor so-widget-sow-editor-base\">\n<div class=\"siteorigin-widget-tinymce textwidget\">\n\t<h1><strong>Laine de roche<\/strong><\/h1>\n<p style=\"text-align: left;\"><a href=\"http:\/\/isolationthermiquedunord.com\/index.php\/les-isolants\/laine-de-roche-2\/\"><img decoding=\"async\" loading=\"lazy\" class=\"alignleft size-full wp-image-357\" src=\"http:\/\/habitatconfortplus.com\/wp-content\/uploads\/2016\/03\/laine-de-roche.jpg\" alt=\"Laine de roche\" width=\"130\" height=\"130\" \/><\/a>L'isolant id\u00e9al pour isoler les chemin\u00e9es, les spots et tous les points chauds.<\/p>\n<p style=\"text-align: left;\"><span style=\"color: #36a9e0;\"><em><strong><a href=\"http:\/\/isolationthermiquedunord.com\/index.php\/les-isolants\/laine-de-roche-2\/\">En savoir plus ...<\/a><br \/>\n<\/strong><\/em><\/span><\/p>\n<\/div>\n<\/div><\/div><\/div><div id=\"pgc-68-1-2\"  class=\"panel-grid-cell\" ><div id=\"panel-68-1-2-0\" class=\"so-panel widget widget_sow-editor panel-first-child\" data-index=\"6\" ><div class=\"so-widget-sow-editor so-widget-sow-editor-base\">\n<div class=\"siteorigin-widget-tinymce textwidget\">\n\t<h1><strong> Laine de chanvre<\/strong><\/h1>\n<p style=\"text-align: left;\"><a href=\"http:\/\/isolationthermiquedunord.com\/index.php\/les-isolants\/laine-de-chanvre\/\"><img decoding=\"async\" loading=\"lazy\" class=\"alignleft size-full wp-image-355\" src=\"http:\/\/habitatconfortplus.com\/wp-content\/uploads\/2016\/03\/Chanvre.jpg\" alt=\"Chanvre\" width=\"130\" height=\"130\" \/><\/a>A privil\u00e9gier lorsque les parois \u00e0 isoler sont soumises \u00e0 des risques d'humidit\u00e9.<\/p>\n<p style=\"text-align: left;\"><span style=\"color: #36a9e0;\"><em><strong><a href=\"http:\/\/isolationthermiquedunord.com\/index.php\/les-isolants\/laine-de-chanvre\/\">En savoir plus ...<\/a><br \/>\n<\/strong><\/em><\/span><\/p>\n<\/div>\n<\/div><\/div><div id=\"panel-68-1-2-1\" class=\"so-panel widget widget_sow-editor panel-last-child\" data-index=\"7\" ><div class=\"so-widget-sow-editor so-widget-sow-editor-base\">\n<div class=\"siteorigin-widget-tinymce textwidget\">\n\t<h1><strong> Laine de verre<\/strong><\/h1>\n<p style=\"text-align: left;\"><a href=\"http:\/\/isolationthermiquedunord.com\/index.php\/les-isolants\/laine-de-verre-2\/\"><img decoding=\"async\" loading=\"lazy\" class=\"alignleft size-full wp-image-358\" src=\"http:\/\/habitatconfortplus.com\/wp-content\/uploads\/2016\/03\/Laine-de-verre.jpg\" alt=\"Laine de verre\" width=\"130\" height=\"130\" \/><\/a>L'isolant standard pour l'isolation de la maison : murs, toitures et combles.<\/p>\n<p style=\"text-align: left;\">\u00a0<span style=\"color: #36a9e0;\"><em><strong><a href=\"http:\/\/isolationthermiquedunord.com\/index.php\/les-isolants\/laine-de-verre-2\/\">En savoir plus ...<\/a><br \/>\n<\/strong><\/em><\/span><\/p>\n<\/div>\n<\/div><\/div><\/div><\/div><\/div><\/div>","protected":false},"excerpt":{"rendered":"<p>Les isolants propos\u00e9s par Isolation Thermique du Nord Nous avons s\u00e9lectionn\u00e9, pour vous, les meilleurs isolants disponibles. Sans compromis sur la performance thermique, les \u00e9co mat\u00e9riaux, respectueux de l&rsquo;environnement, vous apportent l&rsquo;efficacit\u00e9 que vous attendez sans menacer votre sant\u00e9. Ouate de cellulose L&rsquo;alli\u00e9e de vos combles perdus : prot\u00e8ge des chaleurs d&rsquo;\u00e9t\u00e9 et isole phoniquement. [&hellip;]<\/p>\n","protected":false},"author":1,"featured_media":0,"parent":0,"menu_order":2,"comment_status":"closed","ping_status":"closed","template":"page-templates\/full-width.php","meta":[],"_links":{"self":[{"href":"https:\/\/isolationthermiquedunord.com\/index.php\/wp-json\/wp\/v2\/pages\/68"}],"collection":[{"href":"https:\/\/isolationthermiquedunord.com\/index.php\/wp-json\/wp\/v2\/pages"}],"about":[{"href":"https:\/\/isolationthermiquedunord.com\/index.php\/wp-json\/wp\/v2\/types\/page"}],"author":[{"embeddable":true,"href":"https:\/\/isolationthermiquedunord.com\/index.php\/wp-json\/wp\/v2\/users\/1"}],"replies":[{"embeddable":true,"href":"https:\/\/isolationthermiquedunord.com\/index.php\/wp-json\/wp\/v2\/comments?post=68"}],"version-history":[{"count":106,"href":"https:\/\/isolationthermiquedunord.com\/index.php\/wp-json\/wp\/v2\/pages\/68\/revisions"}],"predecessor-version":[{"id":947,"href":"https:\/\/isolationthermiquedunord.com\/index.php\/wp-json\/wp\/v2\/pages\/68\/revisions\/947"}],"wp:attachment":[{"href":"https:\/\/isolationthermiquedunord.com\/index.php\/wp-json\/wp\/v2\/media?parent=68"}],"curies":[{"name":"wp","href":"https:\/\/api.w.org\/{rel}","templated":true}]}}