{"id":707,"date":"2016-06-20T16:32:10","date_gmt":"2016-06-20T15:32:10","guid":{"rendered":"http:\/\/habitatconfortplus.com\/?page_id=707"},"modified":"2018-02-18T19:26:19","modified_gmt":"2018-02-18T18:26:19","slug":"isolation-des-combles-perdus","status":"publish","type":"page","link":"https:\/\/isolationthermiquedunord.com\/index.php\/nos-prestations\/isolation-des-combles-perdus\/","title":{"rendered":"Isolation des combles perdus"},"content":{"rendered":"<div id=\"pl-707\"  class=\"panel-layout\" ><div id=\"pg-707-0\"  class=\"panel-grid panel-has-style\" ><div class=\"panel-row-style panel-row-style-for-707-0\" ><div id=\"pgc-707-0-0\"  class=\"panel-grid-cell\" ><div id=\"panel-707-0-0-0\" class=\"so-panel widget widget_sow-editor panel-first-child panel-last-child\" data-index=\"0\" ><div class=\"so-widget-sow-editor so-widget-sow-editor-base\">\n<div class=\"siteorigin-widget-tinymce textwidget\">\n\t<h1><strong><span style=\"color: #2eac66;\">Isoler les combles, une priorit\u00e9 !<\/span><\/strong><\/h1>\n<p>Lorsque les combles ne sont pas utilis\u00e9s, il est pertinent d'isoler au plus pr\u00e8s de la zone habit\u00e9e ; l'isolant est donc d\u00e9pos\u00e9 au sol.<\/p>\n<p>La technique la plus performante est le soufflage car l'isolant est d\u00e9pos\u00e9 dans les moindres recoins, \u00e9vitant ainsi les ponts thermiques, et permettant de travailler rapidement. A votre convenance, nous pouvons d\u00e9rouler de la laine de verre ou de la laine de roche sur le sol du comble.<\/p>\n<p>Nous utilisons principalement de la ouate de cellulose souffl\u00e9e pour ses nombreuses qualit\u00e9s :<br \/>\n - ne craint pas l'humidit\u00e9,<br \/>\n - permet un confort d'\u00e9t\u00e9 incomparable gr\u00e2ce \u00e0 son fort pouvoir de d\u00e9phasage (&gt;12 heures)<br \/>\n - insonorise le logement<br \/>\n - produit naturel<br \/>\n - totalement recyclable<\/p>\n<p><img decoding=\"async\" loading=\"lazy\" class=\"alignleft size-full wp-image-678\" src=\"http:\/\/habitatconfortplus.com\/wp-content\/uploads\/2016\/06\/MARCHAND3.jpg\" alt=\"MARCHAND3\" width=\"190\" height=\"190\" \/><\/p>\n<h5><strong>La prestation d'<span style=\"color: #99cc00;\">Isolation Thermique du Nord <\/span><\/strong> :<\/h5>\n<p>- la v\u00e9rification de la sous- toiture,<br \/>\n - le d\u00e9placement de la VMC le cas \u00e9ch\u00e9ant,<br \/>\n - l'\u00e9cart au feu de la chemin\u00e9e,<br \/>\n - une rehausse de trappe en bois,<br \/>\n - la possibilit\u00e9 de cr\u00e9er une plateforme de stockage,<br \/>\n - la possibilit\u00e9 de cr\u00e9er un plancher complet<\/p>\n<p>Isolation des combles perdus \u00e0 Lille et dans la m\u00e9tropole lilloise : Armenti\u00e8res, Roubaix, Tourcoing, Villeneuve d'Ascq, Marcq-en-Baroeul, Lomme, Haubourdin, etc.<\/p>\n<\/div>\n<\/div><\/div><\/div><div id=\"pgc-707-0-1\"  class=\"panel-grid-cell\" ><div id=\"panel-707-0-1-0\" class=\"so-panel widget widget_sow-editor panel-first-child\" data-index=\"1\" ><div class=\"so-widget-sow-editor so-widget-sow-editor-base\">\n<div class=\"siteorigin-widget-tinymce textwidget\">\n\t<h5><strong><span style=\"color: #2eac66;\">> Les isolants conseill\u00e9s<\/span><\/strong><\/h5>\n<\/div>\n<\/div><\/div><div id=\"panel-707-0-1-1\" class=\"so-panel widget widget_sow-editor\" data-index=\"2\" ><div class=\"so-widget-sow-editor so-widget-sow-editor-base\">\n<div class=\"siteorigin-widget-tinymce textwidget\">\n\t<h6>Ouate de cellulose<\/h6>\n<p style=\"text-align: left; font-size: 0.7em;\"><a href=\"http:\/\/isolationthermiquedunord.com\/index.php\/les-isolants\/ouate-de-cellulose-2\/\"><img decoding=\"async\" loading=\"lazy\" class=\"alignleft wp-image-279 \" src=\"http:\/\/habitatconfortplus.com\/wp-content\/uploads\/2016\/02\/ouate-200x200.jpg\" alt=\"Ouate de cellulose\" width=\"70\" height=\"70\" \/><\/a>L'alli\u00e9e de vos combles perdus : garde la chaleur dans le logement, prot\u00e8ge des chaleurs d'\u00e9t\u00e9 et isole phoniquement.<\/p>\n<p style=\"text-align: left; font-size: 0.7em;\"><a href=\"http:\/\/isolationthermiquedunord.com\/index.php\/les-isolants\/ouate-de-cellulose-2\/\"><span style=\"color: #36a9e0;\"><em><strong>En savoir plus ...<\/strong><\/em><\/span><\/a><\/p>\n<\/div>\n<\/div><\/div><div id=\"panel-707-0-1-2\" class=\"so-panel widget widget_sow-editor\" data-index=\"3\" ><div class=\"so-widget-sow-editor so-widget-sow-editor-base\">\n<div class=\"siteorigin-widget-tinymce textwidget\">\n\t<h6>Laine de bois<\/h6>\n<p style=\"text-align: left;font-size: 0.7em;\"><a href=\"http:\/\/isolationthermiquedunord.com\/index.php\/les-isolants\/laine-de-bois\/\"><img decoding=\"async\" loading=\"lazy\" class=\"alignleft size-full wp-image-352\" src=\"http:\/\/habitatconfortplus.com\/wp-content\/uploads\/2016\/03\/laine-de-bois-1.jpg\" alt=\"laine de bois\" width=\"70\" height=\"70\" \/><\/a>A d\u00e9poser sur le sol des combles. Prot\u00e8ge des chaleurs d'\u00e9t\u00e9.<\/p>\n<p style=\"text-align: left;font-size: 0.7em;\"><span style=\"color: #36a9e0;\"><em><strong> <a href=\"http:\/\/isolationthermiquedunord.com\/index.php\/les-isolants\/laine-de-bois\/\">En savoir plus ...<\/a><br \/>\n<\/strong><\/em><\/span><\/p>\n<\/div>\n<\/div><\/div><div id=\"panel-707-0-1-3\" class=\"so-panel widget widget_sow-editor\" data-index=\"4\" ><div class=\"so-widget-sow-editor so-widget-sow-editor-base\">\n<div class=\"siteorigin-widget-tinymce textwidget\">\n\t<h6><strong>Laine de roche<\/strong><\/h6>\n<p style=\"text-align: left;font-size: 0.7em;\"><a href=\"http:\/\/isolationthermiquedunord.com\/index.php\/les-isolants\/laine-de-roche-2\/\"><img decoding=\"async\" loading=\"lazy\" class=\"alignleft size-full wp-image-357\" src=\"http:\/\/habitatconfortplus.com\/wp-content\/uploads\/2016\/03\/laine-de-roche.jpg\" alt=\"Laine de roche\" width=\"70\" height=\"70\" \/><\/a>A d\u00e9rouler au sol ou entre solives.<\/p>\n<p style=\"text-align: left;font-size: 0.7em;\"><span style=\"color: #36a9e0;\"><em><strong><a href=\"http:\/\/isolationthermiquedunord.com\/index.php\/les-isolants\/laine-de-roche-2\/\">En savoir plus ...<\/a><br \/>\n<\/strong><\/em><\/span><\/p>\n<\/div>\n<\/div><\/div><div id=\"panel-707-0-1-4\" class=\"so-panel widget widget_sow-editor panel-last-child\" data-index=\"5\" ><div class=\"so-widget-sow-editor so-widget-sow-editor-base\">\n<div class=\"siteorigin-widget-tinymce textwidget\">\n\t<h6><strong> Laine de verre<\/strong><\/h6>\n<p style=\"text-align: left;font-size: 0.7em;\"><a href=\"http:\/\/isolationthermiquedunord.com\/index.php\/les-isolants\/laine-de-verre-2\/\"><img decoding=\"async\" loading=\"lazy\" class=\"alignleft size-full wp-image-358\" src=\"http:\/\/habitatconfortplus.com\/wp-content\/uploads\/2016\/03\/Laine-de-verre.jpg\" alt=\"Laine de verre\" width=\"70\" height=\"70\" \/><\/a>A d\u00e9rouler au sol ou entre solives.<\/p>\n<p style=\"text-align: left;font-size: 0.7em;\">\u00a0<span style=\"color: #36a9e0;\"><em><strong><a href=\"http:\/\/isolationthermiquedunord.com\/index.php\/les-isolants\/laine-de-verre-2\/\">En savoir plus ...<\/a><br \/>\n<\/strong><\/em><\/span><\/p>\n<\/div>\n<\/div><\/div><\/div><\/div><\/div><\/div>","protected":false},"excerpt":{"rendered":"<p>Isoler les combles, une priorit\u00e9 ! Lorsque les combles ne sont pas utilis\u00e9s, il est pertinent d&rsquo;isoler au plus pr\u00e8s de la zone habit\u00e9e ; l&rsquo;isolant est donc d\u00e9pos\u00e9 au sol. La technique la plus performante est le soufflage car l&rsquo;isolant est d\u00e9pos\u00e9 dans les moindres recoins, \u00e9vitant ainsi les ponts thermiques, et permettant de [&hellip;]<\/p>\n","protected":false},"author":1,"featured_media":0,"parent":613,"menu_order":1,"comment_status":"closed","ping_status":"closed","template":"page-templates\/full-width.php","meta":[],"_links":{"self":[{"href":"https:\/\/isolationthermiquedunord.com\/index.php\/wp-json\/wp\/v2\/pages\/707"}],"collection":[{"href":"https:\/\/isolationthermiquedunord.com\/index.php\/wp-json\/wp\/v2\/pages"}],"about":[{"href":"https:\/\/isolationthermiquedunord.com\/index.php\/wp-json\/wp\/v2\/types\/page"}],"author":[{"embeddable":true,"href":"https:\/\/isolationthermiquedunord.com\/index.php\/wp-json\/wp\/v2\/users\/1"}],"replies":[{"embeddable":true,"href":"https:\/\/isolationthermiquedunord.com\/index.php\/wp-json\/wp\/v2\/comments?post=707"}],"version-history":[{"count":48,"href":"https:\/\/isolationthermiquedunord.com\/index.php\/wp-json\/wp\/v2\/pages\/707\/revisions"}],"predecessor-version":[{"id":984,"href":"https:\/\/isolationthermiquedunord.com\/index.php\/wp-json\/wp\/v2\/pages\/707\/revisions\/984"}],"up":[{"embeddable":true,"href":"https:\/\/isolationthermiquedunord.com\/index.php\/wp-json\/wp\/v2\/pages\/613"}],"wp:attachment":[{"href":"https:\/\/isolationthermiquedunord.com\/index.php\/wp-json\/wp\/v2\/media?parent=707"}],"curies":[{"name":"wp","href":"https:\/\/api.w.org\/{rel}","templated":true}]}}