{"id":746,"date":"2016-06-20T16:34:00","date_gmt":"2016-06-20T15:34:00","guid":{"rendered":"http:\/\/habitatconfortplus.com\/?page_id=746"},"modified":"2018-02-18T19:28:15","modified_gmt":"2018-02-18T18:28:15","slug":"isolation-des-combles-amenageables-ou-amenages","status":"publish","type":"page","link":"https:\/\/isolationthermiquedunord.com\/index.php\/nos-prestations\/isolation-des-combles-amenageables-ou-amenages\/","title":{"rendered":"Isolation des combles am\u00e9nageables ou am\u00e9nag\u00e9s"},"content":{"rendered":"<div id=\"pl-746\"  class=\"panel-layout\" ><div id=\"pg-746-0\"  class=\"panel-grid panel-has-style\" ><div class=\"panel-row-style panel-row-style-for-746-0\" ><div id=\"pgc-746-0-0\"  class=\"panel-grid-cell\" ><div id=\"panel-746-0-0-0\" class=\"so-panel widget widget_sow-editor panel-first-child panel-last-child\" data-index=\"0\" ><div class=\"so-widget-sow-editor so-widget-sow-editor-base\">\n<div class=\"siteorigin-widget-tinymce textwidget\">\n\t<h1><strong><span style=\"color: #2eac66;\">Isolation des combles am\u00e9nag\u00e9s et am\u00e9nageables<br \/>\n <\/span><\/strong><\/h1>\n<p>Il est facile cr\u00e9er une pi\u00e8ce de vie dans des combles existants : isolation, pose de plancher, de fen\u00eatre de toit, etc.<\/p>\n<p>Les combles \u00e9tant sensibles au froid et \u00e0 la chaleur, il faut commencer par une isolation performante qui vous apporte confort en hiver et vous prot\u00e8ge de la chaleur en \u00e9t\u00e9. La densit\u00e9 de l'isolant est primordiale, nous vous proposons de la laine de bois ou de la laine de roche (la laine de verre est fortement d\u00e9conseill\u00e9e).<\/p>\n<p>En fonction de l'\u00e9tat de la toiture et de son \u00e9tanch\u00e9it\u00e9, nous adapterons notre proposition.<\/p>\n<p>Nous utilisons principalement de la laine de bois pour ses nombreuses qualit\u00e9s :<br \/>\n - ne se tasse pas dans le temps du fait de sa haute densit\u00e9,<br \/>\n - permet un confort d'\u00e9t\u00e9 incomparable gr\u00e2ce \u00e0 son fort pouvoir de d\u00e9phasage (&gt;10 heures)<br \/>\n - insonorise le logement<br \/>\n - produit naturel<br \/>\n - totalement recyclable<\/p>\n<p>Et pour une meilleure efficacit\u00e9 de l'isolant, nous vous conseillons la pose d'une \u00e9tanch\u00e9it\u00e9 \u00e0 l'air sur l'ensemble de la surface isol\u00e9e.<\/p>\n<p class=\"Corps\">Pour les combles d\u00e9j\u00e0 am\u00e9nag\u00e9s, nous d\u00e9poserons, pr\u00e9alablement les parements et les anciens isolants.<\/p>\n<h5><strong>Une prestation compl\u00e8te gr\u00e2ce \u00e0 <span style=\"color: #99cc00;\">Isolation Thermique du Nord<\/span><\/strong> :<\/h5>\n<p><img decoding=\"async\" loading=\"lazy\" class=\"alignleft size-full wp-image-672\" src=\"http:\/\/habitatconfortplus.com\/wp-content\/uploads\/2016\/06\/VAILLANT1-1280x768.jpg\" alt=\"VAILLANT1 [1280x768]\" width=\"160\" height=\"160\" \/>- la v\u00e9rification de la sous- toiture,<br \/>\n - la pose de l'isolant en deux couches crois\u00e9es,<br \/>\n - la pose de l'\u00e9tanch\u00e9it\u00e9 \u00e0 l'air,<br \/>\n - la pose des plaques de pl\u00e2tre, de Fermacel ou de lambris,<br \/>\n - la pose de fen\u00eatre de toit,<br \/>\n - la pose de cloison de s\u00e9paration,<br \/>\n - la pose d'un escalier d'acc\u00e8s (par l'interm\u00e9diaire de notre partenaire)<\/p>\n<p>Isolation des combles am\u00e9nag\u00e9s \u00e0 Lille et dans la m\u00e9tropole lilloise : Roubaix, Tourcoing, Armenti\u00e8res, Haubourdin, Villeneuve d'Ascq, Marcq-en-Baroeul, Lomme, etc.<\/p>\n<\/div>\n<\/div><\/div><\/div><div id=\"pgc-746-0-1\"  class=\"panel-grid-cell\" ><div id=\"panel-746-0-1-0\" class=\"so-panel widget widget_sow-editor panel-first-child\" data-index=\"1\" ><div class=\"so-widget-sow-editor so-widget-sow-editor-base\">\n<div class=\"siteorigin-widget-tinymce textwidget\">\n\t<h5><strong><span style=\"color: #2eac66;\">> Les isolants conseill\u00e9s<\/span><\/strong><\/h5>\n<\/div>\n<\/div><\/div><div id=\"panel-746-0-1-1\" class=\"so-panel widget widget_sow-editor\" data-index=\"2\" ><div class=\"so-widget-sow-editor so-widget-sow-editor-base\">\n<div class=\"siteorigin-widget-tinymce textwidget\">\n\t<h6>Laine de bois<\/h6>\n<p style=\"text-align: left; font-size: 0.7em;\"><a href=\"http:\/\/isolationthermiquedunord.com\/index.php\/les-isolants\/laine-de-bois\/\"><img decoding=\"async\" loading=\"lazy\" class=\"alignleft size-full wp-image-352\" src=\"http:\/\/habitatconfortplus.com\/wp-content\/uploads\/2016\/03\/laine-de-bois-1.jpg\" alt=\"laine de bois\" width=\"70\" height=\"70\" \/><\/a>A poser en deux couches crois\u00e9es. Prot\u00e8ge des chaleurs d'\u00e9t\u00e9.<\/p>\n<p style=\"text-align: left; font-size: 0.7em;\"><span style=\"color: #36a9e0;\"><em><strong> <a href=\"http:\/\/isolationthermiquedunord.com\/index.php\/les-isolants\/laine-de-bois\/\">En savoir plus ...<\/a><br \/>\n<\/strong><\/em><\/span><\/p>\n<\/div>\n<\/div><\/div><div id=\"panel-746-0-1-2\" class=\"so-panel widget widget_sow-editor panel-last-child\" data-index=\"3\" ><div class=\"so-widget-sow-editor so-widget-sow-editor-base\">\n<div class=\"siteorigin-widget-tinymce textwidget\">\n\t<h6><strong>Laine de roche<\/strong><\/h6>\n<p style=\"text-align: left; font-size: 0.7em;\"><a href=\"http:\/\/isolationthermiquedunord.com\/index.php\/les-isolants\/laine-de-roche-2\/\"><img decoding=\"async\" loading=\"lazy\" class=\"alignleft size-full wp-image-357\" src=\"http:\/\/habitatconfortplus.com\/wp-content\/uploads\/2016\/03\/laine-de-roche.jpg\" alt=\"Laine de roche\" width=\"70\" height=\"70\" \/><\/a>A poser en deux couches crois\u00e9es. Prot\u00e8ge des chaleurs d'\u00e9t\u00e9 si la densit\u00e9 est \u00e9lev\u00e9e.<\/p>\n<p style=\"text-align: left; font-size: 0.7em;\"><span style=\"color: #36a9e0;\"><em><strong><a href=\"http:\/\/isolationthermiquedunord.com\/index.php\/les-isolants\/laine-de-roche-2\/\">En savoir plus ...<\/a><br \/>\n<\/strong><\/em><\/span><\/p>\n<\/div>\n<\/div><\/div><\/div><\/div><\/div><\/div>","protected":false},"excerpt":{"rendered":"<p>Isolation des combles am\u00e9nag\u00e9s et am\u00e9nageables Il est facile cr\u00e9er une pi\u00e8ce de vie dans des combles existants : isolation, pose de plancher, de fen\u00eatre de toit, etc. Les combles \u00e9tant sensibles au froid et \u00e0 la chaleur, il faut commencer par une isolation performante qui vous apporte confort en hiver et vous prot\u00e8ge de [&hellip;]<\/p>\n","protected":false},"author":1,"featured_media":0,"parent":613,"menu_order":2,"comment_status":"closed","ping_status":"closed","template":"page-templates\/full-width.php","meta":[],"_links":{"self":[{"href":"https:\/\/isolationthermiquedunord.com\/index.php\/wp-json\/wp\/v2\/pages\/746"}],"collection":[{"href":"https:\/\/isolationthermiquedunord.com\/index.php\/wp-json\/wp\/v2\/pages"}],"about":[{"href":"https:\/\/isolationthermiquedunord.com\/index.php\/wp-json\/wp\/v2\/types\/page"}],"author":[{"embeddable":true,"href":"https:\/\/isolationthermiquedunord.com\/index.php\/wp-json\/wp\/v2\/users\/1"}],"replies":[{"embeddable":true,"href":"https:\/\/isolationthermiquedunord.com\/index.php\/wp-json\/wp\/v2\/comments?post=746"}],"version-history":[{"count":17,"href":"https:\/\/isolationthermiquedunord.com\/index.php\/wp-json\/wp\/v2\/pages\/746\/revisions"}],"predecessor-version":[{"id":987,"href":"https:\/\/isolationthermiquedunord.com\/index.php\/wp-json\/wp\/v2\/pages\/746\/revisions\/987"}],"up":[{"embeddable":true,"href":"https:\/\/isolationthermiquedunord.com\/index.php\/wp-json\/wp\/v2\/pages\/613"}],"wp:attachment":[{"href":"https:\/\/isolationthermiquedunord.com\/index.php\/wp-json\/wp\/v2\/media?parent=746"}],"curies":[{"name":"wp","href":"https:\/\/api.w.org\/{rel}","templated":true}]}}