{"id":766,"date":"2016-06-20T16:38:01","date_gmt":"2016-06-20T15:38:01","guid":{"rendered":"http:\/\/habitatconfortplus.com\/?page_id=766"},"modified":"2018-02-18T19:31:48","modified_gmt":"2018-02-18T18:31:48","slug":"isolation-des-murs-par-linterieur","status":"publish","type":"page","link":"https:\/\/isolationthermiquedunord.com\/index.php\/nos-prestations\/isolation-des-murs-par-linterieur\/","title":{"rendered":"Isolation des murs par l&rsquo;int\u00e9rieur"},"content":{"rendered":"<div id=\"pl-766\"  class=\"panel-layout\" ><div id=\"pg-766-0\"  class=\"panel-grid panel-has-style\" ><div class=\"panel-row-style panel-row-style-for-766-0\" ><div id=\"pgc-766-0-0\"  class=\"panel-grid-cell\" ><div id=\"panel-766-0-0-0\" class=\"so-panel widget widget_sow-editor panel-first-child panel-last-child\" data-index=\"0\" ><div class=\"so-widget-sow-editor so-widget-sow-editor-base\">\n<div class=\"siteorigin-widget-tinymce textwidget\">\n\t<h1><strong><span style=\"color: #2eac66;\">Isolation des murs par l'int\u00e9rieur<br \/>\n <\/span><\/strong><\/h1>\n<p>Apr\u00e8s la toiture, le mur est la paroi le plus d\u00e9perditive entrainant un inconfort d\u00e8s qu'on s'en trouve \u00e0 proximit\u00e9. L'isolation des murs par l'int\u00e9rieur r\u00e9duit l'effet de paroi froide et fait baisser la sensation d'humidit\u00e9.<\/p>\n<p>La pose crois\u00e9e de deux couches de laine de bois, laissant respirer le mur, limite les ponts thermiques. A votre convenance, nous pouvons isoler avec de la laine de chanvre, de la laine de roche ou de la laine de verre. La pose de polystyr\u00e8ne et de polyur\u00e9thane est d\u00e9conseill\u00e9e car ces deux produits emp\u00eachent les murs de respirer. La pose d'une membrane d'\u00e9tanch\u00e9it\u00e9 renforce l'isolation et permet au mur de respirer.<\/p>\n<p>Nous utilisons principalement de la laine de bois pour ses nombreuses qualit\u00e9s :<br \/>\n - ne craint pas l'humidit\u00e9,<br \/>\n - permet un confort d'\u00e9t\u00e9 incomparable gr\u00e2ce \u00e0 son fort pouvoir de d\u00e9phasage (10 heures)<br \/>\n - insonorise le logement<br \/>\n - produit naturel<br \/>\n - totalement recyclable<\/p>\n<h5><strong>La prestation d'<span style=\"color: #99cc00;\">Isolation Thermique du Nord<\/span><\/strong> :<\/h5>\n<p><img decoding=\"async\" loading=\"lazy\" class=\"alignleft size-full wp-image-670\" src=\"http:\/\/habitatconfortplus.com\/wp-content\/uploads\/2016\/06\/RAMEZ8_2.jpg\" alt=\"isolation mur int\u00e9rieur\" width=\"140\" height=\"140\" \/> - les d\u00e9coupes n\u00e9cessaires \u00e0 la limitation des ponts thermiques,<br \/>\n - l'\u00e9tanch\u00e9it\u00e9 autour des menuiseries,<br \/>\n - le passage des c\u00e2bles \u00e9lectriques et, \u00e9ventuellement, des tuyauteries,<br \/>\n - une \u00e9tanch\u00e9it\u00e9 \u00e0 l'air performante,<\/p>\n<p>Isolation des murs par l'int\u00e9rieur \u00e0 Lille et dans la m\u00e9tropole lilloise : Armenti\u00e8res, Roubaix, Tourcoing, Villeneuve d'Ascq, Marcq-en-Bar\u0153ul, Lomme, Haubourdin, etc.<\/p>\n<\/div>\n<\/div><\/div><\/div><div id=\"pgc-766-0-1\"  class=\"panel-grid-cell\" ><div id=\"panel-766-0-1-0\" class=\"so-panel widget widget_sow-editor panel-first-child\" data-index=\"1\" ><div class=\"so-widget-sow-editor so-widget-sow-editor-base\">\n<div class=\"siteorigin-widget-tinymce textwidget\">\n\t<h5><strong><span style=\"color: #2eac66;\">> Les isolants conseill\u00e9s<\/span><\/strong><\/h5>\n<\/div>\n<\/div><\/div><div id=\"panel-766-0-1-1\" class=\"so-panel widget widget_sow-editor\" data-index=\"2\" ><div class=\"so-widget-sow-editor so-widget-sow-editor-base\">\n<div class=\"siteorigin-widget-tinymce textwidget\">\n\t<h6>Laine de bois<\/h6>\n<p style=\"text-align: left; font-size: 0.7em;\"><a href=\"http:\/\/isolationthermiquedunord.com\/index.php\/les-isolants\/laine-de-bois\/\"><img decoding=\"async\" loading=\"lazy\" class=\"alignleft size-full wp-image-352\" src=\"http:\/\/habitatconfortplus.com\/wp-content\/uploads\/2016\/03\/laine-de-bois-1.jpg\" alt=\"laine de bois\" width=\"70\" height=\"70\" \/><\/a>A poser en deux couches crois\u00e9es. Prot\u00e8ge des chaleurs d'\u00e9t\u00e9.<\/p>\n<p style=\"text-align: left; font-size: 0.7em;\"><span style=\"color: #36a9e0;\"><em><strong> <a href=\"http:\/\/isolationthermiquedunord.com\/index.php\/les-isolants\/laine-de-bois\/\">En savoir plus ...<\/a><br \/>\n<\/strong><\/em><\/span><\/p>\n<\/div>\n<\/div><\/div><div id=\"panel-766-0-1-2\" class=\"so-panel widget widget_sow-editor\" data-index=\"3\" ><div class=\"so-widget-sow-editor so-widget-sow-editor-base\">\n<div class=\"siteorigin-widget-tinymce textwidget\">\n\t<h6>Laine de chanvre<\/h6>\n<p style=\"text-align: left; font-size: 0.7em;\"><img decoding=\"async\" loading=\"lazy\" class=\"alignleft size-full wp-image-355\" src=\"http:\/\/isolationthermiquedunord.com\/wp-content\/uploads\/2016\/03\/Chanvre.jpg\" alt=\"Chanvre\" width=\"70\" height=\"70\" \/>Produit naturel, \u00e0 poser en deux couches crois\u00e9es.<\/p>\n<p style=\"text-align: left; font-size: 0.7em;\"><span style=\"color: #36a9e0;\"><em><strong><a href=\"http:\/\/isolationthermiquedunord\/index.php\/les-isolants\/chanvre\/\">En savoir plus ...<\/a><\/strong><\/em><\/span><\/p>\n<\/div>\n<\/div><\/div><div id=\"panel-766-0-1-3\" class=\"so-panel widget widget_sow-editor\" data-index=\"4\" ><div class=\"so-widget-sow-editor so-widget-sow-editor-base\">\n<div class=\"siteorigin-widget-tinymce textwidget\">\n\t<h6><strong>Laine de roche<\/strong><\/h6>\n<p style=\"text-align: left; font-size: 0.7em;\"><a href=\"http:\/\/isolationthermiquedunord.com\/index.php\/les-isolants\/laine-de-roche-2\/\"><img decoding=\"async\" loading=\"lazy\" class=\"alignleft size-full wp-image-357\" src=\"http:\/\/habitatconfortplus.com\/wp-content\/uploads\/2016\/03\/laine-de-roche.jpg\" alt=\"Laine de roche\" width=\"70\" height=\"70\" \/><\/a>A poser en deux couches crois\u00e9es, choisir un produit dense.<\/p>\n<p style=\"text-align: left; font-size: 0.7em;\"><span style=\"color: #36a9e0;\"><em><strong><a href=\"http:\/\/isolationthermiquedunord.com\/index.php\/les-isolants\/laine-de-roche-2\/\">En savoir plus ...<\/a><br \/>\n<\/strong><\/em><\/span><\/p>\n<\/div>\n<\/div><\/div><div id=\"panel-766-0-1-4\" class=\"so-panel widget widget_sow-editor panel-last-child\" data-index=\"5\" ><div class=\"so-widget-sow-editor so-widget-sow-editor-base\">\n<div class=\"siteorigin-widget-tinymce textwidget\">\n\t<h6><strong> Laine de verre<\/strong><\/h6>\n<p style=\"text-align: left; font-size: 0.7em;\"><a href=\"http:\/\/isolationthermiquedunord.com\/index.php\/les-isolants\/laine-de-verre-2\/\"><img decoding=\"async\" loading=\"lazy\" class=\"alignleft size-full wp-image-358\" src=\"http:\/\/habitatconfortplus.com\/wp-content\/uploads\/2016\/03\/Laine-de-verre.jpg\" alt=\"Laine de verre\" width=\"70\" height=\"70\" \/><\/a>Choisir un produit \u00e0 lambda faible pour \u00e9viter le tassement.<\/p>\n<p style=\"text-align: left; font-size: 0.7em;\">\u00a0<span style=\"color: #36a9e0;\"><em><strong><a href=\"http:\/\/isolationthermiquedunord.com\/index.php\/les-isolants\/laine-de-verre-2\/\">En savoir plus ...<\/a><br \/>\n<\/strong><\/em><\/span><\/p>\n<\/div>\n<\/div><\/div><\/div><\/div><\/div><\/div>","protected":false},"excerpt":{"rendered":"<p>Isolation des murs par l&rsquo;int\u00e9rieur Apr\u00e8s la toiture, le mur est la paroi le plus d\u00e9perditive entrainant un inconfort d\u00e8s qu&rsquo;on s&rsquo;en trouve \u00e0 proximit\u00e9. L&rsquo;isolation des murs par l&rsquo;int\u00e9rieur r\u00e9duit l&rsquo;effet de paroi froide et fait baisser la sensation d&rsquo;humidit\u00e9. La pose crois\u00e9e de deux couches de laine de bois, laissant respirer le mur, [&hellip;]<\/p>\n","protected":false},"author":1,"featured_media":0,"parent":613,"menu_order":3,"comment_status":"closed","ping_status":"closed","template":"page-templates\/full-width.php","meta":[],"_links":{"self":[{"href":"https:\/\/isolationthermiquedunord.com\/index.php\/wp-json\/wp\/v2\/pages\/766"}],"collection":[{"href":"https:\/\/isolationthermiquedunord.com\/index.php\/wp-json\/wp\/v2\/pages"}],"about":[{"href":"https:\/\/isolationthermiquedunord.com\/index.php\/wp-json\/wp\/v2\/types\/page"}],"author":[{"embeddable":true,"href":"https:\/\/isolationthermiquedunord.com\/index.php\/wp-json\/wp\/v2\/users\/1"}],"replies":[{"embeddable":true,"href":"https:\/\/isolationthermiquedunord.com\/index.php\/wp-json\/wp\/v2\/comments?post=766"}],"version-history":[{"count":22,"href":"https:\/\/isolationthermiquedunord.com\/index.php\/wp-json\/wp\/v2\/pages\/766\/revisions"}],"predecessor-version":[{"id":990,"href":"https:\/\/isolationthermiquedunord.com\/index.php\/wp-json\/wp\/v2\/pages\/766\/revisions\/990"}],"up":[{"embeddable":true,"href":"https:\/\/isolationthermiquedunord.com\/index.php\/wp-json\/wp\/v2\/pages\/613"}],"wp:attachment":[{"href":"https:\/\/isolationthermiquedunord.com\/index.php\/wp-json\/wp\/v2\/media?parent=766"}],"curies":[{"name":"wp","href":"https:\/\/api.w.org\/{rel}","templated":true}]}}