{"id":782,"date":"2016-06-20T16:40:40","date_gmt":"2016-06-20T15:40:40","guid":{"rendered":"http:\/\/habitatconfortplus.com\/?page_id=782"},"modified":"2018-02-18T19:33:48","modified_gmt":"2018-02-18T18:33:48","slug":"isolation-des-murs-par-lexterieur","status":"publish","type":"page","link":"https:\/\/isolationthermiquedunord.com\/index.php\/nos-prestations\/isolation-des-murs-par-lexterieur\/","title":{"rendered":"Isolation des murs par l&rsquo;ext\u00e9rieur"},"content":{"rendered":"<div id=\"pl-782\"  class=\"panel-layout\" ><div id=\"pg-782-0\"  class=\"panel-grid panel-has-style\" ><div class=\"panel-row-style panel-row-style-for-782-0\" ><div id=\"pgc-782-0-0\"  class=\"panel-grid-cell\" ><div id=\"panel-782-0-0-0\" class=\"so-panel widget widget_sow-editor panel-first-child panel-last-child\" data-index=\"0\" ><div class=\"so-widget-sow-editor so-widget-sow-editor-base\">\n<div class=\"siteorigin-widget-tinymce textwidget\">\n\t<h1><strong><span style=\"color: #2eac66;\">Isolation des murs par l'ext\u00e9rieur<br \/>\n <\/span><\/strong><\/h1>\n<p>L'isolation des murs par l'ext\u00e9rieur (ITE) consiste \u00e0 installer la couche isolante sur la face externe de la structure porteuse.<\/p>\n<p>En isolant par l'ext\u00e9rieur, le b\u00e2timent b\u00e9n\u00e9ficie d'une inertie importante, d'une r\u00e9duction tr\u00e8s importante des ponts thermiques et d'une forte r\u00e9duction des risques de condensation.<\/p>\n<p>L'ITE est particuli\u00e8rement int\u00e9ressante car elle permet de ne pas r\u00e9duire la surface habitable, de ne pas avoir de r\u00e9fection des \u00e9quipements int\u00e9rieurs (\u00e9lectricit\u00e9, plomberie, d\u00e9coration, etc.) et d'\u00eatre effectu\u00e9e sans d\u00e9ranger les occupants. En cas de ravalement, l'ITE permet en une seule op\u00e9ration d'isoler et d'embellir la fa\u00e7ade.<\/p>\n<p>Il existe une multitude de finitions, sous forme de bardage (bois, panneaux de bois, C\u00e9dral, etc.) ou sous forme d'enduit \"teint\u00e9 dans la masse\" (une gamme importante de coloris).<\/p>\n<h5><strong>Une prestation compl\u00e8te gr\u00e2ce \u00e0 <span style=\"color: #99cc00;\">Isolation Thermique du Nord<\/span><\/strong> :<\/h5>\n<p><img decoding=\"async\" loading=\"lazy\" class=\"alignleft size-full wp-image-676\" src=\"http:\/\/habitatconfortplus.com\/wp-content\/uploads\/2016\/06\/CASTA9-1280x768.jpg\" alt=\"CASTA9 [1280x768]\" width=\"130\" height=\"130\" \/>- une attention particuli\u00e8re autour des baies vitr\u00e9es,<br \/>\n - la partie enterr\u00e9e du mur isol\u00e9e avec un mat\u00e9riau insensible \u00e0 l'humidit\u00e9,<br \/>\n - le traitement des d\u00e9bords de toit, \u00a0<\/p>\n<p>Isolation des murs par l'ext\u00e9rieur \u00e0 Lille et dans la m\u00e9tropole lilloise : Roubaix, Tourcoing, Armenti\u00e8res, Haubourdin, Villeneuve d'Ascq, Marcq-en-Bar\u0153ul, Lomme, etc.<\/p>\n<\/div>\n<\/div><\/div><\/div><div id=\"pgc-782-0-1\"  class=\"panel-grid-cell\" ><div id=\"panel-782-0-1-0\" class=\"so-panel widget widget_sow-editor panel-first-child\" data-index=\"1\" ><div class=\"so-widget-sow-editor so-widget-sow-editor-base\">\n<div class=\"siteorigin-widget-tinymce textwidget\">\n\t<h5><strong><span style=\"color: #2eac66;\">> Les isolants conseill\u00e9s<\/span><\/strong><\/h5>\n<\/div>\n<\/div><\/div><div id=\"panel-782-0-1-1\" class=\"so-panel widget widget_sow-editor\" data-index=\"2\" ><div class=\"so-widget-sow-editor so-widget-sow-editor-base\">\n<div class=\"siteorigin-widget-tinymce textwidget\">\n\t<h6>Laine de bois<\/h6>\n<p style=\"text-align: left; font-size: 0.7em;\"><a href=\"http:\/\/isolationthermiquedunord.com\/index.php\/les-isolants\/laine-de-bois\/\"><img decoding=\"async\" loading=\"lazy\" class=\"alignleft size-full wp-image-352\" src=\"http:\/\/habitatconfortplus.com\/wp-content\/uploads\/2016\/03\/laine-de-bois-1.jpg\" alt=\"laine de bois\" width=\"70\" height=\"70\" \/><\/a>Avec un face en laine de bois compress\u00e9e permet de poser un enduit ou sous bardage.<\/p>\n<p style=\"text-align: left; font-size: 0.7em;\"><span style=\"color: #36a9e0;\"><em><strong> <a href=\"http:\/\/isolationthermiquedunord.com\/index.php\/les-isolants\/laine-de-bois\/\">En savoir plus ...<\/a><br \/>\n<\/strong><\/em><\/span><\/p>\n<\/div>\n<\/div><\/div><div id=\"panel-782-0-1-2\" class=\"so-panel widget widget_sow-editor panel-last-child\" data-index=\"3\" ><div class=\"so-widget-sow-editor so-widget-sow-editor-base\">\n<div class=\"siteorigin-widget-tinymce textwidget\">\n\t<h6><strong>Laine de roche<\/strong><\/h6>\n<p style=\"text-align: left; font-size: 0.7em;\"><a href=\"http:\/\/isolationthermiquedunord.com\/index.php\/les-isolants\/laine-de-roche-2\/\"><img decoding=\"async\" loading=\"lazy\" class=\"alignleft size-full wp-image-357\" src=\"http:\/\/habitatconfortplus.com\/wp-content\/uploads\/2016\/03\/laine-de-roche.jpg\" alt=\"Laine de roche\" width=\"70\" height=\"70\" \/><\/a>A enduire ou \u00e0 poser sous bardage.<\/p>\n<p style=\"text-align: left; font-size: 0.7em;\"><span style=\"color: #36a9e0;\"><em><strong><a href=\"http:\/\/isolationthermiquedunord.com\/index.php\/les-isolants\/laine-de-roche-2\/\">En savoir plus ...<\/a><br \/>\n<\/strong><\/em><\/span><\/p>\n<\/div>\n<\/div><\/div><\/div><\/div><\/div><\/div>","protected":false},"excerpt":{"rendered":"<p>Isolation des murs par l&rsquo;ext\u00e9rieur L&rsquo;isolation des murs par l&rsquo;ext\u00e9rieur (ITE) consiste \u00e0 installer la couche isolante sur la face externe de la structure porteuse. En isolant par l&rsquo;ext\u00e9rieur, le b\u00e2timent b\u00e9n\u00e9ficie d&rsquo;une inertie importante, d&rsquo;une r\u00e9duction tr\u00e8s importante des ponts thermiques et d&rsquo;une forte r\u00e9duction des risques de condensation. L&rsquo;ITE est particuli\u00e8rement int\u00e9ressante car [&hellip;]<\/p>\n","protected":false},"author":1,"featured_media":0,"parent":613,"menu_order":4,"comment_status":"closed","ping_status":"closed","template":"page-templates\/full-width.php","meta":[],"_links":{"self":[{"href":"https:\/\/isolationthermiquedunord.com\/index.php\/wp-json\/wp\/v2\/pages\/782"}],"collection":[{"href":"https:\/\/isolationthermiquedunord.com\/index.php\/wp-json\/wp\/v2\/pages"}],"about":[{"href":"https:\/\/isolationthermiquedunord.com\/index.php\/wp-json\/wp\/v2\/types\/page"}],"author":[{"embeddable":true,"href":"https:\/\/isolationthermiquedunord.com\/index.php\/wp-json\/wp\/v2\/users\/1"}],"replies":[{"embeddable":true,"href":"https:\/\/isolationthermiquedunord.com\/index.php\/wp-json\/wp\/v2\/comments?post=782"}],"version-history":[{"count":9,"href":"https:\/\/isolationthermiquedunord.com\/index.php\/wp-json\/wp\/v2\/pages\/782\/revisions"}],"predecessor-version":[{"id":993,"href":"https:\/\/isolationthermiquedunord.com\/index.php\/wp-json\/wp\/v2\/pages\/782\/revisions\/993"}],"up":[{"embeddable":true,"href":"https:\/\/isolationthermiquedunord.com\/index.php\/wp-json\/wp\/v2\/pages\/613"}],"wp:attachment":[{"href":"https:\/\/isolationthermiquedunord.com\/index.php\/wp-json\/wp\/v2\/media?parent=782"}],"curies":[{"name":"wp","href":"https:\/\/api.w.org\/{rel}","templated":true}]}}