{"id":793,"date":"2016-06-20T16:44:37","date_gmt":"2016-06-20T15:44:37","guid":{"rendered":"http:\/\/habitatconfortplus.com\/?page_id=793"},"modified":"2018-02-18T19:38:30","modified_gmt":"2018-02-18T18:38:30","slug":"lisolation-des-toitures-par-lexterieur","status":"publish","type":"page","link":"https:\/\/isolationthermiquedunord.com\/index.php\/nos-prestations\/lisolation-des-toitures-par-lexterieur\/","title":{"rendered":"Isolation des toitures par l&rsquo;ext\u00e9rieur"},"content":{"rendered":"<div id=\"pl-793\"  class=\"panel-layout\" ><div id=\"pg-793-0\"  class=\"panel-grid panel-has-style\" ><div class=\"panel-row-style panel-row-style-for-793-0\" ><div id=\"pgc-793-0-0\"  class=\"panel-grid-cell\" ><div id=\"panel-793-0-0-0\" class=\"so-panel widget widget_sow-editor panel-first-child panel-last-child\" data-index=\"0\" ><div class=\"so-widget-sow-editor so-widget-sow-editor-base\">\n<div class=\"siteorigin-widget-tinymce textwidget\">\n\t<h1><strong><span style=\"color: #2eac66;\">Isolation des toitures par l'ext\u00e9rieur (sarking)<br \/>\n <\/span><\/strong><\/h1>\n<p>L'isolation des toitures par l'ext\u00e9rieur (ITE) consiste \u00e0 installer la couche isolante au dessus des chevrons.<\/p>\n<p>En isolant par l'ext\u00e9rieur, on \u00e9vite de toucher au parement int\u00e9rieur et on ne d\u00e9range pas les occupants.<\/p>\n<p>Le sarking est particuli\u00e8rement int\u00e9ressant car il permet de ne pas r\u00e9duire la surface habitable et d'isoler lors d'un remplacement de la toiture. Son efficacit\u00e9 est sup\u00e9rieure \u00e0 une isolation de toiture par l'int\u00e9rieur. Une membrane pare-pluie sera pos\u00e9e de mani\u00e8re \u00e9tanche sur toute la surface de la toiture avant la pose de la couverture.<\/p>\n<p>Dans certains cas, une partie de l'isolant pourra-\u00eatre ins\u00e9r\u00e9e entre les chevrons.<\/p>\n<h5><strong>Une prestation compl\u00e8te gr\u00e2ce \u00e0 <span style=\"color: #99cc00;\">Isolation Thermique du Nord<\/span><\/strong> :<\/h5>\n<p><img decoding=\"async\" loading=\"lazy\" class=\"alignleft size-full wp-image-693\" src=\"http:\/\/habitatconfortplus.com\/wp-content\/uploads\/2016\/06\/VAILLANT6.jpg\" alt=\"VAILLANT6\" width=\"130\" height=\"130\" \/>- une v\u00e9rification de la toiture et son \u00e9ventuel renforcement,<br \/>\n - la pose de fen\u00eatre de toit,<br \/>\n - la pose d'une sous-toiture respirante<br \/>\n - la pose d'une \u00e9tanch\u00e9it\u00e9 au vent et \u00e0 la pluie,<\/p>\n<p>Isolation des toitures par l'ext\u00e9rieur \u00e0 Lille et dans la m\u00e9tropole lilloise : Roubaix, Tourcoing, Armenti\u00e8res, Haubourdin, Villeneuve d'Ascq, Marcq-en-Bar\u0153ul, Lomme, etc.<\/p>\n<\/div>\n<\/div><\/div><\/div><div id=\"pgc-793-0-1\"  class=\"panel-grid-cell\" ><div id=\"panel-793-0-1-0\" class=\"so-panel widget widget_sow-editor panel-first-child\" data-index=\"1\" ><div class=\"so-widget-sow-editor so-widget-sow-editor-base\">\n<div class=\"siteorigin-widget-tinymce textwidget\">\n\t<h5><strong><span style=\"color: #2eac66;\">> Les isolants conseill\u00e9s<\/span><\/strong><\/h5>\n<\/div>\n<\/div><\/div><div id=\"panel-793-0-1-1\" class=\"so-panel widget widget_sow-editor\" data-index=\"2\" ><div class=\"so-widget-sow-editor so-widget-sow-editor-base\">\n<div class=\"siteorigin-widget-tinymce textwidget\">\n\t<h6>Laine de bois<\/h6>\n<p style=\"text-align: left; font-size: 0.7em;\"><a href=\"http:\/\/isolationthermiquedunord.com\/index.php\/les-isolants\/laine-de-bois\/\"><img decoding=\"async\" loading=\"lazy\" class=\"alignleft size-full wp-image-352\" src=\"http:\/\/habitatconfortplus.com\/wp-content\/uploads\/2016\/03\/laine-de-bois-1.jpg\" alt=\"laine de bois\" width=\"70\" height=\"70\" \/><\/a>Laine de bois et laine de bois compress\u00e9e.<\/p>\n<p style=\"text-align: left; font-size: 0.7em;\"><span style=\"color: #36a9e0;\"><em><strong> <a href=\"http:\/\/isolationthermiquedunord.com\/index.php\/les-isolants\/laine-de-bois\/\">En savoir plus ...<\/a><br \/>\n<\/strong><\/em><\/span><\/p>\n<\/div>\n<\/div><\/div><div id=\"panel-793-0-1-2\" class=\"so-panel widget widget_sow-editor panel-last-child\" data-index=\"3\" ><div class=\"so-widget-sow-editor so-widget-sow-editor-base\">\n<div class=\"siteorigin-widget-tinymce textwidget\">\n\t<h6><strong>Laine de roche<\/strong><\/h6>\n<p style=\"text-align: left; font-size: 0.7em;\"><a href=\"http:\/\/isolationthermiquedunord.com\/index.php\/les-isolants\/laine-de-roche-2\/\"><img decoding=\"async\" loading=\"lazy\" class=\"alignleft size-full wp-image-357\" src=\"http:\/\/habitatconfortplus.com\/wp-content\/uploads\/2016\/03\/laine-de-roche.jpg\" alt=\"Laine de roche\" width=\"70\" height=\"70\" \/><\/a>Utilisation de panneaux \u00e0 forte densit\u00e9.<\/p>\n<p style=\"text-align: left; font-size: 0.7em;\"><span style=\"color: #36a9e0;\"><em><strong><a href=\"http:\/\/isolationthermiquedunord.com\/index.php\/les-isolants\/laine-de-roche-2\/\">En savoir plus ...<\/a><br \/>\n<\/strong><\/em><\/span><\/p>\n<\/div>\n<\/div><\/div><\/div><\/div><\/div><\/div>","protected":false},"excerpt":{"rendered":"<p>Isolation des toitures par l&rsquo;ext\u00e9rieur (sarking) L&rsquo;isolation des toitures par l&rsquo;ext\u00e9rieur (ITE) consiste \u00e0 installer la couche isolante au dessus des chevrons. En isolant par l&rsquo;ext\u00e9rieur, on \u00e9vite de toucher au parement int\u00e9rieur et on ne d\u00e9range pas les occupants. Le sarking est particuli\u00e8rement int\u00e9ressant car il permet de ne pas r\u00e9duire la surface habitable [&hellip;]<\/p>\n","protected":false},"author":1,"featured_media":0,"parent":613,"menu_order":6,"comment_status":"closed","ping_status":"closed","template":"page-templates\/full-width.php","meta":[],"_links":{"self":[{"href":"https:\/\/isolationthermiquedunord.com\/index.php\/wp-json\/wp\/v2\/pages\/793"}],"collection":[{"href":"https:\/\/isolationthermiquedunord.com\/index.php\/wp-json\/wp\/v2\/pages"}],"about":[{"href":"https:\/\/isolationthermiquedunord.com\/index.php\/wp-json\/wp\/v2\/types\/page"}],"author":[{"embeddable":true,"href":"https:\/\/isolationthermiquedunord.com\/index.php\/wp-json\/wp\/v2\/users\/1"}],"replies":[{"embeddable":true,"href":"https:\/\/isolationthermiquedunord.com\/index.php\/wp-json\/wp\/v2\/comments?post=793"}],"version-history":[{"count":13,"href":"https:\/\/isolationthermiquedunord.com\/index.php\/wp-json\/wp\/v2\/pages\/793\/revisions"}],"predecessor-version":[{"id":999,"href":"https:\/\/isolationthermiquedunord.com\/index.php\/wp-json\/wp\/v2\/pages\/793\/revisions\/999"}],"up":[{"embeddable":true,"href":"https:\/\/isolationthermiquedunord.com\/index.php\/wp-json\/wp\/v2\/pages\/613"}],"wp:attachment":[{"href":"https:\/\/isolationthermiquedunord.com\/index.php\/wp-json\/wp\/v2\/media?parent=793"}],"curies":[{"name":"wp","href":"https:\/\/api.w.org\/{rel}","templated":true}]}}