{"id":798,"date":"2016-06-20T16:48:15","date_gmt":"2016-06-20T15:48:15","guid":{"rendered":"http:\/\/habitatconfortplus.com\/?page_id=798"},"modified":"2018-02-18T19:43:04","modified_gmt":"2018-02-18T18:43:04","slug":"letancheite-a-lair","status":"publish","type":"page","link":"https:\/\/isolationthermiquedunord.com\/index.php\/nos-prestations\/letancheite-a-lair\/","title":{"rendered":"L&rsquo;\u00e9tanch\u00e9it\u00e9 \u00e0 l&rsquo;air"},"content":{"rendered":"<div id=\"pl-798\"  class=\"panel-layout\" ><div id=\"pg-798-0\"  class=\"panel-grid panel-has-style\" ><div class=\"panel-row-style panel-row-style-for-798-0\" ><div id=\"pgc-798-0-0\"  class=\"panel-grid-cell\" ><div id=\"panel-798-0-0-0\" class=\"so-panel widget widget_sow-editor panel-first-child panel-last-child\" data-index=\"0\" ><div class=\"so-widget-sow-editor so-widget-sow-editor-base\">\n<div class=\"siteorigin-widget-tinymce textwidget\">\n\t<h1><strong><span style=\"color: #2eac66;\">La pose d'une membrane d'\u00e9tanch\u00e9it\u00e9 \u00e0 l'air<br \/>\n <\/span><\/strong><\/h1>\n<p>Il n'y a pas de bonne isolation ni de bonne r\u00e9gulation de l'humidit\u00e9 dans le logement sans la pose d'une membrane d'\u00e9tanch\u00e9it\u00e9.<\/p>\n<p>Non seulement le logement est plus sain mais l'isolant est bien prot\u00e9g\u00e9.<\/p>\n<p>La pose d'une membrane est une op\u00e9ration compliqu\u00e9e qui n\u00e9cessite un v\u00e9ritable savoir faire et o\u00f9 la moindre imperfection p\u00e9nalise le syst\u00e8me complet.<\/p>\n<h5><strong>Une prestation compl\u00e8te gr\u00e2ce \u00e0 <span style=\"color: #99cc00;\">Isolation Thermique du Nord<\/span><\/strong> :<\/h5>\n<p><img decoding=\"async\" loading=\"lazy\" class=\"alignleft size-full wp-image-686\" src=\"http:\/\/habitatconfortplus.com\/wp-content\/uploads\/2016\/06\/Etanch\u00e9it\u00e9.jpg\" alt=\"Etanch\u00e9it\u00e9\" width=\"130\" height=\"130\" \/>- une \u00e9quipe form\u00e9e et dipl\u00f4m\u00e9e par le fournisseur,<br \/>\n - l'utilisation d'adh\u00e9sifs et colles recommand\u00e9s par le fournisseur,<br \/>\n - une large gamme de membranes pour s'adapter \u00e0 votre situation,<\/p>\n<p>Pose de membrane d'\u00e9tanch\u00e9it\u00e9 \u00e0 Lille et dans la m\u00e9tropole lilloise : Roubaix, Tourcoing, Armenti\u00e8res, Haubourdin, Villeneuve d'Ascq, Marcq-en-Bar\u0153ul, Lomme, etc.<\/p>\n<\/div>\n<\/div><\/div><\/div><div id=\"pgc-798-0-1\"  class=\"panel-grid-cell\" ><div id=\"panel-798-0-1-0\" class=\"so-panel widget widget_sow-editor panel-first-child\" data-index=\"1\" ><div class=\"so-widget-sow-editor so-widget-sow-editor-base\">\n<div class=\"siteorigin-widget-tinymce textwidget\">\n\t<h5><strong><span style=\"color: #2eac66;\">> La membrane conseill\u00e9e<\/span><\/strong><\/h5>\n<\/div>\n<\/div><\/div><div id=\"panel-798-0-1-1\" class=\"so-panel widget widget_sow-editor panel-last-child\" data-index=\"2\" ><div class=\"so-widget-sow-editor so-widget-sow-editor-base\">\n<div class=\"siteorigin-widget-tinymce textwidget\">\n\t<h4><strong> Membrane d'\u00e9tanch\u00e9it\u00e9<\/strong><\/h4>\n<p style=\"text-align: left; font-size: 0.7em;\"><a href=\"http:\/\/isolationthermiquedunord.com\/index.php\/les-isolants\/membrane-detancheite-a-lair\/\"><img decoding=\"async\" loading=\"lazy\" class=\"alignleft size-full wp-image-359\" src=\"http:\/\/habitatconfortplus.com\/wp-content\/uploads\/2016\/03\/Membrane.jpg\" alt=\"Membrane\" width=\"70\" height=\"70\" \/><\/a>Permet de contr\u00f4ler la migration de la vapeur d'eau et optimise les performances de l'isolant.<\/p>\n<p style=\"text-align: left; font-size: 0.7em;\"><span style=\"color: #36a9e0;\"><em><strong><a href=\"http:\/\/isolationthermiquedunord.com\/index.php\/les-isolants\/membrane-detancheite-a-lair\/\">En savoir plus ...<\/a><br \/>\n<\/strong><\/em><\/span><\/p>\n<\/div>\n<\/div><\/div><\/div><\/div><\/div><\/div>","protected":false},"excerpt":{"rendered":"<p>La pose d&rsquo;une membrane d&rsquo;\u00e9tanch\u00e9it\u00e9 \u00e0 l&rsquo;air Il n&rsquo;y a pas de bonne isolation ni de bonne r\u00e9gulation de l&rsquo;humidit\u00e9 dans le logement sans la pose d&rsquo;une membrane d&rsquo;\u00e9tanch\u00e9it\u00e9. Non seulement le logement est plus sain mais l&rsquo;isolant est bien prot\u00e9g\u00e9. La pose d&rsquo;une membrane est une op\u00e9ration compliqu\u00e9e qui n\u00e9cessite un v\u00e9ritable savoir faire [&hellip;]<\/p>\n","protected":false},"author":1,"featured_media":0,"parent":613,"menu_order":8,"comment_status":"closed","ping_status":"closed","template":"page-templates\/full-width.php","meta":[],"_links":{"self":[{"href":"https:\/\/isolationthermiquedunord.com\/index.php\/wp-json\/wp\/v2\/pages\/798"}],"collection":[{"href":"https:\/\/isolationthermiquedunord.com\/index.php\/wp-json\/wp\/v2\/pages"}],"about":[{"href":"https:\/\/isolationthermiquedunord.com\/index.php\/wp-json\/wp\/v2\/types\/page"}],"author":[{"embeddable":true,"href":"https:\/\/isolationthermiquedunord.com\/index.php\/wp-json\/wp\/v2\/users\/1"}],"replies":[{"embeddable":true,"href":"https:\/\/isolationthermiquedunord.com\/index.php\/wp-json\/wp\/v2\/comments?post=798"}],"version-history":[{"count":16,"href":"https:\/\/isolationthermiquedunord.com\/index.php\/wp-json\/wp\/v2\/pages\/798\/revisions"}],"predecessor-version":[{"id":1004,"href":"https:\/\/isolationthermiquedunord.com\/index.php\/wp-json\/wp\/v2\/pages\/798\/revisions\/1004"}],"up":[{"embeddable":true,"href":"https:\/\/isolationthermiquedunord.com\/index.php\/wp-json\/wp\/v2\/pages\/613"}],"wp:attachment":[{"href":"https:\/\/isolationthermiquedunord.com\/index.php\/wp-json\/wp\/v2\/media?parent=798"}],"curies":[{"name":"wp","href":"https:\/\/api.w.org\/{rel}","templated":true}]}}