{"id":810,"date":"2016-06-20T16:42:23","date_gmt":"2016-06-20T15:42:23","guid":{"rendered":"http:\/\/habitatconfortplus.com\/?page_id=810"},"modified":"2018-02-18T19:36:45","modified_gmt":"2018-02-18T18:36:45","slug":"isolation-des-toitures-terrasse","status":"publish","type":"page","link":"https:\/\/isolationthermiquedunord.com\/index.php\/nos-prestations\/isolation-des-toitures-terrasse\/","title":{"rendered":"Isolation des toitures terrasse"},"content":{"rendered":"<div id=\"pl-810\"  class=\"panel-layout\" ><div id=\"pg-810-0\"  class=\"panel-grid panel-has-style\" ><div class=\"panel-row-style panel-row-style-for-810-0\" ><div id=\"pgc-810-0-0\"  class=\"panel-grid-cell\" ><div id=\"panel-810-0-0-0\" class=\"so-panel widget widget_sow-editor panel-first-child panel-last-child\" data-index=\"0\" ><div class=\"so-widget-sow-editor so-widget-sow-editor-base\">\n<div class=\"siteorigin-widget-tinymce textwidget\">\n\t<h1><strong><span style=\"color: #2eac66;\">Isolation des toitures<br \/>\n <\/span><\/strong><\/h1>\n<p>Isoler la toiture reste une priorit\u00e9 car c'est la paroi la plus d\u00e9perditive.<\/p>\n<p>L'isolant est pos\u00e9 en deux couches crois\u00e9es dont le premi\u00e8re est entre chevrons. La pose d'une membrane d'\u00e9tanch\u00e9it\u00e9 permet d'am\u00e9liorer les performances de l'isolant.<\/p>\n<h5><strong>La prestation d'<span style=\"color: #99cc00;\">Isolation Thermique du Nord<\/span><\/strong> :<\/h5>\n<p><img decoding=\"async\" loading=\"lazy\" class=\"alignleft size-full wp-image-687\" src=\"http:\/\/habitatconfortplus.com\/wp-content\/uploads\/2016\/06\/Toiture-terrasse.jpg\" alt=\"Toiture terrasse\" width=\"150\" height=\"150\" \/>- la v\u00e9rification de la sous- toiture,<br \/>\n - une pause en 2 couches crois\u00e9es pour limiter les ponts thermiques,<br \/>\n - la pose d'une membrane d'\u00e9tanch\u00e9it\u00e9,<br \/>\n - la possibilit\u00e9 d'installer une fen\u00eatre de toit (Velux par exemple),<\/p>\n<p>Isolation des toitures \u00e0 Lille et dans la m\u00e9tropole lilloise : Armenti\u00e8res, Roubaix, Tourcoing, Villeneuve d'Ascq, Marcq-en-Bar\u0153ul, Lomme, Haubourdin, etc.<\/p>\n<\/div>\n<\/div><\/div><\/div><div id=\"pgc-810-0-1\"  class=\"panel-grid-cell\" ><div id=\"panel-810-0-1-0\" class=\"so-panel widget widget_sow-editor panel-first-child\" data-index=\"1\" ><div class=\"so-widget-sow-editor so-widget-sow-editor-base\">\n<div class=\"siteorigin-widget-tinymce textwidget\">\n\t<h5><strong><span style=\"color: #2eac66;\">> Les isolants conseill\u00e9s<\/span><\/strong><\/h5>\n<\/div>\n<\/div><\/div><div id=\"panel-810-0-1-1\" class=\"so-panel widget widget_sow-editor\" data-index=\"2\" ><div class=\"so-widget-sow-editor so-widget-sow-editor-base\">\n<div class=\"siteorigin-widget-tinymce textwidget\">\n\t<h6>Laine de bois<\/h6>\n<p style=\"text-align: left;font-size: 0.7em;\"><a href=\"http:\/\/isolationthermiquedunord.com\/index.php\/les-isolants\/laine-de-bois\/\"><img decoding=\"async\" loading=\"lazy\" class=\"alignleft size-full wp-image-352\" src=\"http:\/\/habitatconfortplus.com\/wp-content\/uploads\/2016\/03\/laine-de-bois-1.jpg\" alt=\"laine de bois\" width=\"70\" height=\"70\" \/><\/a>A d\u00e9poser sur le sol des combles. Prot\u00e8ge des chaleurs d'\u00e9t\u00e9.<\/p>\n<p style=\"text-align: left;font-size: 0.7em;\"><span style=\"color: #36a9e0;\"><em><strong> <a href=\"http:\/\/isolationthermiquedunord.com\/index.php\/les-isolants\/laine-de-bois\/\">En savoir plus ...<\/a><br \/>\n<\/strong><\/em><\/span><\/p>\n<\/div>\n<\/div><\/div><div id=\"panel-810-0-1-2\" class=\"so-panel widget widget_sow-editor\" data-index=\"3\" ><div class=\"so-widget-sow-editor so-widget-sow-editor-base\">\n<div class=\"siteorigin-widget-tinymce textwidget\">\n\t<h6>Laine de chanvre<\/h6>\n<p style=\"text-align: left; font-size: 0.7em;\"><img decoding=\"async\" loading=\"lazy\" class=\"alignleft size-full wp-image-355\" src=\"http:\/\/isolationthermiquedunord.com\/wp-content\/uploads\/2016\/03\/Chanvre.jpg\" alt=\"Chanvre\" width=\"70\" height=\"70\" \/>Produit naturel, \u00e0 poser en deux couches crois\u00e9es.<\/p>\n<p style=\"text-align: left; font-size: 0.7em;\"><span style=\"color: #36a9e0;\"><em><strong><a href=\"http:\/\/isolationthermiquedunord.com\/index.php\/les-isolants\/chanvre\/\">En savoir plus ...<\/a><\/strong><\/em><\/span><\/p>\n<\/div>\n<\/div><\/div><div id=\"panel-810-0-1-3\" class=\"so-panel widget widget_sow-editor\" data-index=\"4\" ><div class=\"so-widget-sow-editor so-widget-sow-editor-base\">\n<div class=\"siteorigin-widget-tinymce textwidget\">\n\t<h6><strong>Laine de roche<\/strong><\/h6>\n<p style=\"text-align: left;font-size: 0.7em;\"><a href=\"http:\/\/isolationthermiquedunord.com\/index.php\/les-isolants\/laine-de-roche-2\/\"><img decoding=\"async\" loading=\"lazy\" class=\"alignleft size-full wp-image-357\" src=\"http:\/\/habitatconfortplus.com\/wp-content\/uploads\/2016\/03\/laine-de-roche.jpg\" alt=\"Laine de roche\" width=\"70\" height=\"70\" \/><\/a>laine avec une densit\u00e9 \u00e9lev\u00e9e.<\/p>\n<p style=\"text-align: left;font-size: 0.7em;\"><span style=\"color: #36a9e0;\"><em><strong><a href=\"http:\/\/isolationthermiquedunord.com\/index.php\/les-isolants\/laine-de-roche-2\/\">En savoir plus ...<\/a><br \/>\n<\/strong><\/em><\/span><\/p>\n<\/div>\n<\/div><\/div><div id=\"panel-810-0-1-4\" class=\"so-panel widget widget_sow-editor panel-last-child\" data-index=\"5\" ><div class=\"so-widget-sow-editor so-widget-sow-editor-base\">\n<div class=\"siteorigin-widget-tinymce textwidget\">\n\t<h6><strong> Laine de verre<\/strong><\/h6>\n<p style=\"text-align: left;font-size: 0.7em;\"><a href=\"http:\/\/isolationthermiquedunord.com\/index.php\/les-isolants\/laine-de-verre-2\/\"><img decoding=\"async\" loading=\"lazy\" class=\"alignleft size-full wp-image-358\" src=\"http:\/\/habitatconfortplus.com\/wp-content\/uploads\/2016\/03\/Laine-de-verre.jpg\" alt=\"Laine de verre\" width=\"70\" height=\"70\" \/><\/a>Laine avec un lambda le plus faible possible.<\/p>\n<p style=\"text-align: left;font-size: 0.7em;\">\u00a0<span style=\"color: #36a9e0;\"><em><strong><a href=\"http:\/\/isolationthermiquedunord.com\/index.php\/les-isolants\/laine-de-verre-2\/\">En savoir plus ...<\/a><br \/>\n<\/strong><\/em><\/span><\/p>\n<\/div>\n<\/div><\/div><\/div><\/div><\/div><\/div>","protected":false},"excerpt":{"rendered":"<p>Isolation des toitures Isoler la toiture reste une priorit\u00e9 car c&rsquo;est la paroi la plus d\u00e9perditive. L&rsquo;isolant est pos\u00e9 en deux couches crois\u00e9es dont le premi\u00e8re est entre chevrons. La pose d&rsquo;une membrane d&rsquo;\u00e9tanch\u00e9it\u00e9 permet d&rsquo;am\u00e9liorer les performances de l&rsquo;isolant. La prestation d&rsquo;Isolation Thermique du Nord : &#8211; la v\u00e9rification de la sous- toiture, &#8211; [&hellip;]<\/p>\n","protected":false},"author":1,"featured_media":0,"parent":613,"menu_order":5,"comment_status":"closed","ping_status":"closed","template":"page-templates\/full-width.php","meta":[],"_links":{"self":[{"href":"https:\/\/isolationthermiquedunord.com\/index.php\/wp-json\/wp\/v2\/pages\/810"}],"collection":[{"href":"https:\/\/isolationthermiquedunord.com\/index.php\/wp-json\/wp\/v2\/pages"}],"about":[{"href":"https:\/\/isolationthermiquedunord.com\/index.php\/wp-json\/wp\/v2\/types\/page"}],"author":[{"embeddable":true,"href":"https:\/\/isolationthermiquedunord.com\/index.php\/wp-json\/wp\/v2\/users\/1"}],"replies":[{"embeddable":true,"href":"https:\/\/isolationthermiquedunord.com\/index.php\/wp-json\/wp\/v2\/comments?post=810"}],"version-history":[{"count":9,"href":"https:\/\/isolationthermiquedunord.com\/index.php\/wp-json\/wp\/v2\/pages\/810\/revisions"}],"predecessor-version":[{"id":996,"href":"https:\/\/isolationthermiquedunord.com\/index.php\/wp-json\/wp\/v2\/pages\/810\/revisions\/996"}],"up":[{"embeddable":true,"href":"https:\/\/isolationthermiquedunord.com\/index.php\/wp-json\/wp\/v2\/pages\/613"}],"wp:attachment":[{"href":"https:\/\/isolationthermiquedunord.com\/index.php\/wp-json\/wp\/v2\/media?parent=810"}],"curies":[{"name":"wp","href":"https:\/\/api.w.org\/{rel}","templated":true}]}}