{"id":818,"date":"2016-06-20T16:46:35","date_gmt":"2016-06-20T15:46:35","guid":{"rendered":"http:\/\/habitatconfortplus.com\/?page_id=818"},"modified":"2018-02-18T19:41:44","modified_gmt":"2018-02-18T18:41:44","slug":"isolation-des-dalles-et-vide-sanitaire","status":"publish","type":"page","link":"https:\/\/isolationthermiquedunord.com\/index.php\/nos-prestations\/isolation-des-dalles-et-vide-sanitaire\/","title":{"rendered":"Isolation des dalles et vide-sanitaire"},"content":{"rendered":"<div id=\"pl-818\"  class=\"panel-layout\" ><div id=\"pg-818-0\"  class=\"panel-grid panel-has-style\" ><div class=\"panel-row-style panel-row-style-for-818-0\" ><div id=\"pgc-818-0-0\"  class=\"panel-grid-cell\" ><div id=\"panel-818-0-0-0\" class=\"so-panel widget widget_sow-editor panel-first-child panel-last-child\" data-index=\"0\" ><div class=\"so-widget-sow-editor so-widget-sow-editor-base\">\n<div class=\"siteorigin-widget-tinymce textwidget\">\n\t<h1><strong><span style=\"color: #2eac66;\">Isolation des planchers bas, dalles et vide-sanitaire<br \/>\n <\/span><\/strong><\/h1>\n<p>Tous les sols qui donnent sur des pi\u00e8ces non isol\u00e9es ou pi\u00e8ces froides peuvent \u00eatre isol\u00e9s (vide-sanitaire, garage, cave, etc.).<\/p>\n<p>L'isolant peut \u00eatre chevill\u00e9 (polyur\u00e9thane) ou pos\u00e9 sur une structure. Dans ce dernier cas, plusieurs isolants sont possibles : laine de bois, laine de chanvre, laine de roche ou laine de verre.<\/p>\n<h5><strong>La prestation d'<span style=\"color: #99cc00;\">Isolation Thermique du Nord<\/span><\/strong> :<\/h5>\n<p><img decoding=\"async\" loading=\"lazy\" class=\"alignleft size-full wp-image-816\" src=\"http:\/\/habitatconfortplus.com\/wp-content\/uploads\/2016\/06\/Plancher-bas-2.jpg\" alt=\"Plancher bas 2\" width=\"100\" height=\"100\" \/> - un choix d'isolants important,<br \/>\n - une mise en \u0153uvre performante,<br \/>\n - le choix des parements de finition<\/p>\n<p>Isolation des planchers bas \u00e0 Lille et dans la m\u00e9tropole lilloise : Armenti\u00e8res, Roubaix, Tourcoing, Villeneuve d'Ascq, Marcq-en-Bar\u0153ul, Lomme, Haubourdin, etc.<\/p>\n<\/div>\n<\/div><\/div><\/div><div id=\"pgc-818-0-1\"  class=\"panel-grid-cell\" ><div id=\"panel-818-0-1-0\" class=\"so-panel widget widget_sow-editor panel-first-child\" data-index=\"1\" ><div class=\"so-widget-sow-editor so-widget-sow-editor-base\">\n<div class=\"siteorigin-widget-tinymce textwidget\">\n\t<h5><strong><span style=\"color: #2eac66;\">> Les isolants conseill\u00e9s<\/span><\/strong><\/h5>\n<\/div>\n<\/div><\/div><div id=\"panel-818-0-1-1\" class=\"so-panel widget widget_sow-editor\" data-index=\"2\" ><div class=\"so-widget-sow-editor so-widget-sow-editor-base\">\n<div class=\"siteorigin-widget-tinymce textwidget\">\n\t<h6>Laine de bois<\/h6>\n<p style=\"text-align: left; font-size: 0.7em;\"><a href=\"http:\/\/isolationthermiquedunord.com\/index.php\/les-isolants\/laine-de-bois\/\"><img decoding=\"async\" loading=\"lazy\" class=\"alignleft size-full wp-image-352\" src=\"http:\/\/habitatconfortplus.com\/wp-content\/uploads\/2016\/03\/laine-de-bois-1.jpg\" alt=\"laine de bois\" width=\"70\" height=\"70\" \/><\/a>Un isolant performant et naturel.<\/p>\n<p style=\"text-align: left; font-size: 0.7em;\"><span style=\"color: #36a9e0;\"><em><strong> <a href=\"http:\/\/isolationthermiquedunord.com\/index.php\/les-isolants\/laine-de-bois\/\">En savoir plus ...<\/a><br \/>\n<\/strong><\/em><\/span><\/p>\n<\/div>\n<\/div><\/div><div id=\"panel-818-0-1-2\" class=\"so-panel widget widget_sow-editor\" data-index=\"3\" ><div class=\"so-widget-sow-editor so-widget-sow-editor-base\">\n<div class=\"siteorigin-widget-tinymce textwidget\">\n\t<h6>Laine de chanvre<\/h6>\n<p style=\"text-align: left; font-size: 0.7em;\"><img decoding=\"async\" loading=\"lazy\" class=\"alignleft size-full wp-image-355\" src=\"http:\/\/habitatconfortplus.com\/wp-content\/uploads\/2016\/03\/Chanvre.jpg\" alt=\"Chanvre\" width=\"70\" height=\"70\" \/>Produit naturel et performant.<\/p>\n<p style=\"text-align: left; font-size: 0.7em;\"><span style=\"color: #36a9e0;\"><em><strong><a href=\"http:\/\/isolationthermiquedunord.com\/index.php\/les-isolants\/chanvre\/\">En savoir plus ...<\/a><\/strong><\/em><\/span><\/p>\n<\/div>\n<\/div><\/div><div id=\"panel-818-0-1-3\" class=\"so-panel widget widget_sow-editor\" data-index=\"4\" ><div class=\"so-widget-sow-editor so-widget-sow-editor-base\">\n<div class=\"siteorigin-widget-tinymce textwidget\">\n\t<h6><strong>Laine de roche<\/strong><\/h6>\n<p style=\"text-align: left; font-size: 0.7em;\"><a href=\"http:\/\/isolationthermiquedunord.com\/index.php\/les-isolants\/laine-de-roche-2\/\"><img decoding=\"async\" loading=\"lazy\" class=\"alignleft size-full wp-image-357\" src=\"http:\/\/habitatconfortplus.com\/wp-content\/uploads\/2016\/03\/laine-de-roche.jpg\" alt=\"Laine de roche\" width=\"70\" height=\"70\" \/><\/a>Choisir un produit dense.<\/p>\n<p style=\"text-align: left; font-size: 0.7em;\"><span style=\"color: #36a9e0;\"><em><strong><a href=\"http:\/\/isolationthermiquedunord.com\/index.php\/les-isolants\/laine-de-roche-2\/\">En savoir plus ...<\/a><br \/>\n<\/strong><\/em><\/span><\/p>\n<\/div>\n<\/div><\/div><div id=\"panel-818-0-1-4\" class=\"so-panel widget widget_sow-editor\" data-index=\"5\" ><div class=\"so-widget-sow-editor so-widget-sow-editor-base\">\n<div class=\"siteorigin-widget-tinymce textwidget\">\n\t<h6><strong> Laine de verre<\/strong><\/h6>\n<p style=\"text-align: left; font-size: 0.7em;\"><a href=\"http:\/\/isolationthermiquedunord.com\/index.php\/les-isolants\/laine-de-verre-2\/\"><img decoding=\"async\" loading=\"lazy\" class=\"alignleft size-full wp-image-358\" src=\"http:\/\/habitatconfortplus.com\/wp-content\/uploads\/2016\/03\/Laine-de-verre.jpg\" alt=\"Laine de verre\" width=\"70\" height=\"70\" \/><\/a>Choisir un produit \u00e0 lambda faible pour \u00e9viter le tassement.<\/p>\n<p style=\"text-align: left; font-size: 0.7em;\">\u00a0<span style=\"color: #36a9e0;\"><em><strong><a href=\"http:\/\/isolationthermiquedunord.com\/index.php\/les-isolants\/laine-de-verre-2\/\">En savoir plus ...<\/a><br \/>\n<\/strong><\/em><\/span><\/p>\n<\/div>\n<\/div><\/div><div id=\"panel-818-0-1-5\" class=\"so-panel widget widget_sow-editor panel-last-child\" data-index=\"6\" ><div class=\"so-widget-sow-editor so-widget-sow-editor-base\">\n<div class=\"siteorigin-widget-tinymce textwidget\">\n\t<h4><strong> Polyur\u00e9thane<\/strong><\/h4>\n<p style=\"text-align: left; font-size: 0.7em;\"><a href=\"http:\/\/isolationthermiquedunord.com\/index.php\/les-isolants\/polyurethane-2\/\"><img decoding=\"async\" loading=\"lazy\" class=\"alignleft size-full wp-image-363\" src=\"http:\/\/habitatconfortplus.com\/wp-content\/uploads\/2016\/03\/Polyur\u00e9thane.jpg\" alt=\"Polyur\u00e9thane\" width=\"100\" height=\"100\" \/><\/a>Pour l'isolation des dalles, planchers bas et endroits et pi\u00e8ces exigus.<\/p>\n<p style=\"text-align: left; font-size: 0.7em;\"><span style=\"color: #36a9e0;\"><em><strong><a href=\"http:\/\/isolationthermiquedunord.com\/index.php\/les-isolants\/polyurethane-2\/\">En savoir plus ...<\/a><br \/>\n<\/strong><\/em><\/span><\/p>\n<\/div>\n<\/div><\/div><\/div><\/div><\/div><\/div>","protected":false},"excerpt":{"rendered":"<p>Isolation des planchers bas, dalles et vide-sanitaire Tous les sols qui donnent sur des pi\u00e8ces non isol\u00e9es ou pi\u00e8ces froides peuvent \u00eatre isol\u00e9s (vide-sanitaire, garage, cave, etc.). L&rsquo;isolant peut \u00eatre chevill\u00e9 (polyur\u00e9thane) ou pos\u00e9 sur une structure. Dans ce dernier cas, plusieurs isolants sont possibles : laine de bois, laine de chanvre, laine de roche [&hellip;]<\/p>\n","protected":false},"author":1,"featured_media":0,"parent":613,"menu_order":7,"comment_status":"closed","ping_status":"closed","template":"page-templates\/full-width.php","meta":[],"_links":{"self":[{"href":"https:\/\/isolationthermiquedunord.com\/index.php\/wp-json\/wp\/v2\/pages\/818"}],"collection":[{"href":"https:\/\/isolationthermiquedunord.com\/index.php\/wp-json\/wp\/v2\/pages"}],"about":[{"href":"https:\/\/isolationthermiquedunord.com\/index.php\/wp-json\/wp\/v2\/types\/page"}],"author":[{"embeddable":true,"href":"https:\/\/isolationthermiquedunord.com\/index.php\/wp-json\/wp\/v2\/users\/1"}],"replies":[{"embeddable":true,"href":"https:\/\/isolationthermiquedunord.com\/index.php\/wp-json\/wp\/v2\/comments?post=818"}],"version-history":[{"count":12,"href":"https:\/\/isolationthermiquedunord.com\/index.php\/wp-json\/wp\/v2\/pages\/818\/revisions"}],"predecessor-version":[{"id":1002,"href":"https:\/\/isolationthermiquedunord.com\/index.php\/wp-json\/wp\/v2\/pages\/818\/revisions\/1002"}],"up":[{"embeddable":true,"href":"https:\/\/isolationthermiquedunord.com\/index.php\/wp-json\/wp\/v2\/pages\/613"}],"wp:attachment":[{"href":"https:\/\/isolationthermiquedunord.com\/index.php\/wp-json\/wp\/v2\/media?parent=818"}],"curies":[{"name":"wp","href":"https:\/\/api.w.org\/{rel}","templated":true}]}}