{"id":825,"date":"2016-06-20T16:50:01","date_gmt":"2016-06-20T15:50:01","guid":{"rendered":"http:\/\/habitatconfortplus.com\/?page_id=825"},"modified":"2018-02-16T18:04:26","modified_gmt":"2018-02-16T17:04:26","slug":"la-platrerie","status":"publish","type":"page","link":"https:\/\/isolationthermiquedunord.com\/index.php\/nos-prestations\/la-platrerie\/","title":{"rendered":"La pl\u00e2trerie, cloison et enduits"},"content":{"rendered":"<div id=\"pl-825\"  class=\"panel-layout\" ><div id=\"pg-825-0\"  class=\"panel-grid panel-has-style\" ><div class=\"panel-row-style panel-row-style-for-825-0\" ><div id=\"pgc-825-0-0\"  class=\"panel-grid-cell\" ><div id=\"panel-825-0-0-0\" class=\"so-panel widget widget_sow-editor panel-first-child panel-last-child\" data-index=\"0\" ><div class=\"so-widget-sow-editor so-widget-sow-editor-base\">\n<div class=\"siteorigin-widget-tinymce textwidget\">\n\t<h1><strong><span style=\"color: #2eac66;\">Pl\u00e2trerie, cloisons et enduits<br \/>\n <\/span><\/strong><\/h1>\n<p>Nous r\u00e9alisons l'ensemble des travaux de pl\u00e2trerie (murs et plafonds), la cr\u00e9ation de cloisons pour la cr\u00e9ation de nouvelles pi\u00e8ces et des finitions en enduits \u00e0 la terre.<\/p>\n<h5><strong>La prestation d'<span style=\"color: #99cc00;\">Isolation Thermique du Nord<\/span><\/strong> :<\/h5>\n<p><img decoding=\"async\" loading=\"lazy\" class=\"alignleft size-full wp-image-691\" src=\"http:\/\/habitatconfortplus.com\/wp-content\/uploads\/2016\/06\/Pl\u00e2trerie.jpg\" alt=\"Pl\u00e2trerie\" width=\"130\" height=\"130\" \/> - la pl\u00e2trerie standard, hydrofuge (pi\u00e8ces humides) ou de protection contre le feu. Tous nos produits sont labellis\u00e9s NF,<br \/>\n - la cr\u00e9ation de cloisons isol\u00e9es phoniquement et thermiquement,<br \/>\n - la pose de Fermacel en remplacement des plaques de pl\u00e2tres,<br \/>\n - des enduits \u00e0 la terre pour des finitions personnalis\u00e9es.<\/p>\n<p>Travaux de pl\u00e2trerie \u00e0 Lille et dans la m\u00e9tropole lilloise : Armenti\u00e8res, Roubaix, Tourcoing, Villeneuve d'Ascq, Marcq-en-Bar\u0153ul, Lomme, Haubourdin, etc.<\/p>\n<\/div>\n<\/div><\/div><\/div><div id=\"pgc-825-0-1\"  class=\"panel-grid-cell\" ><div id=\"panel-825-0-1-0\" class=\"so-panel widget widget_sow-editor panel-first-child\" data-index=\"1\" ><div class=\"so-widget-sow-editor so-widget-sow-editor-base\">\n<div class=\"siteorigin-widget-tinymce textwidget\">\n\t<h5><strong><span style=\"color: #2eac66;\">> Quelques exemples<\/span><\/strong><\/h5>\n<\/div>\n<\/div><\/div><div id=\"panel-825-0-1-1\" class=\"so-panel widget widget_sow-editor\" data-index=\"2\" ><div class=\"so-widget-sow-editor so-widget-sow-editor-base\">\n<div class=\"siteorigin-widget-tinymce textwidget\">\n\t<h6>La cr\u00e9ation de cloison<\/h6>\n<p style=\"text-align: left; font-size: 0.7em;\"><img decoding=\"async\" loading=\"lazy\" class=\"alignleft size-full wp-image-638\" src=\"http:\/\/habitatconfortplus.com\/wp-content\/uploads\/2016\/05\/LETOUZET9-1280x768.jpg\" alt=\"Cloisons\" width=\"148\" height=\"195\" \/><\/p>\n<p style=\"text-align: left; font-size: 0.7em;\"><span style=\"color: #36a9e0;\"><em><strong><br \/>\n <\/strong><\/em><\/span><\/p>\n<\/div>\n<\/div><\/div><div id=\"panel-825-0-1-2\" class=\"so-panel widget widget_sow-editor\" data-index=\"3\" ><div class=\"so-widget-sow-editor so-widget-sow-editor-base\">\n<div class=\"siteorigin-widget-tinymce textwidget\">\n\t<h6>Plafonds et murs<\/h6>\n<p style=\"text-align: left; font-size: 0.7em;\"><img decoding=\"async\" loading=\"lazy\" class=\"alignleft size-full wp-image-642\" style=\"text-align: left; font-size: 0.7em;\" src=\"http:\/\/habitatconfortplus.com\/wp-content\/uploads\/2016\/05\/RAMEZ10-1280x768.jpg\" alt=\"Plafonds et murs\" width=\"195\" height=\"149\" \/><\/p>\n<\/div>\n<\/div><\/div><div id=\"panel-825-0-1-3\" class=\"so-panel widget widget_sow-editor panel-last-child\" data-index=\"4\" ><div class=\"so-widget-sow-editor so-widget-sow-editor-base\">\n<div class=\"siteorigin-widget-tinymce textwidget\">\n\t<h6>Enduits \u00e0 la terre<\/h6>\n<p style=\"text-align: left; font-size: 0.7em;\"><img decoding=\"async\" loading=\"lazy\" class=\"alignleft size-medium wp-image-828\" src=\"http:\/\/habitatconfortplus.com\/wp-content\/uploads\/2016\/06\/IMG_4153-300x225.jpg\" alt=\"Enduit \u00e0 la terre\" width=\"195\" height=\"150\" \/><\/p>\n<\/div>\n<\/div><\/div><\/div><\/div><\/div><\/div>","protected":false},"excerpt":{"rendered":"<p>Pl\u00e2trerie, cloisons et enduits Nous r\u00e9alisons l&rsquo;ensemble des travaux de pl\u00e2trerie (murs et plafonds), la cr\u00e9ation de cloisons pour la cr\u00e9ation de nouvelles pi\u00e8ces et des finitions en enduits \u00e0 la terre. La prestation d&rsquo;Isolation Thermique du Nord : &#8211; la pl\u00e2trerie standard, hydrofuge (pi\u00e8ces humides) ou de protection contre le feu. Tous nos produits [&hellip;]<\/p>\n","protected":false},"author":1,"featured_media":0,"parent":613,"menu_order":9,"comment_status":"closed","ping_status":"closed","template":"page-templates\/full-width.php","meta":[],"_links":{"self":[{"href":"https:\/\/isolationthermiquedunord.com\/index.php\/wp-json\/wp\/v2\/pages\/825"}],"collection":[{"href":"https:\/\/isolationthermiquedunord.com\/index.php\/wp-json\/wp\/v2\/pages"}],"about":[{"href":"https:\/\/isolationthermiquedunord.com\/index.php\/wp-json\/wp\/v2\/types\/page"}],"author":[{"embeddable":true,"href":"https:\/\/isolationthermiquedunord.com\/index.php\/wp-json\/wp\/v2\/users\/1"}],"replies":[{"embeddable":true,"href":"https:\/\/isolationthermiquedunord.com\/index.php\/wp-json\/wp\/v2\/comments?post=825"}],"version-history":[{"count":7,"href":"https:\/\/isolationthermiquedunord.com\/index.php\/wp-json\/wp\/v2\/pages\/825\/revisions"}],"predecessor-version":[{"id":916,"href":"https:\/\/isolationthermiquedunord.com\/index.php\/wp-json\/wp\/v2\/pages\/825\/revisions\/916"}],"up":[{"embeddable":true,"href":"https:\/\/isolationthermiquedunord.com\/index.php\/wp-json\/wp\/v2\/pages\/613"}],"wp:attachment":[{"href":"https:\/\/isolationthermiquedunord.com\/index.php\/wp-json\/wp\/v2\/media?parent=825"}],"curies":[{"name":"wp","href":"https:\/\/api.w.org\/{rel}","templated":true}]}}