{"id":861,"date":"2016-06-23T10:09:51","date_gmt":"2016-06-23T09:09:51","guid":{"rendered":"http:\/\/habitatconfortplus.com\/?page_id=861"},"modified":"2018-02-16T18:05:59","modified_gmt":"2018-02-16T17:05:59","slug":"la-peinture","status":"publish","type":"page","link":"https:\/\/isolationthermiquedunord.com\/index.php\/nos-prestations\/la-peinture\/","title":{"rendered":"La peinture"},"content":{"rendered":"<div id=\"pl-861\"  class=\"panel-layout\" ><div id=\"pg-861-0\"  class=\"panel-grid panel-has-style\" ><div class=\"panel-row-style panel-row-style-for-861-0\" ><div id=\"pgc-861-0-0\"  class=\"panel-grid-cell\" ><div id=\"panel-861-0-0-0\" class=\"so-panel widget widget_sow-editor panel-first-child panel-last-child\" data-index=\"0\" ><div class=\"so-widget-sow-editor so-widget-sow-editor-base\">\n<div class=\"siteorigin-widget-tinymce textwidget\">\n\t<h1><strong><span style=\"color: #2eac66;\">La peinture<br \/>\n <\/span><\/strong><\/h1>\n<p>Nous r\u00e9alisons l'ensemble des travaux de pr\u00e9paration et de peinture : murs, plafonds et boiseries.<\/p>\n<h5><strong>La prestation d'<span style=\"color: #99cc00;\">Isolation Thermique du Nord<\/span><\/strong> :<\/h5>\n<p><img decoding=\"async\" loading=\"lazy\" class=\"alignleft size-full wp-image-859\" src=\"http:\/\/habitatconfortplus.com\/wp-content\/uploads\/2016\/06\/Rouleau-peinture.png\" alt=\"Rouleau peinture\" width=\"130\" height=\"130\" \/> - un choix de coloris important \u00e0 choisir parmi les plus grands fabricants de peinture,<br \/>\n - la possibilit\u00e9 de choisir des peintures sans COV, \u00a0<\/p>\n<p>Travaux de peinture \u00e0 Lille et dans la m\u00e9tropole lilloise : Armenti\u00e8res, Roubaix, Tourcoing, Villeneuve d'Ascq, Marcq-en-Bar\u0153ul, Lomme, Haubourdin, etc.<\/p>\n<\/div>\n<\/div><\/div><\/div><div id=\"pgc-861-0-1\"  class=\"panel-grid-cell\" ><div id=\"panel-861-0-1-0\" class=\"so-panel widget widget_sow-editor panel-first-child panel-last-child\" data-index=\"1\" ><div class=\"so-widget-sow-editor so-widget-sow-editor-base\">\n<div class=\"siteorigin-widget-tinymce textwidget\">\n\t<\/div>\n<\/div><\/div><\/div><\/div><\/div><\/div>","protected":false},"excerpt":{"rendered":"<p>La peinture Nous r\u00e9alisons l&rsquo;ensemble des travaux de pr\u00e9paration et de peinture : murs, plafonds et boiseries. La prestation d&rsquo;Isolation Thermique du Nord : &#8211; un choix de coloris important \u00e0 choisir parmi les plus grands fabricants de peinture, &#8211; la possibilit\u00e9 de choisir des peintures sans COV, \u00a0 Travaux de peinture \u00e0 Lille et [&hellip;]<\/p>\n","protected":false},"author":1,"featured_media":0,"parent":613,"menu_order":10,"comment_status":"closed","ping_status":"closed","template":"page-templates\/full-width.php","meta":[],"_links":{"self":[{"href":"https:\/\/isolationthermiquedunord.com\/index.php\/wp-json\/wp\/v2\/pages\/861"}],"collection":[{"href":"https:\/\/isolationthermiquedunord.com\/index.php\/wp-json\/wp\/v2\/pages"}],"about":[{"href":"https:\/\/isolationthermiquedunord.com\/index.php\/wp-json\/wp\/v2\/types\/page"}],"author":[{"embeddable":true,"href":"https:\/\/isolationthermiquedunord.com\/index.php\/wp-json\/wp\/v2\/users\/1"}],"replies":[{"embeddable":true,"href":"https:\/\/isolationthermiquedunord.com\/index.php\/wp-json\/wp\/v2\/comments?post=861"}],"version-history":[{"count":3,"href":"https:\/\/isolationthermiquedunord.com\/index.php\/wp-json\/wp\/v2\/pages\/861\/revisions"}],"predecessor-version":[{"id":918,"href":"https:\/\/isolationthermiquedunord.com\/index.php\/wp-json\/wp\/v2\/pages\/861\/revisions\/918"}],"up":[{"embeddable":true,"href":"https:\/\/isolationthermiquedunord.com\/index.php\/wp-json\/wp\/v2\/pages\/613"}],"wp:attachment":[{"href":"https:\/\/isolationthermiquedunord.com\/index.php\/wp-json\/wp\/v2\/media?parent=861"}],"curies":[{"name":"wp","href":"https:\/\/api.w.org\/{rel}","templated":true}]}}